{"id":4516,"date":"2024-10-03T21:49:01","date_gmt":"2024-10-03T21:49:01","guid":{"rendered":"https:\/\/samuelperche.com\/?post_type=product&#038;p=4516"},"modified":"2024-11-26T22:44:22","modified_gmt":"2024-11-26T22:44:22","slug":"konstantinos","status":"publish","type":"product","link":"https:\/\/samuelperche.com\/fr\/produit\/konstantinos\/","title":{"rendered":"Konstantinos"},"content":{"rendered":"<ul>\n<li>Dessin au crayon sur papier, 42 x 29.7 cm, 2017, Ath\u00e8nes.<\/li>\n<li>Cadre en alu bross\u00e9 argent\u00e9, avec passe-partout blanc cass\u00e9, ouverture 5 x 5 cm.<\/li>\n<\/ul>\n","protected":false},"excerpt":{"rendered":"<p><em>Dessin au crayon sur papier, 42 x 29.7 cm, 2017<\/em><\/p>\n","protected":false},"featured_media":3847,"template":"","meta":{"_monsterinsights_skip_tracking":false,"_monsterinsights_sitenote_active":false,"_monsterinsights_sitenote_note":"","_monsterinsights_sitenote_category":0},"product_brand":[],"product_cat":[29],"product_tag":[],"class_list":{"0":"post-4516","1":"product","2":"type-product","3":"status-publish","4":"has-post-thumbnail","6":"product_cat-dessins","8":"first","9":"instock","10":"sold-individually","11":"shipping-taxable","12":"purchasable","13":"product-type-simple"},"yoast_head":"<!-- This site is optimized with the Yoast SEO plugin v27.3 - https:\/\/yoast.com\/product\/yoast-seo-wordpress\/ -->\n<title>Konstantinos &#8211; Samuel Perche<\/title>\n<meta name=\"robots\" content=\"index, follow, max-snippet:-1, max-image-preview:large, max-video-preview:-1\" \/>\n<link rel=\"canonical\" href=\"https:\/\/samuelperche.com\/fr\/produit\/konstantinos\/\" \/>\n<meta property=\"og:locale\" content=\"fr_FR\" \/>\n<meta property=\"og:type\" content=\"article\" \/>\n<meta property=\"og:title\" content=\"Konstantinos &#8211; Samuel Perche\" \/>\n<meta property=\"og:description\" content=\"Dessin au crayon sur papier, 42 x 29.7 cm, 2017\" \/>\n<meta property=\"og:url\" content=\"https:\/\/samuelperche.com\/fr\/produit\/konstantinos\/\" \/>\n<meta property=\"og:site_name\" content=\"Samuel Perche\" \/>\n<meta property=\"article:modified_time\" content=\"2024-11-26T22:44:22+00:00\" \/>\n<meta property=\"og:image\" content=\"https:\/\/samuelperche.com\/wp-content\/uploads\/2024\/09\/Greek-Guy-111-Konstantinos-frame-scaled.jpg\" \/>\n\t<meta property=\"og:image:width\" content=\"2560\" \/>\n\t<meta property=\"og:image:height\" content=\"2560\" \/>\n\t<meta property=\"og:image:type\" content=\"image\/jpeg\" \/>\n<meta name=\"twitter:card\" content=\"summary_large_image\" \/>\n<meta name=\"twitter:label1\" content=\"Dur\u00e9e de lecture estim\u00e9e\" \/>\n\t<meta name=\"twitter:data1\" content=\"1 minute\" \/>\n<script type=\"application\/ld+json\" class=\"yoast-schema-graph\">{\"@context\":\"https:\\\/\\\/schema.org\",\"@graph\":[{\"@type\":\"WebPage\",\"@id\":\"https:\\\/\\\/samuelperche.com\\\/produit\\\/konstantinos\\\/\",\"url\":\"https:\\\/\\\/samuelperche.com\\\/produit\\\/konstantinos\\\/\",\"name\":\"Konstantinos &#8211; Samuel Perche\",\"isPartOf\":{\"@id\":\"https:\\\/\\\/samuelperche.com\\\/#website\"},\"primaryImageOfPage\":{\"@id\":\"https:\\\/\\\/samuelperche.com\\\/produit\\\/konstantinos\\\/#primaryimage\"},\"image\":{\"@id\":\"https:\\\/\\\/samuelperche.com\\\/produit\\\/konstantinos\\\/#primaryimage\"},\"thumbnailUrl\":\"https:\\\/\\\/samuelperche.com\\\/wp-content\\\/uploads\\\/2024\\\/09\\\/Greek-Guy-111-Konstantinos-detail-scaled.jpg\",\"datePublished\":\"2024-10-03T21:49:01+00:00\",\"dateModified\":\"2024-11-26T22:44:22+00:00\",\"breadcrumb\":{\"@id\":\"https:\\\/\\\/samuelperche.com\\\/produit\\\/konstantinos\\\/#breadcrumb\"},\"inLanguage\":\"fr-FR\",\"potentialAction\":[{\"@type\":\"ReadAction\",\"target\":[\"https:\\\/\\\/samuelperche.com\\\/produit\\\/konstantinos\\\/\"]}]},{\"@type\":\"ImageObject\",\"inLanguage\":\"fr-FR\",\"@id\":\"https:\\\/\\\/samuelperche.com\\\/produit\\\/konstantinos\\\/#primaryimage\",\"url\":\"https:\\\/\\\/samuelperche.com\\\/wp-content\\\/uploads\\\/2024\\\/09\\\/Greek-Guy-111-Konstantinos-detail-scaled.jpg\",\"contentUrl\":\"https:\\\/\\\/samuelperche.com\\\/wp-content\\\/uploads\\\/2024\\\/09\\\/Greek-Guy-111-Konstantinos-detail-scaled.jpg\",\"width\":2560,\"height\":2560,\"caption\":\"Konstantinos \\\/ Close Up 1\"},{\"@type\":\"BreadcrumbList\",\"@id\":\"https:\\\/\\\/samuelperche.com\\\/produit\\\/konstantinos\\\/#breadcrumb\",\"itemListElement\":[{\"@type\":\"ListItem\",\"position\":1,\"name\":\"Accueil\",\"item\":\"https:\\\/\\\/samuelperche.com\\\/\"},{\"@type\":\"ListItem\",\"position\":2,\"name\":\"Boutique\",\"item\":\"https:\\\/\\\/samuelperche.com\\\/boutique\\\/\"},{\"@type\":\"ListItem\",\"position\":3,\"name\":\"Konstantinos\"}]},{\"@type\":\"WebSite\",\"@id\":\"https:\\\/\\\/samuelperche.com\\\/#website\",\"url\":\"https:\\\/\\\/samuelperche.com\\\/\",\"name\":\"Samuel Perche\",\"description\":\"Artiste queer\",\"publisher\":{\"@id\":\"https:\\\/\\\/samuelperche.com\\\/#\\\/schema\\\/person\\\/89bf2b3a24aec0e915e96350a12fd09c\"},\"potentialAction\":[{\"@type\":\"SearchAction\",\"target\":{\"@type\":\"EntryPoint\",\"urlTemplate\":\"https:\\\/\\\/samuelperche.com\\\/?s={search_term_string}\"},\"query-input\":{\"@type\":\"PropertyValueSpecification\",\"valueRequired\":true,\"valueName\":\"search_term_string\"}}],\"inLanguage\":\"fr-FR\"},{\"@type\":[\"Person\",\"Organization\"],\"@id\":\"https:\\\/\\\/samuelperche.com\\\/#\\\/schema\\\/person\\\/89bf2b3a24aec0e915e96350a12fd09c\",\"name\":\"Samuel\",\"image\":{\"@type\":\"ImageObject\",\"inLanguage\":\"fr-FR\",\"@id\":\"https:\\\/\\\/samuelperche.com\\\/wp-content\\\/uploads\\\/2024\\\/08\\\/Sam-photo-Profil-copie.jpg\",\"url\":\"https:\\\/\\\/samuelperche.com\\\/wp-content\\\/uploads\\\/2024\\\/08\\\/Sam-photo-Profil-copie.jpg\",\"contentUrl\":\"https:\\\/\\\/samuelperche.com\\\/wp-content\\\/uploads\\\/2024\\\/08\\\/Sam-photo-Profil-copie.jpg\",\"width\":750,\"height\":750,\"caption\":\"Samuel\"},\"logo\":{\"@id\":\"https:\\\/\\\/samuelperche.com\\\/wp-content\\\/uploads\\\/2024\\\/08\\\/Sam-photo-Profil-copie.jpg\"},\"sameAs\":[\"https:\\\/\\\/samuelperche.com\"]}]}<\/script>\n<!-- \/ Yoast SEO plugin. -->","yoast_head_json":{"title":"Konstantinos &#8211; Samuel Perche","robots":{"index":"index","follow":"follow","max-snippet":"max-snippet:-1","max-image-preview":"max-image-preview:large","max-video-preview":"max-video-preview:-1"},"canonical":"https:\/\/samuelperche.com\/fr\/produit\/konstantinos\/","og_locale":"fr_FR","og_type":"article","og_title":"Konstantinos &#8211; Samuel Perche","og_description":"Dessin au crayon sur papier, 42 x 29.7 cm, 2017","og_url":"https:\/\/samuelperche.com\/fr\/produit\/konstantinos\/","og_site_name":"Samuel Perche","article_modified_time":"2024-11-26T22:44:22+00:00","og_image":[{"width":2560,"height":2560,"url":"https:\/\/samuelperche.com\/wp-content\/uploads\/2024\/09\/Greek-Guy-111-Konstantinos-frame-scaled.jpg","type":"image\/jpeg"}],"twitter_card":"summary_large_image","twitter_misc":{"Dur\u00e9e de lecture estim\u00e9e":"1 minute"},"schema":{"@context":"https:\/\/schema.org","@graph":[{"@type":"WebPage","@id":"https:\/\/samuelperche.com\/produit\/konstantinos\/","url":"https:\/\/samuelperche.com\/produit\/konstantinos\/","name":"Konstantinos &#8211; Samuel Perche","isPartOf":{"@id":"https:\/\/samuelperche.com\/#website"},"primaryImageOfPage":{"@id":"https:\/\/samuelperche.com\/produit\/konstantinos\/#primaryimage"},"image":{"@id":"https:\/\/samuelperche.com\/produit\/konstantinos\/#primaryimage"},"thumbnailUrl":"https:\/\/samuelperche.com\/wp-content\/uploads\/2024\/09\/Greek-Guy-111-Konstantinos-detail-scaled.jpg","datePublished":"2024-10-03T21:49:01+00:00","dateModified":"2024-11-26T22:44:22+00:00","breadcrumb":{"@id":"https:\/\/samuelperche.com\/produit\/konstantinos\/#breadcrumb"},"inLanguage":"fr-FR","potentialAction":[{"@type":"ReadAction","target":["https:\/\/samuelperche.com\/produit\/konstantinos\/"]}]},{"@type":"ImageObject","inLanguage":"fr-FR","@id":"https:\/\/samuelperche.com\/produit\/konstantinos\/#primaryimage","url":"https:\/\/samuelperche.com\/wp-content\/uploads\/2024\/09\/Greek-Guy-111-Konstantinos-detail-scaled.jpg","contentUrl":"https:\/\/samuelperche.com\/wp-content\/uploads\/2024\/09\/Greek-Guy-111-Konstantinos-detail-scaled.jpg","width":2560,"height":2560,"caption":"Konstantinos \/ Close Up 1"},{"@type":"BreadcrumbList","@id":"https:\/\/samuelperche.com\/produit\/konstantinos\/#breadcrumb","itemListElement":[{"@type":"ListItem","position":1,"name":"Accueil","item":"https:\/\/samuelperche.com\/"},{"@type":"ListItem","position":2,"name":"Boutique","item":"https:\/\/samuelperche.com\/boutique\/"},{"@type":"ListItem","position":3,"name":"Konstantinos"}]},{"@type":"WebSite","@id":"https:\/\/samuelperche.com\/#website","url":"https:\/\/samuelperche.com\/","name":"Samuel Perche","description":"Artiste queer","publisher":{"@id":"https:\/\/samuelperche.com\/#\/schema\/person\/89bf2b3a24aec0e915e96350a12fd09c"},"potentialAction":[{"@type":"SearchAction","target":{"@type":"EntryPoint","urlTemplate":"https:\/\/samuelperche.com\/?s={search_term_string}"},"query-input":{"@type":"PropertyValueSpecification","valueRequired":true,"valueName":"search_term_string"}}],"inLanguage":"fr-FR"},{"@type":["Person","Organization"],"@id":"https:\/\/samuelperche.com\/#\/schema\/person\/89bf2b3a24aec0e915e96350a12fd09c","name":"Samuel","image":{"@type":"ImageObject","inLanguage":"fr-FR","@id":"https:\/\/samuelperche.com\/wp-content\/uploads\/2024\/08\/Sam-photo-Profil-copie.jpg","url":"https:\/\/samuelperche.com\/wp-content\/uploads\/2024\/08\/Sam-photo-Profil-copie.jpg","contentUrl":"https:\/\/samuelperche.com\/wp-content\/uploads\/2024\/08\/Sam-photo-Profil-copie.jpg","width":750,"height":750,"caption":"Samuel"},"logo":{"@id":"https:\/\/samuelperche.com\/wp-content\/uploads\/2024\/08\/Sam-photo-Profil-copie.jpg"},"sameAs":["https:\/\/samuelperche.com"]}]}},"_links":{"self":[{"href":"https:\/\/samuelperche.com\/fr\/wp-json\/wp\/v2\/product\/4516","targetHints":{"allow":["GET"]}}],"collection":[{"href":"https:\/\/samuelperche.com\/fr\/wp-json\/wp\/v2\/product"}],"about":[{"href":"https:\/\/samuelperche.com\/fr\/wp-json\/wp\/v2\/types\/product"}],"version-history":[{"count":5,"href":"https:\/\/samuelperche.com\/fr\/wp-json\/wp\/v2\/product\/4516\/revisions"}],"predecessor-version":[{"id":5427,"href":"https:\/\/samuelperche.com\/fr\/wp-json\/wp\/v2\/product\/4516\/revisions\/5427"}],"wp:featuredmedia":[{"embeddable":true,"href":"https:\/\/samuelperche.com\/fr\/wp-json\/wp\/v2\/media\/3847"}],"wp:attachment":[{"href":"https:\/\/samuelperche.com\/fr\/wp-json\/wp\/v2\/media?parent=4516"}],"wp:term":[{"taxonomy":"product_brand","embeddable":true,"href":"https:\/\/samuelperche.com\/fr\/wp-json\/wp\/v2\/product_brand?post=4516"},{"taxonomy":"product_cat","embeddable":true,"href":"https:\/\/samuelperche.com\/fr\/wp-json\/wp\/v2\/product_cat?post=4516"},{"taxonomy":"product_tag","embeddable":true,"href":"https:\/\/samuelperche.com\/fr\/wp-json\/wp\/v2\/product_tag?post=4516"}],"curies":[{"name":"wp","href":"https:\/\/api.w.org\/{rel}","templated":true}]}}