{"id":995,"date":"2024-07-18T21:55:10","date_gmt":"2024-07-18T21:55:10","guid":{"rendered":"https:\/\/samuelperche.com\/?page_id=995"},"modified":"2026-03-10T23:41:57","modified_gmt":"2026-03-10T23:41:57","slug":"mentions-legales","status":"publish","type":"page","link":"https:\/\/samuelperche.com\/fr\/mentions-legales\/","title":{"rendered":"Mentions l\u00e9gales &amp; CGV"},"content":{"rendered":"\t\t<div data-elementor-type=\"wp-page\" data-elementor-id=\"995\" class=\"elementor elementor-995\" data-elementor-post-type=\"page\">\n\t\t\t\t<div class=\"elementor-element elementor-element-74226a8 e-flex e-con-boxed e-con e-parent\" data-id=\"74226a8\" data-element_type=\"container\" data-e-type=\"container\" data-settings=\"{&quot;background_background&quot;:&quot;classic&quot;}\">\n\t\t\t\t\t<div class=\"e-con-inner\">\n\t\t\t\t<div class=\"elementor-element elementor-element-fc5cfd5 elementor-widget elementor-widget-heading\" data-id=\"fc5cfd5\" data-element_type=\"widget\" data-e-type=\"widget\" data-widget_type=\"heading.default\">\n\t\t\t\t<div class=\"elementor-widget-container\">\n\t\t\t\t\t<h1 class=\"elementor-heading-title elementor-size-default\">Mentions l\u00e9gales et Conditions G\u00e9n\u00e9rales de Vente<\/h1>\t\t\t\t<\/div>\n\t\t\t\t<\/div>\n\t\t\t\t\t<\/div>\n\t\t\t\t<\/div>\n\t\t<div class=\"elementor-element elementor-element-4abf729 e-flex e-con-boxed e-con e-parent\" data-id=\"4abf729\" data-element_type=\"container\" data-e-type=\"container\">\n\t\t\t\t\t<div class=\"e-con-inner\">\n\t\t\t\t<div class=\"elementor-element elementor-element-b1af034 elementor-widget elementor-widget-heading\" data-id=\"b1af034\" data-element_type=\"widget\" data-e-type=\"widget\" data-widget_type=\"heading.default\">\n\t\t\t\t<div class=\"elementor-widget-container\">\n\t\t\t\t\t<h2 class=\"elementor-heading-title elementor-size-default\">1. Propri\u00e9taire du site internet<\/h2>\t\t\t\t<\/div>\n\t\t\t\t<\/div>\n\t\t\t\t<div class=\"elementor-element elementor-element-e71464c elementor-widget elementor-widget-text-editor\" data-id=\"e71464c\" data-element_type=\"widget\" data-e-type=\"widget\" data-widget_type=\"text-editor.default\">\n\t\t\t\t<div class=\"elementor-widget-container\">\n\t\t\t\t\t\t\t\t\t<div class=\"elementor-element elementor-element-8dc0263 elementor-widget elementor-widget-heading\" data-id=\"8dc0263\" data-element_type=\"widget\" data-widget_type=\"heading.default\"><div class=\"elementor-widget-container\"><span style=\"font-size: 16px;\">Le pr\u00e9sent site \u00ab samuelperche.com \u00bb est la propri\u00e9t\u00e9 de la soci\u00e9t\u00e9 Samuel Perche EI, tous droits r\u00e9serv\u00e9s.<\/span><\/div><div>\u00a0<\/div><\/div><div class=\"elementor-element elementor-element-39648cf elementor-widget elementor-widget-text-editor\" data-id=\"39648cf\" data-element_type=\"widget\" data-widget_type=\"text-editor.default\"><div class=\"elementor-widget-container\"><ul><li style=\"text-align: left;\"><strong>Propri\u00e9taire<\/strong> : Samuel Perche \u2013 EI<\/li><li><strong>Si\u00e8ge social :<\/strong> 23 rue Fran\u00e7ois Lanno, 35700 Rennes<\/li><li style=\"text-align: left;\"><strong>SIRET<\/strong> : 82920860200021<\/li><li style=\"text-align: left;\"><strong>Responsable publication<\/strong> : Samuel Perche<\/li><li style=\"text-align: left;\"><strong>Adresse mail<\/strong> : samuelperche@gmail.com<\/li><li style=\"text-align: left;\"><strong>T\u00e9l\u00e9phone<\/strong> : 07 83 89 83 26<\/li><li style=\"text-align: left;\"><strong>H\u00e9bergeur<\/strong> : HOSTINGER INTERNATIONAL LTD \u2013 61 Lordou Vironos Street, 6023 Larnaca, Chypre<\/li><li><strong>R\u00e9alisation<\/strong> : Elevate &#8211; <a href=\"https:\/\/elevateweb.fr\">elevateweb.fr<\/a><\/li><\/ul><\/div><\/div><div class=\"elementor-element elementor-element-a10e265 elementor-widget elementor-widget-text-editor\" data-id=\"a10e265\" data-element_type=\"widget\" data-widget_type=\"text-editor.default\">\u00a0<\/div>\t\t\t\t\t\t\t\t<\/div>\n\t\t\t\t<\/div>\n\t\t\t\t<div class=\"elementor-element elementor-element-1535d70 elementor-widget elementor-widget-heading\" data-id=\"1535d70\" data-element_type=\"widget\" data-e-type=\"widget\" data-widget_type=\"heading.default\">\n\t\t\t\t<div class=\"elementor-widget-container\">\n\t\t\t\t\t<h2 class=\"elementor-heading-title elementor-size-default\">2. H\u00e9bergement \u2013 S\u00e9curit\u00e9 \u2013 Fonctionnement<\/h2>\t\t\t\t<\/div>\n\t\t\t\t<\/div>\n\t\t\t\t<div class=\"elementor-element elementor-element-e310a3b elementor-widget elementor-widget-text-editor\" data-id=\"e310a3b\" data-element_type=\"widget\" data-e-type=\"widget\" data-widget_type=\"text-editor.default\">\n\t\t\t\t<div class=\"elementor-widget-container\">\n\t\t\t\t\t\t\t\t\t<div class=\"elementor-element elementor-element-8dc0263 elementor-widget elementor-widget-heading\" data-id=\"8dc0263\" data-element_type=\"widget\" data-widget_type=\"heading.default\"><div class=\"elementor-widget-container\">Le site est h\u00e9berg\u00e9 par Hostinger. L\u2019utilisateur du pr\u00e9sent site reconna\u00eet disposer de la comp\u00e9tence, des moyens n\u00e9cessaires pour acc\u00e9der et utiliser ce site et avoir v\u00e9rifi\u00e9 que la configuration informatique utilis\u00e9e ne contient aucun virus et qu\u2019elle est en parfait \u00e9tat de fonctionnement.<\/div><\/div><div class=\"elementor-element elementor-element-429d461 elementor-widget elementor-widget-heading\" data-id=\"429d461\" data-element_type=\"widget\" data-widget_type=\"heading.default\"><div>\u00a0<\/div><div class=\"elementor-widget-container\">L\u2019utilisateur reconna\u00eet avoir \u00e9t\u00e9 inform\u00e9 que le pr\u00e9sent site est accessible 24 heures sur 24 et 7 jours sur 7, \u00e0 l\u2019exception des cas de force majeure, difficult\u00e9s informatiques, difficult\u00e9s li\u00e9es \u00e0 la structure des r\u00e9seaux de communications ou difficult\u00e9s techniques.<\/div><\/div><div class=\"elementor-element elementor-element-ae9f240 elementor-widget elementor-widget-text-editor\" data-id=\"ae9f240\" data-element_type=\"widget\" data-widget_type=\"text-editor.default\"><div class=\"elementor-widget-container\"><p>Le contenu de ce site Internet peut comporter des inexactitudes ou omissions, ce contenu est susceptible d\u2019\u00eatre modifi\u00e9 ou mis \u00e0 jour dans de brefs d\u00e9lais.<\/p><p>Malgr\u00e9 tous les soins apport\u00e9s \u00e0 la r\u00e9alisation de ce site et \u00e0 son actualisation r\u00e9guli\u00e8re, des erreurs peuvent s\u2019\u00eatre gliss\u00e9es dans les informations et\/ou documents pr\u00e9sent\u00e9s. Les informations disponibles dans ce site sont fournies \u00e0 titre indicatif, et sont non contractuelles. A ce titre, Samuel Perche ne saurait supporter aucune demande de d\u00e9dommagement pour pr\u00e9judice direct ou indirect subi par l\u2019internaute \u00e0 la suite de la consultation des informations contenues dans ce site.<\/p><p>Pour des raisons de maintenance, Samuel Perche pourra interrompre le site \u00e0 tout moment. Samuel Perche met tout en \u0153uvre pour offrir aux utilisateurs des informations et outils disponibles et v\u00e9rifi\u00e9s, mais ne saurait \u00eatre tenue pour responsable des erreurs, d\u2019une absence de disponibilit\u00e9 des informations ou de la pr\u00e9sence de virus sur le site \u00ab samuelperche.com \u00bb.<\/p><p><strong>Utilisation des cookies :\u00a0<\/strong>Le site samuelperche.com utilise des cookies pour am\u00e9liorer votre exp\u00e9rience de navigation, mesurer l&rsquo;audience et optimiser les services. Un cookie est un petit fichier stock\u00e9 sur votre appareil lors de la visite du site. Vous avez la possibilit\u00e9 de configurer vos pr\u00e9f\u00e9rences via le bandeau de cookies ou votre navigateur. Certaines fonctionnalit\u00e9s du site peuvent \u00eatre limit\u00e9es en cas de refus.<\/p><\/div><\/div>\t\t\t\t\t\t\t\t<\/div>\n\t\t\t\t<\/div>\n\t\t\t\t<div class=\"elementor-element elementor-element-916d556 elementor-widget elementor-widget-heading\" data-id=\"916d556\" data-element_type=\"widget\" data-e-type=\"widget\" data-widget_type=\"heading.default\">\n\t\t\t\t<div class=\"elementor-widget-container\">\n\t\t\t\t\t<h2 class=\"elementor-heading-title elementor-size-default\">3. Droits de propri\u00e9t\u00e9 intellectuelle<\/h2>\t\t\t\t<\/div>\n\t\t\t\t<\/div>\n\t\t\t\t<div class=\"elementor-element elementor-element-2b1583a elementor-widget elementor-widget-text-editor\" data-id=\"2b1583a\" data-element_type=\"widget\" data-e-type=\"widget\" data-widget_type=\"text-editor.default\">\n\t\t\t\t<div class=\"elementor-widget-container\">\n\t\t\t\t\t\t\t\t\t<div class=\"elementor-element elementor-element-8dc0263 elementor-widget elementor-widget-heading\" data-id=\"8dc0263\" data-element_type=\"widget\" data-widget_type=\"heading.default\"><div class=\"elementor-widget-container\">\u00a0<\/div><\/div><div class=\"elementor-element elementor-element-33a4353 elementor-widget elementor-widget-heading\" data-id=\"33a4353\" data-element_type=\"widget\" data-widget_type=\"heading.default\"><div class=\"elementor-widget-container\"><span style=\"font-size: 16px;\">Tous les textes, commentaires, ouvrages, illustration et images reproduits sur le site \u00ab samuelperche.com \u00bb sont la propri\u00e9t\u00e9 de Samuel Perche et sont soumis aux droits d\u2019auteur et sont reproductibles uniquement \u00e0 usage priv\u00e9. <\/span><\/div><div>\u00a0<\/div><div class=\"elementor-widget-container\"><span style=\"font-size: 16px;\">Les droits reconnus aux auteurs ou aux titulaires de droits voisins par le Code de la Propri\u00e9t\u00e9 Intellectuelle sont r\u00e9serv\u00e9s.<\/span><\/div><div>\u00a0<\/div><\/div><div class=\"elementor-element elementor-element-a10e265 elementor-widget elementor-widget-text-editor\" data-id=\"a10e265\" data-element_type=\"widget\" data-widget_type=\"text-editor.default\"><div class=\"elementor-widget-container\">L\u2019ensemble de ce site rel\u00e8ve de la l\u00e9gislation fran\u00e7aise et internationale sur le droit d\u2019auteur et la propri\u00e9t\u00e9 intellectuelle.<\/div><div>\u00a0<\/div><div class=\"elementor-widget-container\">Il en est de m\u00eame des bases de donn\u00e9es figurant sur le site web, qui sont prot\u00e9g\u00e9es par les dispositions de la loi du 1er juillet 1998 portant transposition dans le Code de la propri\u00e9t\u00e9 intellectuelle (article L112-3) de la directive europ\u00e9enne du 11 mars 1996 relative \u00e0 la protection juridique des bases de donn\u00e9es, et dont Samuel Perche est producteur.<\/div><\/div>\t\t\t\t\t\t\t\t<\/div>\n\t\t\t\t<\/div>\n\t\t\t\t<div class=\"elementor-element elementor-element-36eeede elementor-widget elementor-widget-heading\" data-id=\"36eeede\" data-element_type=\"widget\" data-e-type=\"widget\" data-widget_type=\"heading.default\">\n\t\t\t\t<div class=\"elementor-widget-container\">\n\t\t\t\t\t<h2 class=\"elementor-heading-title elementor-size-default\">4. Conditions g\u00e9n\u00e9rales de vente<\/h2>\t\t\t\t<\/div>\n\t\t\t\t<\/div>\n\t\t\t\t<div class=\"elementor-element elementor-element-0786778 elementor-widget elementor-widget-text-editor\" data-id=\"0786778\" data-element_type=\"widget\" data-e-type=\"widget\" data-widget_type=\"text-editor.default\">\n\t\t\t\t<div class=\"elementor-widget-container\">\n\t\t\t\t\t\t\t\t\t<div class=\"elementor-element elementor-element-8dc0263 elementor-widget elementor-widget-heading\" data-id=\"8dc0263\" data-element_type=\"widget\" data-widget_type=\"heading.default\"><div class=\"elementor-widget-container\"><ul><li><strong>Objet :<\/strong> Les pr\u00e9sentes conditions g\u00e9n\u00e9rales r\u00e9gissent la vente d&rsquo;\u0153uvres d&rsquo;art (peintures, dessins) sur le site <a href=\"https:\/\/samuelperche.com\/\">samuelperche.com<\/a>. En passant commande, vous acceptez sans r\u00e9serve les pr\u00e9sentes CGV.<\/li><li><strong>Produits :<\/strong> Les \u0153uvres propos\u00e9es sont d\u00e9crites et pr\u00e9sent\u00e9es avec la plus grande exactitude possible. Toutefois, de l\u00e9g\u00e8res variations peuvent exister entre les images et les \u0153uvres r\u00e9elles.<\/li><li><strong>Prix :<\/strong> Les prix sont indiqu\u00e9s en euros (\u20ac), toutes taxes comprises (TTC). Les frais de livraison sont pr\u00e9cis\u00e9s lors de la commande.<\/li><li><strong> Commande :<\/strong> Pour passer commande, le client doit effectuer un achat en tant qu&rsquo;invit\u00e9. La commande est valid\u00e9e une fois le paiement accept\u00e9.<\/li><li><strong>Paiement :<\/strong> Les paiements sont effectu\u00e9s via des plateformes s\u00e9curis\u00e9es. Les moyens de paiement accept\u00e9s sont les cartes bancaires et les virements.<\/li><li><strong>Livraison :<\/strong> Les \u0153uvres sont livr\u00e9es \u00e0 l&rsquo;adresse indiqu\u00e9e lors de la commande. Les d\u00e9lais de livraison varient selon le pays et le transporteur s\u00e9lectionn\u00e9.<\/li><li><strong>Droit de r\u00e9tractation :<\/strong> Conform\u00e9ment \u00e0 la loi, vous disposez d&rsquo;un d\u00e9lai de 14 jours \u00e0 compter de la r\u00e9ception de l&rsquo;\u0153uvre pour exercer votre droit de r\u00e9tractation sans avoir \u00e0 justifier de motifs ni \u00e0 payer de p\u00e9nalit\u00e9s.<\/li><li><strong>Remboursement :<\/strong> En cas de r\u00e9tractation, le remboursement sera effectu\u00e9 dans un d\u00e9lai de 14 jours suivant la r\u00e9ception de l&rsquo;\u0153uvre retourn\u00e9e. Les frais de retour sont \u00e0 la charge du client.<\/li><li><strong>Responsabilit\u00e9 :<\/strong> Le vendeur ne saurait \u00eatre tenu pour responsable des dommages indirects r\u00e9sultant de l&rsquo;achat ou de l\u2019utilisation des \u0153uvres.<\/li><li><strong>Litiges :<\/strong> Les pr\u00e9sentes CGV sont soumises au droit fran\u00e7ais. En cas de litige, une solution amiable sera privil\u00e9gi\u00e9e avant tout recours judiciaire.<\/li><\/ul><\/div><\/div>\t\t\t\t\t\t\t\t<\/div>\n\t\t\t\t<\/div>\n\t\t\t\t\t<\/div>\n\t\t\t\t<\/div>\n\t\t\t\t<\/div>\n\t\t","protected":false},"excerpt":{"rendered":"<p>Mentions l\u00e9gales et Conditions G\u00e9n\u00e9rales de Vente 1. Propri\u00e9taire du site internet Le pr\u00e9sent site \u00ab samuelperche.com \u00bb est la propri\u00e9t\u00e9 de la soci\u00e9t\u00e9 Samuel Perche EI, tous droits r\u00e9serv\u00e9s.\u00a0 Propri\u00e9taire : Samuel Perche \u2013 EI Si\u00e8ge social : 23 rue Fran\u00e7ois Lanno, 35700 Rennes SIRET : 82920860200021 Responsable publication : Samuel Perche Adresse mail [&hellip;]<\/p>\n","protected":false},"author":1,"featured_media":0,"parent":0,"menu_order":0,"comment_status":"closed","ping_status":"closed","template":"","meta":{"_monsterinsights_skip_tracking":false,"_monsterinsights_sitenote_active":false,"_monsterinsights_sitenote_note":"","_monsterinsights_sitenote_category":0,"footnotes":""},"class_list":["post-995","page","type-page","status-publish","hentry"],"yoast_head":"<!-- This site is optimized with the Yoast SEO plugin v27.3 - https:\/\/yoast.com\/product\/yoast-seo-wordpress\/ -->\n<title>Mentions l\u00e9gales &amp; CGV &#8211; Samuel Perche<\/title>\n<meta name=\"description\" content=\"Mentions l\u00e9gales. Samuel Perche, artiste peintre contemporain. Artiste homosexuel queer et militant LGBTQIA+\" \/>\n<meta name=\"robots\" content=\"noindex, follow\" \/>\n<meta property=\"og:locale\" content=\"fr_FR\" \/>\n<meta property=\"og:type\" content=\"article\" \/>\n<meta property=\"og:title\" content=\"Mentions l\u00e9gales &amp; CGV &#8211; Samuel Perche\" \/>\n<meta property=\"og:description\" content=\"Mentions l\u00e9gales. Samuel Perche, artiste peintre contemporain. Artiste homosexuel queer et militant LGBTQIA+\" \/>\n<meta property=\"og:url\" content=\"https:\/\/samuelperche.com\/fr\/mentions-legales\/\" \/>\n<meta property=\"og:site_name\" content=\"Samuel Perche\" \/>\n<meta property=\"article:modified_time\" content=\"2026-03-10T23:41:57+00:00\" \/>\n<meta property=\"og:image\" content=\"https:\/\/samuelperche.com\/wp-content\/uploads\/2024\/09\/cropped-Logo-SamuelPerche.png\" \/>\n\t<meta property=\"og:image:width\" content=\"769\" \/>\n\t<meta property=\"og:image:height\" content=\"217\" \/>\n\t<meta property=\"og:image:type\" content=\"image\/png\" \/>\n<meta name=\"twitter:card\" content=\"summary_large_image\" \/>\n<meta name=\"twitter:label1\" content=\"Dur\u00e9e de lecture estim\u00e9e\" \/>\n\t<meta name=\"twitter:data1\" content=\"8 minutes\" \/>\n<script type=\"application\/ld+json\" class=\"yoast-schema-graph\">{\"@context\":\"https:\\\/\\\/schema.org\",\"@graph\":[{\"@type\":\"WebPage\",\"@id\":\"https:\\\/\\\/samuelperche.com\\\/mentions-legales\\\/\",\"url\":\"https:\\\/\\\/samuelperche.com\\\/mentions-legales\\\/\",\"name\":\"Mentions l\u00e9gales &amp; CGV &#8211; Samuel Perche\",\"isPartOf\":{\"@id\":\"https:\\\/\\\/samuelperche.com\\\/#website\"},\"datePublished\":\"2024-07-18T21:55:10+00:00\",\"dateModified\":\"2026-03-10T23:41:57+00:00\",\"description\":\"Mentions l\u00e9gales. Samuel Perche, artiste peintre contemporain. Artiste homosexuel queer et militant LGBTQIA+\",\"breadcrumb\":{\"@id\":\"https:\\\/\\\/samuelperche.com\\\/mentions-legales\\\/#breadcrumb\"},\"inLanguage\":\"fr-FR\",\"potentialAction\":[{\"@type\":\"ReadAction\",\"target\":[\"https:\\\/\\\/samuelperche.com\\\/mentions-legales\\\/\"]}]},{\"@type\":\"BreadcrumbList\",\"@id\":\"https:\\\/\\\/samuelperche.com\\\/mentions-legales\\\/#breadcrumb\",\"itemListElement\":[{\"@type\":\"ListItem\",\"position\":1,\"name\":\"Accueil\",\"item\":\"https:\\\/\\\/samuelperche.com\\\/\"},{\"@type\":\"ListItem\",\"position\":2,\"name\":\"Mentions l\u00e9gales &amp; CGV\"}]},{\"@type\":\"WebSite\",\"@id\":\"https:\\\/\\\/samuelperche.com\\\/#website\",\"url\":\"https:\\\/\\\/samuelperche.com\\\/\",\"name\":\"Samuel Perche\",\"description\":\"Artiste queer\",\"publisher\":{\"@id\":\"https:\\\/\\\/samuelperche.com\\\/#\\\/schema\\\/person\\\/89bf2b3a24aec0e915e96350a12fd09c\"},\"potentialAction\":[{\"@type\":\"SearchAction\",\"target\":{\"@type\":\"EntryPoint\",\"urlTemplate\":\"https:\\\/\\\/samuelperche.com\\\/?s={search_term_string}\"},\"query-input\":{\"@type\":\"PropertyValueSpecification\",\"valueRequired\":true,\"valueName\":\"search_term_string\"}}],\"inLanguage\":\"fr-FR\"},{\"@type\":[\"Person\",\"Organization\"],\"@id\":\"https:\\\/\\\/samuelperche.com\\\/#\\\/schema\\\/person\\\/89bf2b3a24aec0e915e96350a12fd09c\",\"name\":\"Samuel\",\"image\":{\"@type\":\"ImageObject\",\"inLanguage\":\"fr-FR\",\"@id\":\"https:\\\/\\\/samuelperche.com\\\/wp-content\\\/uploads\\\/2024\\\/08\\\/Sam-photo-Profil-copie.jpg\",\"url\":\"https:\\\/\\\/samuelperche.com\\\/wp-content\\\/uploads\\\/2024\\\/08\\\/Sam-photo-Profil-copie.jpg\",\"contentUrl\":\"https:\\\/\\\/samuelperche.com\\\/wp-content\\\/uploads\\\/2024\\\/08\\\/Sam-photo-Profil-copie.jpg\",\"width\":750,\"height\":750,\"caption\":\"Samuel\"},\"logo\":{\"@id\":\"https:\\\/\\\/samuelperche.com\\\/wp-content\\\/uploads\\\/2024\\\/08\\\/Sam-photo-Profil-copie.jpg\"},\"sameAs\":[\"https:\\\/\\\/samuelperche.com\"]}]}<\/script>\n<!-- \/ Yoast SEO plugin. -->","yoast_head_json":{"title":"Mentions l\u00e9gales &amp; CGV &#8211; Samuel Perche","description":"Mentions l\u00e9gales. Samuel Perche, artiste peintre contemporain. Artiste homosexuel queer et militant LGBTQIA+","robots":{"index":"noindex","follow":"follow"},"og_locale":"fr_FR","og_type":"article","og_title":"Mentions l\u00e9gales &amp; CGV &#8211; Samuel Perche","og_description":"Mentions l\u00e9gales. Samuel Perche, artiste peintre contemporain. Artiste homosexuel queer et militant LGBTQIA+","og_url":"https:\/\/samuelperche.com\/fr\/mentions-legales\/","og_site_name":"Samuel Perche","article_modified_time":"2026-03-10T23:41:57+00:00","og_image":[{"width":769,"height":217,"url":"https:\/\/samuelperche.com\/wp-content\/uploads\/2024\/09\/cropped-Logo-SamuelPerche.png","type":"image\/png"}],"twitter_card":"summary_large_image","twitter_misc":{"Dur\u00e9e de lecture estim\u00e9e":"8 minutes"},"schema":{"@context":"https:\/\/schema.org","@graph":[{"@type":"WebPage","@id":"https:\/\/samuelperche.com\/mentions-legales\/","url":"https:\/\/samuelperche.com\/mentions-legales\/","name":"Mentions l\u00e9gales &amp; CGV &#8211; Samuel Perche","isPartOf":{"@id":"https:\/\/samuelperche.com\/#website"},"datePublished":"2024-07-18T21:55:10+00:00","dateModified":"2026-03-10T23:41:57+00:00","description":"Mentions l\u00e9gales. Samuel Perche, artiste peintre contemporain. Artiste homosexuel queer et militant LGBTQIA+","breadcrumb":{"@id":"https:\/\/samuelperche.com\/mentions-legales\/#breadcrumb"},"inLanguage":"fr-FR","potentialAction":[{"@type":"ReadAction","target":["https:\/\/samuelperche.com\/mentions-legales\/"]}]},{"@type":"BreadcrumbList","@id":"https:\/\/samuelperche.com\/mentions-legales\/#breadcrumb","itemListElement":[{"@type":"ListItem","position":1,"name":"Accueil","item":"https:\/\/samuelperche.com\/"},{"@type":"ListItem","position":2,"name":"Mentions l\u00e9gales &amp; CGV"}]},{"@type":"WebSite","@id":"https:\/\/samuelperche.com\/#website","url":"https:\/\/samuelperche.com\/","name":"Samuel Perche","description":"Artiste queer","publisher":{"@id":"https:\/\/samuelperche.com\/#\/schema\/person\/89bf2b3a24aec0e915e96350a12fd09c"},"potentialAction":[{"@type":"SearchAction","target":{"@type":"EntryPoint","urlTemplate":"https:\/\/samuelperche.com\/?s={search_term_string}"},"query-input":{"@type":"PropertyValueSpecification","valueRequired":true,"valueName":"search_term_string"}}],"inLanguage":"fr-FR"},{"@type":["Person","Organization"],"@id":"https:\/\/samuelperche.com\/#\/schema\/person\/89bf2b3a24aec0e915e96350a12fd09c","name":"Samuel","image":{"@type":"ImageObject","inLanguage":"fr-FR","@id":"https:\/\/samuelperche.com\/wp-content\/uploads\/2024\/08\/Sam-photo-Profil-copie.jpg","url":"https:\/\/samuelperche.com\/wp-content\/uploads\/2024\/08\/Sam-photo-Profil-copie.jpg","contentUrl":"https:\/\/samuelperche.com\/wp-content\/uploads\/2024\/08\/Sam-photo-Profil-copie.jpg","width":750,"height":750,"caption":"Samuel"},"logo":{"@id":"https:\/\/samuelperche.com\/wp-content\/uploads\/2024\/08\/Sam-photo-Profil-copie.jpg"},"sameAs":["https:\/\/samuelperche.com"]}]}},"_links":{"self":[{"href":"https:\/\/samuelperche.com\/fr\/wp-json\/wp\/v2\/pages\/995","targetHints":{"allow":["GET"]}}],"collection":[{"href":"https:\/\/samuelperche.com\/fr\/wp-json\/wp\/v2\/pages"}],"about":[{"href":"https:\/\/samuelperche.com\/fr\/wp-json\/wp\/v2\/types\/page"}],"author":[{"embeddable":true,"href":"https:\/\/samuelperche.com\/fr\/wp-json\/wp\/v2\/users\/1"}],"replies":[{"embeddable":true,"href":"https:\/\/samuelperche.com\/fr\/wp-json\/wp\/v2\/comments?post=995"}],"version-history":[{"count":71,"href":"https:\/\/samuelperche.com\/fr\/wp-json\/wp\/v2\/pages\/995\/revisions"}],"predecessor-version":[{"id":6211,"href":"https:\/\/samuelperche.com\/fr\/wp-json\/wp\/v2\/pages\/995\/revisions\/6211"}],"wp:attachment":[{"href":"https:\/\/samuelperche.com\/fr\/wp-json\/wp\/v2\/media?parent=995"}],"curies":[{"name":"wp","href":"https:\/\/api.w.org\/{rel}","templated":true}]}}