{"id":6657,"date":"2026-04-03T16:05:14","date_gmt":"2026-04-03T16:05:14","guid":{"rendered":"https:\/\/samuelperche.com\/?page_id=6657"},"modified":"2026-04-03T16:14:29","modified_gmt":"2026-04-03T16:14:29","slug":"no%c2%b7man%c2%b7men","status":"publish","type":"page","link":"https:\/\/samuelperche.com\/fr\/no%c2%b7man%c2%b7men\/","title":{"rendered":"NO\u00b7MAN\u00b7MEN"},"content":{"rendered":"\t\t<div data-elementor-type=\"wp-page\" data-elementor-id=\"6657\" class=\"elementor elementor-6657\" data-elementor-post-type=\"page\">\n\t\t\t\t<div class=\"elementor-element elementor-element-872cd8f e-flex e-con-boxed e-con e-parent\" data-id=\"872cd8f\" data-element_type=\"container\" data-e-type=\"container\">\n\t\t\t\t\t<div class=\"e-con-inner\">\n\t\t\t\t<div class=\"elementor-element elementor-element-fefe8bf elementor-widget elementor-widget-heading\" data-id=\"fefe8bf\" data-element_type=\"widget\" data-e-type=\"widget\" data-widget_type=\"heading.default\">\n\t\t\t\t<div class=\"elementor-widget-container\">\n\t\t\t\t\t<h1 class=\"elementor-heading-title elementor-size-default\">NO\u00b7MAN\u00b7MEN<\/h1>\t\t\t\t<\/div>\n\t\t\t\t<\/div>\n\t\t\t\t<div class=\"elementor-element elementor-element-1b0080c elementor-widget elementor-widget-heading\" data-id=\"1b0080c\" data-element_type=\"widget\" data-e-type=\"widget\" data-widget_type=\"heading.default\">\n\t\t\t\t<div class=\"elementor-widget-container\">\n\t\t\t\t\t<h1 class=\"elementor-heading-title elementor-size-default\">2020\/2025<\/h1>\t\t\t\t<\/div>\n\t\t\t\t<\/div>\n\t\t\t\t\t<\/div>\n\t\t\t\t<\/div>\n\t\t<div class=\"elementor-element elementor-element-bd259d4 e-flex e-con-boxed e-con e-parent\" data-id=\"bd259d4\" data-element_type=\"container\" data-e-type=\"container\">\n\t\t\t\t\t<div class=\"e-con-inner\">\n\t\t\t\t<div class=\"elementor-element elementor-element-f259a8f elementor-widget elementor-widget-text-editor\" data-id=\"f259a8f\" data-element_type=\"widget\" data-e-type=\"widget\" data-widget_type=\"text-editor.default\">\n\t\t\t\t<div class=\"elementor-widget-container\">\n\t\t\t\t\t\t\t\t\t<p>Depuis 2020, depuis l\u2019\u00eele de La R\u00e9union, la s\u00e9rie de peintures NO\u00b7MAN\u00b7MEN explore une morphologie du masculin et s\u2019attaque au mythe du m\u00e2le triomphant et conqu\u00e9rant. \u00c0 la fronti\u00e8re du fantasme, du r\u00e9el, de l\u2019esth\u00e9tique et du politique, les peintures sont pens\u00e9es comme des sculptures ou des images d\u00e9faillantes, issues de photographies rat\u00e9es, de fragments visuels intimes, parfois dissimul\u00e9s sur l\u2019\u00e9cran d\u2019un t\u00e9l\u00e9phone : des images marginales circulant hors des cadres dominants de l\u00e9gitimation.<\/p><p>En la regenrant, la formule de Monique Wittig devient <em><sup>\u00ab<\/sup><\/em><em>les gays ne sont pas des hommes.<\/em><em><sup>\u00bb<\/sup><\/em> Il s\u2019agit de rappeler que cette \u201ccat\u00e9gorie\u201c est une construction politique situ\u00e9e est excluante pour certain d\u2019entre nous qui y sommes rattach\u00e9s.<\/p><p>Comme l\u2019analyse Josch Hoenes, certaines images normatives de la masculinit\u00e9 \u2014 notamment la figure du bodybuilder \u2014 peuvent produire des identifications <em><sup>\u00ab<\/sup><\/em><em>positives<\/em><em><sup>\u00bb<\/sup><\/em><sup>1<\/sup> en rendant des subjectivit\u00e9s marginalis\u00e9es socialement lisibles.<\/p><p>Le corps raconte alors une autre mani\u00e8re de vivre, proche de la <em><sup>\u00ab<\/sup><\/em><em>totale libert\u00e9<\/em><em><sup>\u00bb<\/sup><\/em> et de la dimension physique et po\u00e9tique de l\u2019existence revendiqu\u00e9e par Pasolini ou photographi\u00e9e par Mapplethorpe. Le corps p\u00e9d\u00e9 devient sujet, il cr\u00e9e <em><sup>\u00ab<\/sup><\/em><em>un autre r\u00e9el o\u00f9 l\u2019encul\u00e9 prend le pouvoir en rempla\u00e7ant l\u2019objet phobique imaginaire par son double esth\u00e9tique.<\/em><em><sup>\u00bb<\/sup><\/em> <sup>2<\/sup><\/p>\t\t\t\t\t\t\t\t<\/div>\n\t\t\t\t<\/div>\n\t\t\t\t<div class=\"elementor-element elementor-element-cd8d1e9 elementor-widget elementor-widget-text-editor\" data-id=\"cd8d1e9\" data-element_type=\"widget\" data-e-type=\"widget\" data-widget_type=\"text-editor.default\">\n\t\t\t\t<div class=\"elementor-widget-container\">\n\t\t\t\t\t\t\t\t\t<p><sup>1<\/sup> Josch Hoenes, <em>Cahier du Genre, Body Images and Formations of Trans Men, <\/em>Universit\u00e9 Carl von Ossietzky d\u2019Oldenburg, 2014 :<em> \u00abL\u2019inscription dans une norme masculine reconnaissable &#8211; notamment \u00e0 travers la figure du bodybuilder &#8211; peut produire des formes d\u2019identification dites \u201cpositives\u201c pour certaines subjectivit\u00e9s transgenres, en rendant leurs existences socialement lisibles et donc vivables.Toutefois, cette lisibilit\u00e9 repose sur l\u2019adh\u00e9sion \u00e0 un id\u00e9al historiquement situ\u00e9 :<\/em><em> celui de la masculinit\u00e9 blanche, jeune, saine, disciplin\u00e9e, construite contre le f\u00e9minin et la vuln\u00e9rabilit\u00e9.<\/em><em>\u00bb<\/em><\/p><p><sup>2<\/sup> Isabelle Alfonsi, <em>Pour une esth\u00e9tique de l\u2019\u00e9mancipation: construire les lign\u00e9es d\u2019un art queer, <\/em>B42, 2019<\/p>\t\t\t\t\t\t\t\t<\/div>\n\t\t\t\t<\/div>\n\t\t\t\t\t<\/div>\n\t\t\t\t<\/div>\n\t\t<div class=\"elementor-element elementor-element-5d08c3e e-flex e-con-boxed e-con e-parent\" data-id=\"5d08c3e\" data-element_type=\"container\" data-e-type=\"container\">\n\t\t\t\t\t<div class=\"e-con-inner\">\n\t\t\t\t\t<\/div>\n\t\t\t\t<\/div>\n\t\t\t\t<\/div>\n\t\t","protected":false},"excerpt":{"rendered":"<p>NO\u00b7MAN\u00b7MEN 2020\/2025 Depuis 2020, depuis l\u2019\u00eele de La R\u00e9union, la s\u00e9rie de peintures NO\u00b7MAN\u00b7MEN explore une morphologie du masculin et s\u2019attaque au mythe du m\u00e2le triomphant et conqu\u00e9rant. \u00c0 la fronti\u00e8re du fantasme, du r\u00e9el, de l\u2019esth\u00e9tique et du politique, les peintures sont pens\u00e9es comme des sculptures ou des images d\u00e9faillantes, issues de photographies rat\u00e9es, [&hellip;]<\/p>\n","protected":false},"author":1,"featured_media":5975,"parent":0,"menu_order":0,"comment_status":"closed","ping_status":"closed","template":"","meta":{"_monsterinsights_skip_tracking":false,"_monsterinsights_sitenote_active":false,"_monsterinsights_sitenote_note":"","_monsterinsights_sitenote_category":0,"footnotes":""},"class_list":["post-6657","page","type-page","status-publish","has-post-thumbnail","hentry"],"yoast_head":"<!-- This site is optimized with the Yoast SEO plugin v27.3 - https:\/\/yoast.com\/product\/yoast-seo-wordpress\/ -->\n<title>NO\u00b7MAN\u00b7MEN &#8211; Samuel Perche<\/title>\n<meta name=\"description\" content=\"Parcourez la biographie de Samuel Perche, artiste dipl\u00f4m\u00e9 de l&#039;\u00c9cole sup\u00e9rieure d&#039;art. D\u00e9couvrez son parcours unique, de la sc\u00e8ne th\u00e9\u00e2trale \u00e0 l&#039;art contemporain.\" \/>\n<meta name=\"robots\" content=\"index, follow, max-snippet:-1, max-image-preview:large, max-video-preview:-1\" \/>\n<link rel=\"canonical\" href=\"https:\/\/samuelperche.com\/fr\/no\u00b7man\u00b7men\/\" \/>\n<meta property=\"og:locale\" content=\"fr_FR\" \/>\n<meta property=\"og:type\" content=\"article\" \/>\n<meta property=\"og:title\" content=\"NO\u00b7MAN\u00b7MEN &#8211; Samuel Perche\" \/>\n<meta property=\"og:description\" content=\"Parcourez la biographie de Samuel Perche, artiste dipl\u00f4m\u00e9 de l&#039;\u00c9cole sup\u00e9rieure d&#039;art. D\u00e9couvrez son parcours unique, de la sc\u00e8ne th\u00e9\u00e2trale \u00e0 l&#039;art contemporain.\" \/>\n<meta property=\"og:url\" content=\"https:\/\/samuelperche.com\/fr\/no\u00b7man\u00b7men\/\" \/>\n<meta property=\"og:site_name\" content=\"Samuel Perche\" \/>\n<meta property=\"article:modified_time\" content=\"2026-04-03T16:14:29+00:00\" \/>\n<meta property=\"og:image\" content=\"https:\/\/samuelperche.com\/wp-content\/uploads\/2025\/12\/SAMUEL-PERCHE-12-1024x1024.jpg\" \/>\n\t<meta property=\"og:image:width\" content=\"1024\" \/>\n\t<meta property=\"og:image:height\" content=\"1024\" \/>\n\t<meta property=\"og:image:type\" content=\"image\/jpeg\" \/>\n<meta name=\"twitter:card\" content=\"summary_large_image\" \/>\n<meta name=\"twitter:label1\" content=\"Dur\u00e9e de lecture estim\u00e9e\" \/>\n\t<meta name=\"twitter:data1\" content=\"1 minute\" \/>\n<script type=\"application\/ld+json\" class=\"yoast-schema-graph\">{\"@context\":\"https:\\\/\\\/schema.org\",\"@graph\":[{\"@type\":\"WebPage\",\"@id\":\"https:\\\/\\\/samuelperche.com\\\/no%c2%b7man%c2%b7men\\\/\",\"url\":\"https:\\\/\\\/samuelperche.com\\\/no%c2%b7man%c2%b7men\\\/\",\"name\":\"NO\u00b7MAN\u00b7MEN &#8211; Samuel Perche\",\"isPartOf\":{\"@id\":\"https:\\\/\\\/samuelperche.com\\\/#website\"},\"primaryImageOfPage\":{\"@id\":\"https:\\\/\\\/samuelperche.com\\\/no%c2%b7man%c2%b7men\\\/#primaryimage\"},\"image\":{\"@id\":\"https:\\\/\\\/samuelperche.com\\\/no%c2%b7man%c2%b7men\\\/#primaryimage\"},\"thumbnailUrl\":\"https:\\\/\\\/samuelperche.com\\\/wp-content\\\/uploads\\\/2025\\\/12\\\/SAMUEL-PERCHE-12.jpg\",\"datePublished\":\"2026-04-03T16:05:14+00:00\",\"dateModified\":\"2026-04-03T16:14:29+00:00\",\"description\":\"Parcourez la biographie de Samuel Perche, artiste dipl\u00f4m\u00e9 de l'\u00c9cole sup\u00e9rieure d'art. D\u00e9couvrez son parcours unique, de la sc\u00e8ne th\u00e9\u00e2trale \u00e0 l'art contemporain.\",\"breadcrumb\":{\"@id\":\"https:\\\/\\\/samuelperche.com\\\/no%c2%b7man%c2%b7men\\\/#breadcrumb\"},\"inLanguage\":\"fr-FR\",\"potentialAction\":[{\"@type\":\"ReadAction\",\"target\":[\"https:\\\/\\\/samuelperche.com\\\/no%c2%b7man%c2%b7men\\\/\"]}]},{\"@type\":\"ImageObject\",\"inLanguage\":\"fr-FR\",\"@id\":\"https:\\\/\\\/samuelperche.com\\\/no%c2%b7man%c2%b7men\\\/#primaryimage\",\"url\":\"https:\\\/\\\/samuelperche.com\\\/wp-content\\\/uploads\\\/2025\\\/12\\\/SAMUEL-PERCHE-12.jpg\",\"contentUrl\":\"https:\\\/\\\/samuelperche.com\\\/wp-content\\\/uploads\\\/2025\\\/12\\\/SAMUEL-PERCHE-12.jpg\",\"width\":2384,\"height\":2384,\"caption\":\"Photographie de L\u00e9o Panch\u00e8vre pour Jardin des Arts\"},{\"@type\":\"BreadcrumbList\",\"@id\":\"https:\\\/\\\/samuelperche.com\\\/no%c2%b7man%c2%b7men\\\/#breadcrumb\",\"itemListElement\":[{\"@type\":\"ListItem\",\"position\":1,\"name\":\"Accueil\",\"item\":\"https:\\\/\\\/samuelperche.com\\\/\"},{\"@type\":\"ListItem\",\"position\":2,\"name\":\"NO\u00b7MAN\u00b7MEN\"}]},{\"@type\":\"WebSite\",\"@id\":\"https:\\\/\\\/samuelperche.com\\\/#website\",\"url\":\"https:\\\/\\\/samuelperche.com\\\/\",\"name\":\"Samuel Perche\",\"description\":\"Artiste queer\",\"publisher\":{\"@id\":\"https:\\\/\\\/samuelperche.com\\\/#\\\/schema\\\/person\\\/89bf2b3a24aec0e915e96350a12fd09c\"},\"potentialAction\":[{\"@type\":\"SearchAction\",\"target\":{\"@type\":\"EntryPoint\",\"urlTemplate\":\"https:\\\/\\\/samuelperche.com\\\/?s={search_term_string}\"},\"query-input\":{\"@type\":\"PropertyValueSpecification\",\"valueRequired\":true,\"valueName\":\"search_term_string\"}}],\"inLanguage\":\"fr-FR\"},{\"@type\":[\"Person\",\"Organization\"],\"@id\":\"https:\\\/\\\/samuelperche.com\\\/#\\\/schema\\\/person\\\/89bf2b3a24aec0e915e96350a12fd09c\",\"name\":\"Samuel\",\"image\":{\"@type\":\"ImageObject\",\"inLanguage\":\"fr-FR\",\"@id\":\"https:\\\/\\\/samuelperche.com\\\/wp-content\\\/uploads\\\/2024\\\/08\\\/Sam-photo-Profil-copie.jpg\",\"url\":\"https:\\\/\\\/samuelperche.com\\\/wp-content\\\/uploads\\\/2024\\\/08\\\/Sam-photo-Profil-copie.jpg\",\"contentUrl\":\"https:\\\/\\\/samuelperche.com\\\/wp-content\\\/uploads\\\/2024\\\/08\\\/Sam-photo-Profil-copie.jpg\",\"width\":750,\"height\":750,\"caption\":\"Samuel\"},\"logo\":{\"@id\":\"https:\\\/\\\/samuelperche.com\\\/wp-content\\\/uploads\\\/2024\\\/08\\\/Sam-photo-Profil-copie.jpg\"},\"sameAs\":[\"https:\\\/\\\/samuelperche.com\"]}]}<\/script>\n<!-- \/ Yoast SEO plugin. -->","yoast_head_json":{"title":"NO\u00b7MAN\u00b7MEN &#8211; Samuel Perche","description":"Parcourez la biographie de Samuel Perche, artiste dipl\u00f4m\u00e9 de l'\u00c9cole sup\u00e9rieure d'art. D\u00e9couvrez son parcours unique, de la sc\u00e8ne th\u00e9\u00e2trale \u00e0 l'art contemporain.","robots":{"index":"index","follow":"follow","max-snippet":"max-snippet:-1","max-image-preview":"max-image-preview:large","max-video-preview":"max-video-preview:-1"},"canonical":"https:\/\/samuelperche.com\/fr\/no\u00b7man\u00b7men\/","og_locale":"fr_FR","og_type":"article","og_title":"NO\u00b7MAN\u00b7MEN &#8211; Samuel Perche","og_description":"Parcourez la biographie de Samuel Perche, artiste dipl\u00f4m\u00e9 de l'\u00c9cole sup\u00e9rieure d'art. D\u00e9couvrez son parcours unique, de la sc\u00e8ne th\u00e9\u00e2trale \u00e0 l'art contemporain.","og_url":"https:\/\/samuelperche.com\/fr\/no\u00b7man\u00b7men\/","og_site_name":"Samuel Perche","article_modified_time":"2026-04-03T16:14:29+00:00","og_image":[{"width":1024,"height":1024,"url":"https:\/\/samuelperche.com\/wp-content\/uploads\/2025\/12\/SAMUEL-PERCHE-12-1024x1024.jpg","type":"image\/jpeg"}],"twitter_card":"summary_large_image","twitter_misc":{"Dur\u00e9e de lecture estim\u00e9e":"1 minute"},"schema":{"@context":"https:\/\/schema.org","@graph":[{"@type":"WebPage","@id":"https:\/\/samuelperche.com\/no%c2%b7man%c2%b7men\/","url":"https:\/\/samuelperche.com\/no%c2%b7man%c2%b7men\/","name":"NO\u00b7MAN\u00b7MEN &#8211; Samuel Perche","isPartOf":{"@id":"https:\/\/samuelperche.com\/#website"},"primaryImageOfPage":{"@id":"https:\/\/samuelperche.com\/no%c2%b7man%c2%b7men\/#primaryimage"},"image":{"@id":"https:\/\/samuelperche.com\/no%c2%b7man%c2%b7men\/#primaryimage"},"thumbnailUrl":"https:\/\/samuelperche.com\/wp-content\/uploads\/2025\/12\/SAMUEL-PERCHE-12.jpg","datePublished":"2026-04-03T16:05:14+00:00","dateModified":"2026-04-03T16:14:29+00:00","description":"Parcourez la biographie de Samuel Perche, artiste dipl\u00f4m\u00e9 de l'\u00c9cole sup\u00e9rieure d'art. D\u00e9couvrez son parcours unique, de la sc\u00e8ne th\u00e9\u00e2trale \u00e0 l'art contemporain.","breadcrumb":{"@id":"https:\/\/samuelperche.com\/no%c2%b7man%c2%b7men\/#breadcrumb"},"inLanguage":"fr-FR","potentialAction":[{"@type":"ReadAction","target":["https:\/\/samuelperche.com\/no%c2%b7man%c2%b7men\/"]}]},{"@type":"ImageObject","inLanguage":"fr-FR","@id":"https:\/\/samuelperche.com\/no%c2%b7man%c2%b7men\/#primaryimage","url":"https:\/\/samuelperche.com\/wp-content\/uploads\/2025\/12\/SAMUEL-PERCHE-12.jpg","contentUrl":"https:\/\/samuelperche.com\/wp-content\/uploads\/2025\/12\/SAMUEL-PERCHE-12.jpg","width":2384,"height":2384,"caption":"Photographie de L\u00e9o Panch\u00e8vre pour Jardin des Arts"},{"@type":"BreadcrumbList","@id":"https:\/\/samuelperche.com\/no%c2%b7man%c2%b7men\/#breadcrumb","itemListElement":[{"@type":"ListItem","position":1,"name":"Accueil","item":"https:\/\/samuelperche.com\/"},{"@type":"ListItem","position":2,"name":"NO\u00b7MAN\u00b7MEN"}]},{"@type":"WebSite","@id":"https:\/\/samuelperche.com\/#website","url":"https:\/\/samuelperche.com\/","name":"Samuel Perche","description":"Artiste queer","publisher":{"@id":"https:\/\/samuelperche.com\/#\/schema\/person\/89bf2b3a24aec0e915e96350a12fd09c"},"potentialAction":[{"@type":"SearchAction","target":{"@type":"EntryPoint","urlTemplate":"https:\/\/samuelperche.com\/?s={search_term_string}"},"query-input":{"@type":"PropertyValueSpecification","valueRequired":true,"valueName":"search_term_string"}}],"inLanguage":"fr-FR"},{"@type":["Person","Organization"],"@id":"https:\/\/samuelperche.com\/#\/schema\/person\/89bf2b3a24aec0e915e96350a12fd09c","name":"Samuel","image":{"@type":"ImageObject","inLanguage":"fr-FR","@id":"https:\/\/samuelperche.com\/wp-content\/uploads\/2024\/08\/Sam-photo-Profil-copie.jpg","url":"https:\/\/samuelperche.com\/wp-content\/uploads\/2024\/08\/Sam-photo-Profil-copie.jpg","contentUrl":"https:\/\/samuelperche.com\/wp-content\/uploads\/2024\/08\/Sam-photo-Profil-copie.jpg","width":750,"height":750,"caption":"Samuel"},"logo":{"@id":"https:\/\/samuelperche.com\/wp-content\/uploads\/2024\/08\/Sam-photo-Profil-copie.jpg"},"sameAs":["https:\/\/samuelperche.com"]}]}},"_links":{"self":[{"href":"https:\/\/samuelperche.com\/fr\/wp-json\/wp\/v2\/pages\/6657","targetHints":{"allow":["GET"]}}],"collection":[{"href":"https:\/\/samuelperche.com\/fr\/wp-json\/wp\/v2\/pages"}],"about":[{"href":"https:\/\/samuelperche.com\/fr\/wp-json\/wp\/v2\/types\/page"}],"author":[{"embeddable":true,"href":"https:\/\/samuelperche.com\/fr\/wp-json\/wp\/v2\/users\/1"}],"replies":[{"embeddable":true,"href":"https:\/\/samuelperche.com\/fr\/wp-json\/wp\/v2\/comments?post=6657"}],"version-history":[{"count":13,"href":"https:\/\/samuelperche.com\/fr\/wp-json\/wp\/v2\/pages\/6657\/revisions"}],"predecessor-version":[{"id":6671,"href":"https:\/\/samuelperche.com\/fr\/wp-json\/wp\/v2\/pages\/6657\/revisions\/6671"}],"wp:featuredmedia":[{"embeddable":true,"href":"https:\/\/samuelperche.com\/fr\/wp-json\/wp\/v2\/media\/5975"}],"wp:attachment":[{"href":"https:\/\/samuelperche.com\/fr\/wp-json\/wp\/v2\/media?parent=6657"}],"curies":[{"name":"wp","href":"https:\/\/api.w.org\/{rel}","templated":true}]}}