{"id":6533,"date":"2026-04-03T13:08:57","date_gmt":"2026-04-03T13:08:57","guid":{"rendered":"https:\/\/samuelperche.com\/?page_id=6533"},"modified":"2026-04-03T13:10:14","modified_gmt":"2026-04-03T13:10:14","slug":"sculpter-lindicible","status":"publish","type":"page","link":"https:\/\/samuelperche.com\/fr\/sculpter-lindicible\/","title":{"rendered":"Sculpter l&rsquo;indicible"},"content":{"rendered":"\t\t<div data-elementor-type=\"wp-page\" data-elementor-id=\"6533\" class=\"elementor elementor-6533\" data-elementor-post-type=\"page\">\n\t\t\t\t<div class=\"elementor-element elementor-element-04862a7 e-con-full e-flex e-con e-parent\" data-id=\"04862a7\" data-element_type=\"container\" data-e-type=\"container\">\n\t\t<div class=\"elementor-element elementor-element-4d89c85 e-con-full e-flex e-con e-child\" data-id=\"4d89c85\" data-element_type=\"container\" data-e-type=\"container\">\n\t\t\t\t<div class=\"elementor-element elementor-element-4aa27ba elementor-widget elementor-widget-heading\" data-id=\"4aa27ba\" data-element_type=\"widget\" data-e-type=\"widget\" data-widget_type=\"heading.default\">\n\t\t\t\t<div class=\"elementor-widget-container\">\n\t\t\t\t\t<h2 class=\"elementor-heading-title elementor-size-default\">Sculpter l\u2019indicible<\/h2>\t\t\t\t<\/div>\n\t\t\t\t<\/div>\n\t\t\t\t<div class=\"elementor-element elementor-element-988a817 elementor-widget__width-inherit elementor-widget elementor-widget-heading\" data-id=\"988a817\" data-element_type=\"widget\" data-e-type=\"widget\" data-widget_type=\"heading.default\">\n\t\t\t\t<div class=\"elementor-widget-container\">\n\t\t\t\t\t<h2 class=\"elementor-heading-title elementor-size-default\">Aude-Emmanuelle Hoareau, 2017\n\nPhilosophe (1978-2017)<\/h2>\t\t\t\t<\/div>\n\t\t\t\t<\/div>\n\t\t\t\t<div class=\"elementor-element elementor-element-c7b7b6f elementor-widget elementor-widget-text-editor\" data-id=\"c7b7b6f\" data-element_type=\"widget\" data-e-type=\"widget\" data-widget_type=\"text-editor.default\">\n\t\t\t\t<div class=\"elementor-widget-container\">\n\t\t\t\t\t\t\t\t\t<p><em>Comment raconter une histoire tragique et complexe, en une seule figure ? Comment contenir dans la mati\u00e8re la puissance du d\u00e9sir et la trame d\u2019une vie humaine ? Samuel Perche r\u00e9pond \u00e0 ces d\u00e9fis par un travail de sculpture qui nous pr\u00e9sente, de mani\u00e8re assez figurative, un homme \u00e9tendu sur le dos, jambe pli\u00e9e, inspir\u00e9 d\u2019une photographie d\u2019un migrant mort en mer, r\u00e9alis\u00e9e par Aris Messinis.\u00a0<\/em><\/p><p>\u00a0<\/p><p>Pour le philosophe Giorgio Agamben, les l\u00e9gendaires statues grecques qui rompent leurs entraves pour commencer \u00e0 se mouvoir, brisent une \u00ab ligatio \u00bb, un pouvoir paralysant qui est \u00e0 l\u2019\u0153uvre dans toute image. Ils rendent \u00e0 l\u2019image la libert\u00e9 du geste. Comme ici o\u00f9 l\u2019image est celle d\u2019un mouvement du corps tout entier, qui se cambre et s\u2019offre \u00e0 l\u2019infini du ciel, entre l\u2019extase et la mort prochaine, presque certaine ou d\u00e9j\u00e0 advenue. Nous avons affaire \u00e0\u00a0 un geste au sens large du terme, \u00e0 l\u2019intention d\u2019un mouvement qui ne se laisse pas enfermer. L\u2019homme en bois est trop grand pour \u00eatre enti\u00e8rement consum\u00e9 par l\u2019app\u00e9tit cr\u00e9ateur du sculpteur ou d\u00e9vor\u00e9 par l\u2019\u0153il du public. Par son \u00e9chelle et son inspiration antique, il nous am\u00e8ne \u00e0 regarder au-del\u00e0, vers les mythes grecs, en direction d\u2019une destin\u00e9e \u00e9pique avec laquelle se confond celle des r\u00e9fugi\u00e9s d\u2019aujourd\u2019hui, qui prennent la mer pour accomplir leur destin et finissent souvent, en martyrs des flots.<\/p><p>\u00a0<\/p><p><strong>L\u2019homme de bois \/\u00a0<\/strong>Le bois de palette n\u2019a pas la noblesse du marbre des sculptures de La Renaissance. Ces sculptures manifestaient un ordre de l\u2019id\u00e9al, une \u00e9ternit\u00e9 des formes et des id\u00e9es. A contrario, la palette nous rappelle \u00e0 l\u2019existence actuelle, \u00e0 la vie dans son caract\u00e8re \u00e9ph\u00e9m\u00e8re et pr\u00e9caire, \u00e0 l\u2019id\u00e9e aussi, que l\u2019on se bat pour survivre en se r\u00e9appropriant des mat\u00e9riaux d\u00e9chus.<\/p><p>A travers les planches de bois, une mati\u00e8re interm\u00e9diaire se dessine. Structur\u00e9 comme une ossature mais d\u2019aspect lisse et doux comme une enveloppe de peau, le bois de la sculpture synth\u00e9tise l\u2019impossible alliance des os et de la chair. Les variations de teinte imitent les soubresauts de la vie. Une impression de rondeur se d\u00e9prend de l\u2019ensemble, pourtant constitu\u00e9 d\u2019angles et de formes plates et rectangulaires. Capter dans une mati\u00e8re qui r\u00e9siste et ne se mod\u00e8le pas (le bois de palette) une symphonie, une possibilit\u00e9 de s\u2019assembler en courbes et de tendre vers la sensualit\u00e9, est un pari d\u2019artiste.<\/p><p>L\u2019intelligence des formes et des courbes va alors se d\u00e9ployer ailleurs, dans les interstices, les points de contact de ces assemblages, l\u00e0 o\u00f9 les \u00e9l\u00e9ments convergent et se d\u00e9tachent pour entrer dans des dispositions nouvelles, l\u00e0 o\u00f9 le geste accouche du mouvement. L\u2019artiste se place derri\u00e8re ce qui se voit pour nous offrir l\u2019impression de la vie. Ou plut\u00f4t son interpr\u00e9tation de l\u2019existence. Il partage avec nous une intuition du mouvement, de l\u2019existence intense et en extase, la conception d\u2019un corps unifi\u00e9 dans une geste unique.<\/p><p>\u00a0<\/p><p><strong>Faire corps \/\u00a0<\/strong>Construire le d\u00e9sir comme quelque chose d\u2019\u00e9pais, qui se diffuse au fur et \u00e0 mesure et suppose tout un ensemble de gestes de la part de l\u2019artiste, tel est le tour de force de cette \u0153uvre. Le sculpteur r\u00e9alise pour ce plusieurs actions : d\u00e9sosser, porter, placer, clouer, mettre en \u00e9quilibre\u2026dans une posture d\u00e9miurgique.\u00a0 Il\u00a0 communique au bois la trace de ses efforts, tout en laissant le mat\u00e9riau vivre. Son corps s\u2019engage tout entier dans l\u2019ouvrage\u00a0 pour donner consistance \u00e0 la sculpture.\u00a0 Et ses gestes se rejoignent dans la coh\u00e9rence de l\u2019ensemble.<\/p><p>\u00a0<\/p><p>La rigidit\u00e9 du bois, les courbes et les torsions sugg\u00e9r\u00e9es disent\u00a0 plusieurs choses en un seul mouvement et en une seule forme : l\u2019histoire d\u2019un homme, sa travers\u00e9e de l\u2019oc\u00e9an, le sort des migrants \u00e9chou\u00e9s sur la plage ou, par extension, la fin tragique de l\u2019homme qui d\u00e9sire le monde et se ploie devant le ciel, comme pour implorer sa puissance. Voyons cette sculpture comme un souffle qui donne vie \u00e0 des formes et des courbes. A travers ce souffle, le sculpteur fait corps avec son \u0153uvre. L\u2019homme de bois se nourrit de ses attentes et de ses d\u00e9sirs et ils conjuguent, ensemble, \u00e9nergie psychique et force physique. Le drame est exorcis\u00e9 dans une forme signifiante : le corps de l\u2019homme, face au ciel, en position de jouissance et de d\u00e9sespoir, hommage \u00e0 cet espoir d\u2019une vie meilleure.<\/p>\t\t\t\t\t\t\t\t<\/div>\n\t\t\t\t<\/div>\n\t\t\t\t<\/div>\n\t\t\t\t<\/div>\n\t\t<div class=\"elementor-element elementor-element-73183b8 e-con-full e-flex e-con e-parent\" data-id=\"73183b8\" data-element_type=\"container\" data-e-type=\"container\">\n\t\t<div class=\"elementor-element elementor-element-d8dfddb e-con-full e-flex e-con e-child\" data-id=\"d8dfddb\" data-element_type=\"container\" data-e-type=\"container\">\n\t\t<div class=\"elementor-element elementor-element-d4276af e-con-full e-flex e-con e-child\" data-id=\"d4276af\" data-element_type=\"container\" data-e-type=\"container\">\n\t\t\t\t<\/div>\n\t\t\t\t<\/div>\n\t\t\t\t<\/div>\n\t\t\t\t<\/div>\n\t\t","protected":false},"excerpt":{"rendered":"<p>Sculpter l\u2019indicible Aude-Emmanuelle Hoareau, 2017 Philosophe (1978-2017) Comment raconter une histoire tragique et complexe, en une seule figure ? Comment contenir dans la mati\u00e8re la puissance du d\u00e9sir et la trame d\u2019une vie humaine ? Samuel Perche r\u00e9pond \u00e0 ces d\u00e9fis par un travail de sculpture qui nous pr\u00e9sente, de mani\u00e8re assez figurative, un homme [&hellip;]<\/p>\n","protected":false},"author":1,"featured_media":2041,"parent":0,"menu_order":0,"comment_status":"closed","ping_status":"closed","template":"","meta":{"_monsterinsights_skip_tracking":false,"_monsterinsights_sitenote_active":false,"_monsterinsights_sitenote_note":"","_monsterinsights_sitenote_category":0,"footnotes":""},"class_list":["post-6533","page","type-page","status-publish","has-post-thumbnail","hentry"],"yoast_head":"<!-- This site is optimized with the Yoast SEO plugin v27.3 - https:\/\/yoast.com\/product\/yoast-seo-wordpress\/ -->\n<title>Samuel Perche &#8211; Artiste Peintre Contemporain<\/title>\n<meta name=\"description\" content=\"D\u00e9couvrez l&#039;univers artistique de Samuel Perche, artiste peintre contemporain homosexuel queer et militant LGBTQIA+.\" \/>\n<meta name=\"robots\" content=\"index, follow, max-snippet:-1, max-image-preview:large, max-video-preview:-1\" \/>\n<link rel=\"canonical\" href=\"https:\/\/samuelperche.com\/fr\/sculpter-lindicible\/\" \/>\n<meta property=\"og:locale\" content=\"fr_FR\" \/>\n<meta property=\"og:type\" content=\"article\" \/>\n<meta property=\"og:title\" content=\"Samuel Perche &#8211; Artiste Peintre Contemporain\" \/>\n<meta property=\"og:description\" content=\"D\u00e9couvrez l&#039;univers artistique de Samuel Perche, artiste peintre contemporain homosexuel queer et militant LGBTQIA+.\" \/>\n<meta property=\"og:url\" content=\"https:\/\/samuelperche.com\/fr\/sculpter-lindicible\/\" \/>\n<meta property=\"og:site_name\" content=\"Samuel Perche\" \/>\n<meta property=\"article:modified_time\" content=\"2026-04-03T13:10:14+00:00\" \/>\n<meta property=\"og:image\" content=\"https:\/\/samuelperche.com\/wp-content\/uploads\/2024\/08\/Yanig-100x80-2023-Full-819x1024.jpg\" \/>\n\t<meta property=\"og:image:width\" content=\"819\" \/>\n\t<meta property=\"og:image:height\" content=\"1024\" \/>\n\t<meta property=\"og:image:type\" content=\"image\/jpeg\" \/>\n<meta name=\"twitter:card\" content=\"summary_large_image\" \/>\n<meta name=\"twitter:label1\" content=\"Dur\u00e9e de lecture estim\u00e9e\" \/>\n\t<meta name=\"twitter:data1\" content=\"4 minutes\" \/>\n<script type=\"application\/ld+json\" class=\"yoast-schema-graph\">{\"@context\":\"https:\\\/\\\/schema.org\",\"@graph\":[{\"@type\":\"WebPage\",\"@id\":\"https:\\\/\\\/samuelperche.com\\\/fr\\\/sculpter-lindicible\\\/\",\"url\":\"https:\\\/\\\/samuelperche.com\\\/fr\\\/sculpter-lindicible\\\/\",\"name\":\"Samuel Perche &#8211; Artiste Peintre Contemporain\",\"isPartOf\":{\"@id\":\"https:\\\/\\\/samuelperche.com\\\/#website\"},\"primaryImageOfPage\":{\"@id\":\"https:\\\/\\\/samuelperche.com\\\/fr\\\/sculpter-lindicible\\\/#primaryimage\"},\"image\":{\"@id\":\"https:\\\/\\\/samuelperche.com\\\/fr\\\/sculpter-lindicible\\\/#primaryimage\"},\"thumbnailUrl\":\"https:\\\/\\\/samuelperche.com\\\/wp-content\\\/uploads\\\/2024\\\/08\\\/Yanig-100x80-2023-Full.jpg\",\"datePublished\":\"2026-04-03T13:08:57+00:00\",\"dateModified\":\"2026-04-03T13:10:14+00:00\",\"description\":\"D\u00e9couvrez l'univers artistique de Samuel Perche, artiste peintre contemporain homosexuel queer et militant LGBTQIA+.\",\"breadcrumb\":{\"@id\":\"https:\\\/\\\/samuelperche.com\\\/fr\\\/sculpter-lindicible\\\/#breadcrumb\"},\"inLanguage\":\"fr-FR\",\"potentialAction\":[{\"@type\":\"ReadAction\",\"target\":[\"https:\\\/\\\/samuelperche.com\\\/fr\\\/sculpter-lindicible\\\/\"]}]},{\"@type\":\"ImageObject\",\"inLanguage\":\"fr-FR\",\"@id\":\"https:\\\/\\\/samuelperche.com\\\/fr\\\/sculpter-lindicible\\\/#primaryimage\",\"url\":\"https:\\\/\\\/samuelperche.com\\\/wp-content\\\/uploads\\\/2024\\\/08\\\/Yanig-100x80-2023-Full.jpg\",\"contentUrl\":\"https:\\\/\\\/samuelperche.com\\\/wp-content\\\/uploads\\\/2024\\\/08\\\/Yanig-100x80-2023-Full.jpg\",\"width\":1200,\"height\":1500,\"caption\":\"Acrylique sur toile de coton et lurex, 100x80cm, 2023\"},{\"@type\":\"BreadcrumbList\",\"@id\":\"https:\\\/\\\/samuelperche.com\\\/fr\\\/sculpter-lindicible\\\/#breadcrumb\",\"itemListElement\":[{\"@type\":\"ListItem\",\"position\":1,\"name\":\"Accueil\",\"item\":\"https:\\\/\\\/samuelperche.com\\\/\"},{\"@type\":\"ListItem\",\"position\":2,\"name\":\"Sculpter l&rsquo;indicible\"}]},{\"@type\":\"WebSite\",\"@id\":\"https:\\\/\\\/samuelperche.com\\\/#website\",\"url\":\"https:\\\/\\\/samuelperche.com\\\/\",\"name\":\"Samuel Perche\",\"description\":\"Artiste queer\",\"publisher\":{\"@id\":\"https:\\\/\\\/samuelperche.com\\\/#\\\/schema\\\/person\\\/89bf2b3a24aec0e915e96350a12fd09c\"},\"potentialAction\":[{\"@type\":\"SearchAction\",\"target\":{\"@type\":\"EntryPoint\",\"urlTemplate\":\"https:\\\/\\\/samuelperche.com\\\/?s={search_term_string}\"},\"query-input\":{\"@type\":\"PropertyValueSpecification\",\"valueRequired\":true,\"valueName\":\"search_term_string\"}}],\"inLanguage\":\"fr-FR\"},{\"@type\":[\"Person\",\"Organization\"],\"@id\":\"https:\\\/\\\/samuelperche.com\\\/#\\\/schema\\\/person\\\/89bf2b3a24aec0e915e96350a12fd09c\",\"name\":\"Samuel\",\"image\":{\"@type\":\"ImageObject\",\"inLanguage\":\"fr-FR\",\"@id\":\"https:\\\/\\\/samuelperche.com\\\/wp-content\\\/uploads\\\/2024\\\/08\\\/Sam-photo-Profil-copie.jpg\",\"url\":\"https:\\\/\\\/samuelperche.com\\\/wp-content\\\/uploads\\\/2024\\\/08\\\/Sam-photo-Profil-copie.jpg\",\"contentUrl\":\"https:\\\/\\\/samuelperche.com\\\/wp-content\\\/uploads\\\/2024\\\/08\\\/Sam-photo-Profil-copie.jpg\",\"width\":750,\"height\":750,\"caption\":\"Samuel\"},\"logo\":{\"@id\":\"https:\\\/\\\/samuelperche.com\\\/wp-content\\\/uploads\\\/2024\\\/08\\\/Sam-photo-Profil-copie.jpg\"},\"sameAs\":[\"https:\\\/\\\/samuelperche.com\"]}]}<\/script>\n<!-- \/ Yoast SEO plugin. -->","yoast_head_json":{"title":"Samuel Perche &#8211; Artiste Peintre Contemporain","description":"D\u00e9couvrez l'univers artistique de Samuel Perche, artiste peintre contemporain homosexuel queer et militant LGBTQIA+.","robots":{"index":"index","follow":"follow","max-snippet":"max-snippet:-1","max-image-preview":"max-image-preview:large","max-video-preview":"max-video-preview:-1"},"canonical":"https:\/\/samuelperche.com\/fr\/sculpter-lindicible\/","og_locale":"fr_FR","og_type":"article","og_title":"Samuel Perche &#8211; Artiste Peintre Contemporain","og_description":"D\u00e9couvrez l'univers artistique de Samuel Perche, artiste peintre contemporain homosexuel queer et militant LGBTQIA+.","og_url":"https:\/\/samuelperche.com\/fr\/sculpter-lindicible\/","og_site_name":"Samuel Perche","article_modified_time":"2026-04-03T13:10:14+00:00","og_image":[{"width":819,"height":1024,"url":"https:\/\/samuelperche.com\/wp-content\/uploads\/2024\/08\/Yanig-100x80-2023-Full-819x1024.jpg","type":"image\/jpeg"}],"twitter_card":"summary_large_image","twitter_misc":{"Dur\u00e9e de lecture estim\u00e9e":"4 minutes"},"schema":{"@context":"https:\/\/schema.org","@graph":[{"@type":"WebPage","@id":"https:\/\/samuelperche.com\/fr\/sculpter-lindicible\/","url":"https:\/\/samuelperche.com\/fr\/sculpter-lindicible\/","name":"Samuel Perche &#8211; Artiste Peintre Contemporain","isPartOf":{"@id":"https:\/\/samuelperche.com\/#website"},"primaryImageOfPage":{"@id":"https:\/\/samuelperche.com\/fr\/sculpter-lindicible\/#primaryimage"},"image":{"@id":"https:\/\/samuelperche.com\/fr\/sculpter-lindicible\/#primaryimage"},"thumbnailUrl":"https:\/\/samuelperche.com\/wp-content\/uploads\/2024\/08\/Yanig-100x80-2023-Full.jpg","datePublished":"2026-04-03T13:08:57+00:00","dateModified":"2026-04-03T13:10:14+00:00","description":"D\u00e9couvrez l'univers artistique de Samuel Perche, artiste peintre contemporain homosexuel queer et militant LGBTQIA+.","breadcrumb":{"@id":"https:\/\/samuelperche.com\/fr\/sculpter-lindicible\/#breadcrumb"},"inLanguage":"fr-FR","potentialAction":[{"@type":"ReadAction","target":["https:\/\/samuelperche.com\/fr\/sculpter-lindicible\/"]}]},{"@type":"ImageObject","inLanguage":"fr-FR","@id":"https:\/\/samuelperche.com\/fr\/sculpter-lindicible\/#primaryimage","url":"https:\/\/samuelperche.com\/wp-content\/uploads\/2024\/08\/Yanig-100x80-2023-Full.jpg","contentUrl":"https:\/\/samuelperche.com\/wp-content\/uploads\/2024\/08\/Yanig-100x80-2023-Full.jpg","width":1200,"height":1500,"caption":"Acrylique sur toile de coton et lurex, 100x80cm, 2023"},{"@type":"BreadcrumbList","@id":"https:\/\/samuelperche.com\/fr\/sculpter-lindicible\/#breadcrumb","itemListElement":[{"@type":"ListItem","position":1,"name":"Accueil","item":"https:\/\/samuelperche.com\/"},{"@type":"ListItem","position":2,"name":"Sculpter l&rsquo;indicible"}]},{"@type":"WebSite","@id":"https:\/\/samuelperche.com\/#website","url":"https:\/\/samuelperche.com\/","name":"Samuel Perche","description":"Artiste queer","publisher":{"@id":"https:\/\/samuelperche.com\/#\/schema\/person\/89bf2b3a24aec0e915e96350a12fd09c"},"potentialAction":[{"@type":"SearchAction","target":{"@type":"EntryPoint","urlTemplate":"https:\/\/samuelperche.com\/?s={search_term_string}"},"query-input":{"@type":"PropertyValueSpecification","valueRequired":true,"valueName":"search_term_string"}}],"inLanguage":"fr-FR"},{"@type":["Person","Organization"],"@id":"https:\/\/samuelperche.com\/#\/schema\/person\/89bf2b3a24aec0e915e96350a12fd09c","name":"Samuel","image":{"@type":"ImageObject","inLanguage":"fr-FR","@id":"https:\/\/samuelperche.com\/wp-content\/uploads\/2024\/08\/Sam-photo-Profil-copie.jpg","url":"https:\/\/samuelperche.com\/wp-content\/uploads\/2024\/08\/Sam-photo-Profil-copie.jpg","contentUrl":"https:\/\/samuelperche.com\/wp-content\/uploads\/2024\/08\/Sam-photo-Profil-copie.jpg","width":750,"height":750,"caption":"Samuel"},"logo":{"@id":"https:\/\/samuelperche.com\/wp-content\/uploads\/2024\/08\/Sam-photo-Profil-copie.jpg"},"sameAs":["https:\/\/samuelperche.com"]}]}},"_links":{"self":[{"href":"https:\/\/samuelperche.com\/fr\/wp-json\/wp\/v2\/pages\/6533","targetHints":{"allow":["GET"]}}],"collection":[{"href":"https:\/\/samuelperche.com\/fr\/wp-json\/wp\/v2\/pages"}],"about":[{"href":"https:\/\/samuelperche.com\/fr\/wp-json\/wp\/v2\/types\/page"}],"author":[{"embeddable":true,"href":"https:\/\/samuelperche.com\/fr\/wp-json\/wp\/v2\/users\/1"}],"replies":[{"embeddable":true,"href":"https:\/\/samuelperche.com\/fr\/wp-json\/wp\/v2\/comments?post=6533"}],"version-history":[{"count":4,"href":"https:\/\/samuelperche.com\/fr\/wp-json\/wp\/v2\/pages\/6533\/revisions"}],"predecessor-version":[{"id":6537,"href":"https:\/\/samuelperche.com\/fr\/wp-json\/wp\/v2\/pages\/6533\/revisions\/6537"}],"wp:featuredmedia":[{"embeddable":true,"href":"https:\/\/samuelperche.com\/fr\/wp-json\/wp\/v2\/media\/2041"}],"wp:attachment":[{"href":"https:\/\/samuelperche.com\/fr\/wp-json\/wp\/v2\/media?parent=6533"}],"curies":[{"name":"wp","href":"https:\/\/api.w.org\/{rel}","templated":true}]}}