{"id":6440,"date":"2026-04-03T11:30:53","date_gmt":"2026-04-03T11:30:53","guid":{"rendered":"https:\/\/samuelperche.com\/?page_id=6440"},"modified":"2026-04-03T15:44:23","modified_gmt":"2026-04-03T15:44:23","slug":"les-etreintes","status":"publish","type":"page","link":"https:\/\/samuelperche.com\/fr\/les-etreintes\/","title":{"rendered":"Les \u00c9treintes"},"content":{"rendered":"\t\t<div data-elementor-type=\"wp-page\" data-elementor-id=\"6440\" class=\"elementor elementor-6440\" data-elementor-post-type=\"page\">\n\t\t\t\t<div class=\"elementor-element elementor-element-c8b6a1f e-flex e-con-boxed e-con e-parent\" data-id=\"c8b6a1f\" data-element_type=\"container\" data-e-type=\"container\">\n\t\t\t\t\t<div class=\"e-con-inner\">\n\t\t\t\t<div class=\"elementor-element elementor-element-8c34140 elementor-widget elementor-widget-image\" data-id=\"8c34140\" data-element_type=\"widget\" data-e-type=\"widget\" data-widget_type=\"image.default\">\n\t\t\t\t<div class=\"elementor-widget-container\">\n\t\t\t\t\t\t\t\t\t\t\t\t\t\t\t<img fetchpriority=\"high\" decoding=\"async\" width=\"800\" height=\"601\" src=\"https:\/\/samuelperche.com\/wp-content\/uploads\/2026\/04\/Les-Etreintes-2-1024x769.jpg\" class=\"attachment-large size-large wp-image-6556\" alt=\"Les Etreintes sculpture bois monumental Ch\u00e2teaubourg Ille-et-Vilaine\" srcset=\"https:\/\/samuelperche.com\/wp-content\/uploads\/2026\/04\/Les-Etreintes-2-1024x769.jpg 1024w, https:\/\/samuelperche.com\/wp-content\/uploads\/2026\/04\/Les-Etreintes-2-300x225.jpg 300w, https:\/\/samuelperche.com\/wp-content\/uploads\/2026\/04\/Les-Etreintes-2-768x577.jpg 768w, https:\/\/samuelperche.com\/wp-content\/uploads\/2026\/04\/Les-Etreintes-2-1536x1153.jpg 1536w, https:\/\/samuelperche.com\/wp-content\/uploads\/2026\/04\/Les-Etreintes-2-2048x1538.jpg 2048w, https:\/\/samuelperche.com\/wp-content\/uploads\/2026\/04\/Les-Etreintes-2-16x12.jpg 16w, https:\/\/samuelperche.com\/wp-content\/uploads\/2026\/04\/Les-Etreintes-2-600x451.jpg 600w\" sizes=\"(max-width: 800px) 100vw, 800px\" \/>\t\t\t\t\t\t\t\t\t\t\t\t\t\t\t<\/div>\n\t\t\t\t<\/div>\n\t\t\t\t\t<\/div>\n\t\t\t\t<\/div>\n\t\t<div class=\"elementor-element elementor-element-872cd8f e-flex e-con-boxed e-con e-parent\" data-id=\"872cd8f\" data-element_type=\"container\" data-e-type=\"container\">\n\t\t\t\t\t<div class=\"e-con-inner\">\n\t\t\t\t<div class=\"elementor-element elementor-element-fefe8bf elementor-widget elementor-widget-heading\" data-id=\"fefe8bf\" data-element_type=\"widget\" data-e-type=\"widget\" data-widget_type=\"heading.default\">\n\t\t\t\t<div class=\"elementor-widget-container\">\n\t\t\t\t\t<h1 class=\"elementor-heading-title elementor-size-default\">Les \u00c9treintes<\/h1>\t\t\t\t<\/div>\n\t\t\t\t<\/div>\n\t\t\t\t\t<\/div>\n\t\t\t\t<\/div>\n\t\t<div class=\"elementor-element elementor-element-f367054 e-flex e-con-boxed e-con e-parent\" data-id=\"f367054\" data-element_type=\"container\" data-e-type=\"container\">\n\t\t\t\t\t<div class=\"e-con-inner\">\n\t\t\t\t<div class=\"elementor-element elementor-element-472e8f1 elementor-widget elementor-widget-image\" data-id=\"472e8f1\" data-element_type=\"widget\" data-e-type=\"widget\" data-widget_type=\"image.default\">\n\t\t\t\t<div class=\"elementor-widget-container\">\n\t\t\t\t\t\t\t\t\t\t\t\t\t\t\t<img decoding=\"async\" width=\"2362\" height=\"1417\" src=\"https:\/\/samuelperche.com\/wp-content\/uploads\/2026\/04\/Les-Etreintes.jpg\" class=\"attachment-full size-full wp-image-6626\" alt=\"Les \u00e9treintes sculpture bois monumentale Ville de Ch\u00e2teaubourg Ille-et-Vilaine Art\" srcset=\"https:\/\/samuelperche.com\/wp-content\/uploads\/2026\/04\/Les-Etreintes.jpg 2362w, https:\/\/samuelperche.com\/wp-content\/uploads\/2026\/04\/Les-Etreintes-300x180.jpg 300w, https:\/\/samuelperche.com\/wp-content\/uploads\/2026\/04\/Les-Etreintes-1024x614.jpg 1024w, https:\/\/samuelperche.com\/wp-content\/uploads\/2026\/04\/Les-Etreintes-768x461.jpg 768w, https:\/\/samuelperche.com\/wp-content\/uploads\/2026\/04\/Les-Etreintes-1536x921.jpg 1536w, https:\/\/samuelperche.com\/wp-content\/uploads\/2026\/04\/Les-Etreintes-2048x1229.jpg 2048w, https:\/\/samuelperche.com\/wp-content\/uploads\/2026\/04\/Les-Etreintes-18x12.jpg 18w, https:\/\/samuelperche.com\/wp-content\/uploads\/2026\/04\/Les-Etreintes-600x360.jpg 600w\" sizes=\"(max-width: 2362px) 100vw, 2362px\" \/>\t\t\t\t\t\t\t\t\t\t\t\t\t\t\t<\/div>\n\t\t\t\t<\/div>\n\t\t\t\t<div class=\"elementor-element elementor-element-b08a4a1 elementor-widget elementor-widget-image\" data-id=\"b08a4a1\" data-element_type=\"widget\" data-e-type=\"widget\" data-widget_type=\"image.default\">\n\t\t\t\t<div class=\"elementor-widget-container\">\n\t\t\t\t\t\t\t\t\t\t\t\t\t\t\t<img decoding=\"async\" width=\"2362\" height=\"1417\" src=\"https:\/\/samuelperche.com\/wp-content\/uploads\/2026\/04\/Les-Etreintes2.jpg\" class=\"attachment-full size-full wp-image-6627\" alt=\"\" srcset=\"https:\/\/samuelperche.com\/wp-content\/uploads\/2026\/04\/Les-Etreintes2.jpg 2362w, https:\/\/samuelperche.com\/wp-content\/uploads\/2026\/04\/Les-Etreintes2-300x180.jpg 300w, https:\/\/samuelperche.com\/wp-content\/uploads\/2026\/04\/Les-Etreintes2-1024x614.jpg 1024w, https:\/\/samuelperche.com\/wp-content\/uploads\/2026\/04\/Les-Etreintes2-768x461.jpg 768w, https:\/\/samuelperche.com\/wp-content\/uploads\/2026\/04\/Les-Etreintes2-1536x921.jpg 1536w, https:\/\/samuelperche.com\/wp-content\/uploads\/2026\/04\/Les-Etreintes2-2048x1229.jpg 2048w, https:\/\/samuelperche.com\/wp-content\/uploads\/2026\/04\/Les-Etreintes2-18x12.jpg 18w, https:\/\/samuelperche.com\/wp-content\/uploads\/2026\/04\/Les-Etreintes2-600x360.jpg 600w\" sizes=\"(max-width: 2362px) 100vw, 2362px\" \/>\t\t\t\t\t\t\t\t\t\t\t\t\t\t\t<\/div>\n\t\t\t\t<\/div>\n\t\t\t\t<div class=\"elementor-element elementor-element-cf13f32 elementor-widget elementor-widget-image\" data-id=\"cf13f32\" data-element_type=\"widget\" data-e-type=\"widget\" data-widget_type=\"image.default\">\n\t\t\t\t<div class=\"elementor-widget-container\">\n\t\t\t\t\t\t\t\t\t\t\t\t\t\t\t<img loading=\"lazy\" decoding=\"async\" width=\"2362\" height=\"1654\" src=\"https:\/\/samuelperche.com\/wp-content\/uploads\/2026\/04\/Les-Etreintes3.jpg\" class=\"attachment-full size-full wp-image-6628\" alt=\"Les \u00e9treintes sculpture bois monumentale Ville de Ch\u00e2teaubourg Ille-et-Vilaine Art\" srcset=\"https:\/\/samuelperche.com\/wp-content\/uploads\/2026\/04\/Les-Etreintes3.jpg 2362w, https:\/\/samuelperche.com\/wp-content\/uploads\/2026\/04\/Les-Etreintes3-300x210.jpg 300w, https:\/\/samuelperche.com\/wp-content\/uploads\/2026\/04\/Les-Etreintes3-1024x717.jpg 1024w, https:\/\/samuelperche.com\/wp-content\/uploads\/2026\/04\/Les-Etreintes3-768x538.jpg 768w, https:\/\/samuelperche.com\/wp-content\/uploads\/2026\/04\/Les-Etreintes3-1536x1076.jpg 1536w, https:\/\/samuelperche.com\/wp-content\/uploads\/2026\/04\/Les-Etreintes3-2048x1434.jpg 2048w, https:\/\/samuelperche.com\/wp-content\/uploads\/2026\/04\/Les-Etreintes3-18x12.jpg 18w, https:\/\/samuelperche.com\/wp-content\/uploads\/2026\/04\/Les-Etreintes3-600x420.jpg 600w\" sizes=\"(max-width: 2362px) 100vw, 2362px\" \/>\t\t\t\t\t\t\t\t\t\t\t\t\t\t\t<\/div>\n\t\t\t\t<\/div>\n\t\t\t\t<div class=\"elementor-element elementor-element-c5af333 elementor-widget elementor-widget-image\" data-id=\"c5af333\" data-element_type=\"widget\" data-e-type=\"widget\" data-widget_type=\"image.default\">\n\t\t\t\t<div class=\"elementor-widget-container\">\n\t\t\t\t\t\t\t\t\t\t\t\t\t\t\t<img loading=\"lazy\" decoding=\"async\" width=\"2362\" height=\"1299\" src=\"https:\/\/samuelperche.com\/wp-content\/uploads\/2026\/04\/Les-Etreintes4.jpg\" class=\"attachment-full size-full wp-image-6629\" alt=\"Les \u00e9treintes sculpture bois monumentale Ville de Ch\u00e2teaubourg Ille-et-Vilaine Art\" srcset=\"https:\/\/samuelperche.com\/wp-content\/uploads\/2026\/04\/Les-Etreintes4.jpg 2362w, https:\/\/samuelperche.com\/wp-content\/uploads\/2026\/04\/Les-Etreintes4-300x165.jpg 300w, https:\/\/samuelperche.com\/wp-content\/uploads\/2026\/04\/Les-Etreintes4-1024x563.jpg 1024w, https:\/\/samuelperche.com\/wp-content\/uploads\/2026\/04\/Les-Etreintes4-768x422.jpg 768w, https:\/\/samuelperche.com\/wp-content\/uploads\/2026\/04\/Les-Etreintes4-1536x845.jpg 1536w, https:\/\/samuelperche.com\/wp-content\/uploads\/2026\/04\/Les-Etreintes4-2048x1126.jpg 2048w, https:\/\/samuelperche.com\/wp-content\/uploads\/2026\/04\/Les-Etreintes4-18x10.jpg 18w, https:\/\/samuelperche.com\/wp-content\/uploads\/2026\/04\/Les-Etreintes4-600x330.jpg 600w\" sizes=\"(max-width: 2362px) 100vw, 2362px\" \/>\t\t\t\t\t\t\t\t\t\t\t\t\t\t\t<\/div>\n\t\t\t\t<\/div>\n\t\t\t\t<div class=\"elementor-element elementor-element-fdd60c6 elementor-widget elementor-widget-image\" data-id=\"fdd60c6\" data-element_type=\"widget\" data-e-type=\"widget\" data-widget_type=\"image.default\">\n\t\t\t\t<div class=\"elementor-widget-container\">\n\t\t\t\t\t\t\t\t\t\t\t\t\t\t\t<img loading=\"lazy\" decoding=\"async\" width=\"2362\" height=\"1594\" src=\"https:\/\/samuelperche.com\/wp-content\/uploads\/2026\/04\/Les-Etreintes5.jpg\" class=\"attachment-full size-full wp-image-6630\" alt=\"Les \u00e9treintes sculpture bois monumentale Ville de Ch\u00e2teaubourg Ille-et-Vilaine Art\" srcset=\"https:\/\/samuelperche.com\/wp-content\/uploads\/2026\/04\/Les-Etreintes5.jpg 2362w, https:\/\/samuelperche.com\/wp-content\/uploads\/2026\/04\/Les-Etreintes5-300x202.jpg 300w, https:\/\/samuelperche.com\/wp-content\/uploads\/2026\/04\/Les-Etreintes5-1024x691.jpg 1024w, https:\/\/samuelperche.com\/wp-content\/uploads\/2026\/04\/Les-Etreintes5-768x518.jpg 768w, https:\/\/samuelperche.com\/wp-content\/uploads\/2026\/04\/Les-Etreintes5-1536x1037.jpg 1536w, https:\/\/samuelperche.com\/wp-content\/uploads\/2026\/04\/Les-Etreintes5-2048x1382.jpg 2048w, https:\/\/samuelperche.com\/wp-content\/uploads\/2026\/04\/Les-Etreintes5-18x12.jpg 18w, https:\/\/samuelperche.com\/wp-content\/uploads\/2026\/04\/Les-Etreintes5-600x405.jpg 600w\" sizes=\"(max-width: 2362px) 100vw, 2362px\" \/>\t\t\t\t\t\t\t\t\t\t\t\t\t\t\t<\/div>\n\t\t\t\t<\/div>\n\t\t\t\t\t<\/div>\n\t\t\t\t<\/div>\n\t\t<div class=\"elementor-element elementor-element-4977a6a e-flex e-con-boxed e-con e-parent\" data-id=\"4977a6a\" data-element_type=\"container\" data-e-type=\"container\">\n\t\t\t\t\t<div class=\"e-con-inner\">\n\t\t\t\t<div class=\"elementor-element elementor-element-83be0b6 elementor-widget elementor-widget-image\" data-id=\"83be0b6\" data-element_type=\"widget\" data-e-type=\"widget\" data-widget_type=\"image.default\">\n\t\t\t\t<div class=\"elementor-widget-container\">\n\t\t\t\t\t\t\t\t\t\t\t\t\t\t\t<img loading=\"lazy\" decoding=\"async\" width=\"2362\" height=\"1594\" src=\"https:\/\/samuelperche.com\/wp-content\/uploads\/2026\/04\/Les-Etreintes6.jpg\" class=\"attachment-full size-full wp-image-6631\" alt=\"Les \u00e9treintes sculpture bois monumentale Ville de Ch\u00e2teaubourg Ille-et-Vilaine Art\" srcset=\"https:\/\/samuelperche.com\/wp-content\/uploads\/2026\/04\/Les-Etreintes6.jpg 2362w, https:\/\/samuelperche.com\/wp-content\/uploads\/2026\/04\/Les-Etreintes6-300x202.jpg 300w, https:\/\/samuelperche.com\/wp-content\/uploads\/2026\/04\/Les-Etreintes6-1024x691.jpg 1024w, https:\/\/samuelperche.com\/wp-content\/uploads\/2026\/04\/Les-Etreintes6-768x518.jpg 768w, https:\/\/samuelperche.com\/wp-content\/uploads\/2026\/04\/Les-Etreintes6-1536x1037.jpg 1536w, https:\/\/samuelperche.com\/wp-content\/uploads\/2026\/04\/Les-Etreintes6-2048x1382.jpg 2048w, https:\/\/samuelperche.com\/wp-content\/uploads\/2026\/04\/Les-Etreintes6-18x12.jpg 18w, https:\/\/samuelperche.com\/wp-content\/uploads\/2026\/04\/Les-Etreintes6-600x405.jpg 600w\" sizes=\"(max-width: 2362px) 100vw, 2362px\" \/>\t\t\t\t\t\t\t\t\t\t\t\t\t\t\t<\/div>\n\t\t\t\t<\/div>\n\t\t\t\t\t<\/div>\n\t\t\t\t<\/div>\n\t\t<div class=\"elementor-element elementor-element-14f3e0d e-flex e-con-boxed e-con e-parent\" data-id=\"14f3e0d\" data-element_type=\"container\" data-e-type=\"container\">\n\t\t\t\t\t<div class=\"e-con-inner\">\n\t\t\t\t<div class=\"elementor-element elementor-element-0d43e69 elementor-widget elementor-widget-image\" data-id=\"0d43e69\" data-element_type=\"widget\" data-e-type=\"widget\" data-widget_type=\"image.default\">\n\t\t\t\t<div class=\"elementor-widget-container\">\n\t\t\t\t\t\t\t\t\t\t\t\t\t\t\t<img loading=\"lazy\" decoding=\"async\" width=\"800\" height=\"640\" src=\"https:\/\/samuelperche.com\/wp-content\/uploads\/2026\/04\/Les-Etreintes-Samuel-Atelier-by-Leo-Panchevre-0-1024x819.jpg\" class=\"attachment-large size-large wp-image-6572\" alt=\"\" srcset=\"https:\/\/samuelperche.com\/wp-content\/uploads\/2026\/04\/Les-Etreintes-Samuel-Atelier-by-Leo-Panchevre-0-1024x819.jpg 1024w, https:\/\/samuelperche.com\/wp-content\/uploads\/2026\/04\/Les-Etreintes-Samuel-Atelier-by-Leo-Panchevre-0-300x240.jpg 300w, https:\/\/samuelperche.com\/wp-content\/uploads\/2026\/04\/Les-Etreintes-Samuel-Atelier-by-Leo-Panchevre-0-768x615.jpg 768w, https:\/\/samuelperche.com\/wp-content\/uploads\/2026\/04\/Les-Etreintes-Samuel-Atelier-by-Leo-Panchevre-0-15x12.jpg 15w, https:\/\/samuelperche.com\/wp-content\/uploads\/2026\/04\/Les-Etreintes-Samuel-Atelier-by-Leo-Panchevre-0-600x480.jpg 600w, https:\/\/samuelperche.com\/wp-content\/uploads\/2026\/04\/Les-Etreintes-Samuel-Atelier-by-Leo-Panchevre-0.jpg 1476w\" sizes=\"(max-width: 800px) 100vw, 800px\" \/>\t\t\t\t\t\t\t\t\t\t\t\t\t\t\t<\/div>\n\t\t\t\t<\/div>\n\t\t\t\t\t<\/div>\n\t\t\t\t<\/div>\n\t\t\t\t<\/div>\n\t\t","protected":false},"excerpt":{"rendered":"<p>Les \u00c9treintes<\/p>\n","protected":false},"author":1,"featured_media":5975,"parent":0,"menu_order":0,"comment_status":"closed","ping_status":"closed","template":"","meta":{"_monsterinsights_skip_tracking":false,"_monsterinsights_sitenote_active":false,"_monsterinsights_sitenote_note":"","_monsterinsights_sitenote_category":0,"footnotes":""},"class_list":["post-6440","page","type-page","status-publish","has-post-thumbnail","hentry"],"yoast_head":"<!-- This site is optimized with the Yoast SEO plugin v27.3 - https:\/\/yoast.com\/product\/yoast-seo-wordpress\/ -->\n<title>Les \u00c9treintes &#8211; Samuel Perche<\/title>\n<meta name=\"description\" content=\"Parcourez la biographie de Samuel Perche, artiste dipl\u00f4m\u00e9 de l&#039;\u00c9cole sup\u00e9rieure d&#039;art. D\u00e9couvrez son parcours unique, de la sc\u00e8ne th\u00e9\u00e2trale \u00e0 l&#039;art contemporain.\" \/>\n<meta name=\"robots\" content=\"index, follow, max-snippet:-1, max-image-preview:large, max-video-preview:-1\" \/>\n<link rel=\"canonical\" href=\"https:\/\/samuelperche.com\/fr\/les-etreintes\/\" \/>\n<meta property=\"og:locale\" content=\"fr_FR\" \/>\n<meta property=\"og:type\" content=\"article\" \/>\n<meta property=\"og:title\" content=\"Les \u00c9treintes &#8211; Samuel Perche\" \/>\n<meta property=\"og:description\" content=\"Parcourez la biographie de Samuel Perche, artiste dipl\u00f4m\u00e9 de l&#039;\u00c9cole sup\u00e9rieure d&#039;art. D\u00e9couvrez son parcours unique, de la sc\u00e8ne th\u00e9\u00e2trale \u00e0 l&#039;art contemporain.\" \/>\n<meta property=\"og:url\" content=\"https:\/\/samuelperche.com\/fr\/les-etreintes\/\" \/>\n<meta property=\"og:site_name\" content=\"Samuel Perche\" \/>\n<meta property=\"article:modified_time\" content=\"2026-04-03T15:44:23+00:00\" \/>\n<meta property=\"og:image\" content=\"https:\/\/samuelperche.com\/wp-content\/uploads\/2025\/12\/SAMUEL-PERCHE-12-1024x1024.jpg\" \/>\n\t<meta property=\"og:image:width\" content=\"1024\" \/>\n\t<meta property=\"og:image:height\" content=\"1024\" \/>\n\t<meta property=\"og:image:type\" content=\"image\/jpeg\" \/>\n<meta name=\"twitter:card\" content=\"summary_large_image\" \/>\n<meta name=\"twitter:label1\" content=\"Dur\u00e9e de lecture estim\u00e9e\" \/>\n\t<meta name=\"twitter:data1\" content=\"2 minutes\" \/>\n<script type=\"application\/ld+json\" class=\"yoast-schema-graph\">{\"@context\":\"https:\\\/\\\/schema.org\",\"@graph\":[{\"@type\":\"WebPage\",\"@id\":\"https:\\\/\\\/samuelperche.com\\\/fr\\\/les-etreintes\\\/\",\"url\":\"https:\\\/\\\/samuelperche.com\\\/fr\\\/les-etreintes\\\/\",\"name\":\"Les \u00c9treintes &#8211; Samuel Perche\",\"isPartOf\":{\"@id\":\"https:\\\/\\\/samuelperche.com\\\/#website\"},\"primaryImageOfPage\":{\"@id\":\"https:\\\/\\\/samuelperche.com\\\/fr\\\/les-etreintes\\\/#primaryimage\"},\"image\":{\"@id\":\"https:\\\/\\\/samuelperche.com\\\/fr\\\/les-etreintes\\\/#primaryimage\"},\"thumbnailUrl\":\"https:\\\/\\\/samuelperche.com\\\/wp-content\\\/uploads\\\/2025\\\/12\\\/SAMUEL-PERCHE-12.jpg\",\"datePublished\":\"2026-04-03T11:30:53+00:00\",\"dateModified\":\"2026-04-03T15:44:23+00:00\",\"description\":\"Parcourez la biographie de Samuel Perche, artiste dipl\u00f4m\u00e9 de l'\u00c9cole sup\u00e9rieure d'art. D\u00e9couvrez son parcours unique, de la sc\u00e8ne th\u00e9\u00e2trale \u00e0 l'art contemporain.\",\"breadcrumb\":{\"@id\":\"https:\\\/\\\/samuelperche.com\\\/fr\\\/les-etreintes\\\/#breadcrumb\"},\"inLanguage\":\"fr-FR\",\"potentialAction\":[{\"@type\":\"ReadAction\",\"target\":[\"https:\\\/\\\/samuelperche.com\\\/fr\\\/les-etreintes\\\/\"]}]},{\"@type\":\"ImageObject\",\"inLanguage\":\"fr-FR\",\"@id\":\"https:\\\/\\\/samuelperche.com\\\/fr\\\/les-etreintes\\\/#primaryimage\",\"url\":\"https:\\\/\\\/samuelperche.com\\\/wp-content\\\/uploads\\\/2025\\\/12\\\/SAMUEL-PERCHE-12.jpg\",\"contentUrl\":\"https:\\\/\\\/samuelperche.com\\\/wp-content\\\/uploads\\\/2025\\\/12\\\/SAMUEL-PERCHE-12.jpg\",\"width\":2384,\"height\":2384,\"caption\":\"Photographie de L\u00e9o Panch\u00e8vre pour Jardin des Arts\"},{\"@type\":\"BreadcrumbList\",\"@id\":\"https:\\\/\\\/samuelperche.com\\\/fr\\\/les-etreintes\\\/#breadcrumb\",\"itemListElement\":[{\"@type\":\"ListItem\",\"position\":1,\"name\":\"Accueil\",\"item\":\"https:\\\/\\\/samuelperche.com\\\/\"},{\"@type\":\"ListItem\",\"position\":2,\"name\":\"Les \u00c9treintes\"}]},{\"@type\":\"WebSite\",\"@id\":\"https:\\\/\\\/samuelperche.com\\\/#website\",\"url\":\"https:\\\/\\\/samuelperche.com\\\/\",\"name\":\"Samuel Perche\",\"description\":\"Artiste queer\",\"publisher\":{\"@id\":\"https:\\\/\\\/samuelperche.com\\\/#\\\/schema\\\/person\\\/89bf2b3a24aec0e915e96350a12fd09c\"},\"potentialAction\":[{\"@type\":\"SearchAction\",\"target\":{\"@type\":\"EntryPoint\",\"urlTemplate\":\"https:\\\/\\\/samuelperche.com\\\/?s={search_term_string}\"},\"query-input\":{\"@type\":\"PropertyValueSpecification\",\"valueRequired\":true,\"valueName\":\"search_term_string\"}}],\"inLanguage\":\"fr-FR\"},{\"@type\":[\"Person\",\"Organization\"],\"@id\":\"https:\\\/\\\/samuelperche.com\\\/#\\\/schema\\\/person\\\/89bf2b3a24aec0e915e96350a12fd09c\",\"name\":\"Samuel\",\"image\":{\"@type\":\"ImageObject\",\"inLanguage\":\"fr-FR\",\"@id\":\"https:\\\/\\\/samuelperche.com\\\/wp-content\\\/uploads\\\/2024\\\/08\\\/Sam-photo-Profil-copie.jpg\",\"url\":\"https:\\\/\\\/samuelperche.com\\\/wp-content\\\/uploads\\\/2024\\\/08\\\/Sam-photo-Profil-copie.jpg\",\"contentUrl\":\"https:\\\/\\\/samuelperche.com\\\/wp-content\\\/uploads\\\/2024\\\/08\\\/Sam-photo-Profil-copie.jpg\",\"width\":750,\"height\":750,\"caption\":\"Samuel\"},\"logo\":{\"@id\":\"https:\\\/\\\/samuelperche.com\\\/wp-content\\\/uploads\\\/2024\\\/08\\\/Sam-photo-Profil-copie.jpg\"},\"sameAs\":[\"https:\\\/\\\/samuelperche.com\"]}]}<\/script>\n<!-- \/ Yoast SEO plugin. -->","yoast_head_json":{"title":"Les \u00c9treintes &#8211; Samuel Perche","description":"Parcourez la biographie de Samuel Perche, artiste dipl\u00f4m\u00e9 de l'\u00c9cole sup\u00e9rieure d'art. D\u00e9couvrez son parcours unique, de la sc\u00e8ne th\u00e9\u00e2trale \u00e0 l'art contemporain.","robots":{"index":"index","follow":"follow","max-snippet":"max-snippet:-1","max-image-preview":"max-image-preview:large","max-video-preview":"max-video-preview:-1"},"canonical":"https:\/\/samuelperche.com\/fr\/les-etreintes\/","og_locale":"fr_FR","og_type":"article","og_title":"Les \u00c9treintes &#8211; Samuel Perche","og_description":"Parcourez la biographie de Samuel Perche, artiste dipl\u00f4m\u00e9 de l'\u00c9cole sup\u00e9rieure d'art. D\u00e9couvrez son parcours unique, de la sc\u00e8ne th\u00e9\u00e2trale \u00e0 l'art contemporain.","og_url":"https:\/\/samuelperche.com\/fr\/les-etreintes\/","og_site_name":"Samuel Perche","article_modified_time":"2026-04-03T15:44:23+00:00","og_image":[{"width":1024,"height":1024,"url":"https:\/\/samuelperche.com\/wp-content\/uploads\/2025\/12\/SAMUEL-PERCHE-12-1024x1024.jpg","type":"image\/jpeg"}],"twitter_card":"summary_large_image","twitter_misc":{"Dur\u00e9e de lecture estim\u00e9e":"2 minutes"},"schema":{"@context":"https:\/\/schema.org","@graph":[{"@type":"WebPage","@id":"https:\/\/samuelperche.com\/fr\/les-etreintes\/","url":"https:\/\/samuelperche.com\/fr\/les-etreintes\/","name":"Les \u00c9treintes &#8211; Samuel Perche","isPartOf":{"@id":"https:\/\/samuelperche.com\/#website"},"primaryImageOfPage":{"@id":"https:\/\/samuelperche.com\/fr\/les-etreintes\/#primaryimage"},"image":{"@id":"https:\/\/samuelperche.com\/fr\/les-etreintes\/#primaryimage"},"thumbnailUrl":"https:\/\/samuelperche.com\/wp-content\/uploads\/2025\/12\/SAMUEL-PERCHE-12.jpg","datePublished":"2026-04-03T11:30:53+00:00","dateModified":"2026-04-03T15:44:23+00:00","description":"Parcourez la biographie de Samuel Perche, artiste dipl\u00f4m\u00e9 de l'\u00c9cole sup\u00e9rieure d'art. D\u00e9couvrez son parcours unique, de la sc\u00e8ne th\u00e9\u00e2trale \u00e0 l'art contemporain.","breadcrumb":{"@id":"https:\/\/samuelperche.com\/fr\/les-etreintes\/#breadcrumb"},"inLanguage":"fr-FR","potentialAction":[{"@type":"ReadAction","target":["https:\/\/samuelperche.com\/fr\/les-etreintes\/"]}]},{"@type":"ImageObject","inLanguage":"fr-FR","@id":"https:\/\/samuelperche.com\/fr\/les-etreintes\/#primaryimage","url":"https:\/\/samuelperche.com\/wp-content\/uploads\/2025\/12\/SAMUEL-PERCHE-12.jpg","contentUrl":"https:\/\/samuelperche.com\/wp-content\/uploads\/2025\/12\/SAMUEL-PERCHE-12.jpg","width":2384,"height":2384,"caption":"Photographie de L\u00e9o Panch\u00e8vre pour Jardin des Arts"},{"@type":"BreadcrumbList","@id":"https:\/\/samuelperche.com\/fr\/les-etreintes\/#breadcrumb","itemListElement":[{"@type":"ListItem","position":1,"name":"Accueil","item":"https:\/\/samuelperche.com\/"},{"@type":"ListItem","position":2,"name":"Les \u00c9treintes"}]},{"@type":"WebSite","@id":"https:\/\/samuelperche.com\/#website","url":"https:\/\/samuelperche.com\/","name":"Samuel Perche","description":"Artiste queer","publisher":{"@id":"https:\/\/samuelperche.com\/#\/schema\/person\/89bf2b3a24aec0e915e96350a12fd09c"},"potentialAction":[{"@type":"SearchAction","target":{"@type":"EntryPoint","urlTemplate":"https:\/\/samuelperche.com\/?s={search_term_string}"},"query-input":{"@type":"PropertyValueSpecification","valueRequired":true,"valueName":"search_term_string"}}],"inLanguage":"fr-FR"},{"@type":["Person","Organization"],"@id":"https:\/\/samuelperche.com\/#\/schema\/person\/89bf2b3a24aec0e915e96350a12fd09c","name":"Samuel","image":{"@type":"ImageObject","inLanguage":"fr-FR","@id":"https:\/\/samuelperche.com\/wp-content\/uploads\/2024\/08\/Sam-photo-Profil-copie.jpg","url":"https:\/\/samuelperche.com\/wp-content\/uploads\/2024\/08\/Sam-photo-Profil-copie.jpg","contentUrl":"https:\/\/samuelperche.com\/wp-content\/uploads\/2024\/08\/Sam-photo-Profil-copie.jpg","width":750,"height":750,"caption":"Samuel"},"logo":{"@id":"https:\/\/samuelperche.com\/wp-content\/uploads\/2024\/08\/Sam-photo-Profil-copie.jpg"},"sameAs":["https:\/\/samuelperche.com"]}]}},"_links":{"self":[{"href":"https:\/\/samuelperche.com\/fr\/wp-json\/wp\/v2\/pages\/6440","targetHints":{"allow":["GET"]}}],"collection":[{"href":"https:\/\/samuelperche.com\/fr\/wp-json\/wp\/v2\/pages"}],"about":[{"href":"https:\/\/samuelperche.com\/fr\/wp-json\/wp\/v2\/types\/page"}],"author":[{"embeddable":true,"href":"https:\/\/samuelperche.com\/fr\/wp-json\/wp\/v2\/users\/1"}],"replies":[{"embeddable":true,"href":"https:\/\/samuelperche.com\/fr\/wp-json\/wp\/v2\/comments?post=6440"}],"version-history":[{"count":4,"href":"https:\/\/samuelperche.com\/fr\/wp-json\/wp\/v2\/pages\/6440\/revisions"}],"predecessor-version":[{"id":6635,"href":"https:\/\/samuelperche.com\/fr\/wp-json\/wp\/v2\/pages\/6440\/revisions\/6635"}],"wp:featuredmedia":[{"embeddable":true,"href":"https:\/\/samuelperche.com\/fr\/wp-json\/wp\/v2\/media\/5975"}],"wp:attachment":[{"href":"https:\/\/samuelperche.com\/fr\/wp-json\/wp\/v2\/media?parent=6440"}],"curies":[{"name":"wp","href":"https:\/\/api.w.org\/{rel}","templated":true}]}}