{"id":4786,"date":"2024-10-16T12:44:58","date_gmt":"2024-10-16T12:44:58","guid":{"rendered":"https:\/\/samuelperche.com\/?page_id=4786"},"modified":"2024-11-11T20:48:33","modified_gmt":"2024-11-11T20:48:33","slug":"boutique","status":"publish","type":"page","link":"https:\/\/samuelperche.com\/fr\/boutique\/","title":{"rendered":"Boutique"},"content":{"rendered":"\t\t<div data-elementor-type=\"wp-page\" data-elementor-id=\"4786\" class=\"elementor elementor-4786\" data-elementor-post-type=\"page\">\n\t\t\t\t<div class=\"elementor-element elementor-element-64e6b44 e-con-full e-flex e-con e-parent\" data-id=\"64e6b44\" data-element_type=\"container\" data-e-type=\"container\" data-settings=\"{&quot;background_background&quot;:&quot;classic&quot;}\">\n\t\t<div class=\"elementor-element elementor-element-dbb6493 e-con-full e-flex e-con e-child\" data-id=\"dbb6493\" data-element_type=\"container\" data-e-type=\"container\">\n\t\t\t\t<div class=\"elementor-element elementor-element-908a285 elementor-widget elementor-widget-heading\" data-id=\"908a285\" data-element_type=\"widget\" data-e-type=\"widget\" data-widget_type=\"heading.default\">\n\t\t\t\t<div class=\"elementor-widget-container\">\n\t\t\t\t\t<h1 class=\"elementor-heading-title elementor-size-default\">Boutique<\/h1>\t\t\t\t<\/div>\n\t\t\t\t<\/div>\n\t\t\t\t<\/div>\n\t\t\t\t<\/div>\n\t\t<div class=\"elementor-element elementor-element-dd8e42e e-flex e-con-boxed e-con e-parent\" data-id=\"dd8e42e\" data-element_type=\"container\" data-e-type=\"container\">\n\t\t\t\t\t<div class=\"e-con-inner\">\n\t\t<div class=\"elementor-element elementor-element-6898bcb e-grid e-con-full e-con e-child\" data-id=\"6898bcb\" data-element_type=\"container\" data-e-type=\"container\">\n\t\t\t\t<div class=\"elementor-element elementor-element-6cdb07b elementor-view-default elementor-position-block-start elementor-mobile-position-block-start elementor-widget elementor-widget-icon-box\" data-id=\"6cdb07b\" data-element_type=\"widget\" data-e-type=\"widget\" data-widget_type=\"icon-box.default\">\n\t\t\t\t<div class=\"elementor-widget-container\">\n\t\t\t\t\t\t\t<div class=\"elementor-icon-box-wrapper\">\n\n\t\t\t\t\t\t<div class=\"elementor-icon-box-icon\">\n\t\t\t\t<span  class=\"elementor-icon\">\n\t\t\t\t<svg aria-hidden=\"true\" class=\"e-font-icon-svg e-fas-shield-alt\" viewBox=\"0 0 512 512\" xmlns=\"http:\/\/www.w3.org\/2000\/svg\"><path d=\"M466.5 83.7l-192-80a48.15 48.15 0 0 0-36.9 0l-192 80C27.7 91.1 16 108.6 16 128c0 198.5 114.5 335.7 221.5 380.3 11.8 4.9 25.1 4.9 36.9 0C360.1 472.6 496 349.3 496 128c0-19.4-11.7-36.9-29.5-44.3zM256.1 446.3l-.1-381 175.9 73.3c-3.3 151.4-82.1 261.1-175.8 307.7z\"><\/path><\/svg>\t\t\t\t<\/span>\n\t\t\t<\/div>\n\t\t\t\n\t\t\t\t\t\t<div class=\"elementor-icon-box-content\">\n\n\t\t\t\t\t\t\t\t\t<h3 class=\"elementor-icon-box-title\">\n\t\t\t\t\t\t<span  >\n\t\t\t\t\t\t\tPaiement s\u00e9curis\u00e9\t\t\t\t\t\t<\/span>\n\t\t\t\t\t<\/h3>\n\t\t\t\t\n\t\t\t\t\t\t\t\t\t<p class=\"elementor-icon-box-description\">\n\t\t\t\t\t\tVous ne serez d\u00e9bit\u00e9 qu'une fois l'\u0153uvre re\u00e7ue.\t\t\t\t\t<\/p>\n\t\t\t\t\n\t\t\t<\/div>\n\t\t\t\n\t\t<\/div>\n\t\t\t\t\t\t<\/div>\n\t\t\t\t<\/div>\n\t\t\t\t<div class=\"elementor-element elementor-element-b4be1d6 elementor-view-default elementor-position-block-start elementor-mobile-position-block-start elementor-widget elementor-widget-icon-box\" data-id=\"b4be1d6\" data-element_type=\"widget\" data-e-type=\"widget\" data-widget_type=\"icon-box.default\">\n\t\t\t\t<div class=\"elementor-widget-container\">\n\t\t\t\t\t\t\t<div class=\"elementor-icon-box-wrapper\">\n\n\t\t\t\t\t\t<div class=\"elementor-icon-box-icon\">\n\t\t\t\t<span  class=\"elementor-icon\">\n\t\t\t\t<svg aria-hidden=\"true\" class=\"e-font-icon-svg e-fas-globe-africa\" viewBox=\"0 0 496 512\" xmlns=\"http:\/\/www.w3.org\/2000\/svg\"><path d=\"M248 8C111.03 8 0 119.03 0 256s111.03 248 248 248 248-111.03 248-248S384.97 8 248 8zm160 215.5v6.93c0 5.87-3.32 11.24-8.57 13.86l-15.39 7.7a15.485 15.485 0 0 1-15.53-.97l-18.21-12.14a15.52 15.52 0 0 0-13.5-1.81l-2.65.88c-9.7 3.23-13.66 14.79-7.99 23.3l13.24 19.86c2.87 4.31 7.71 6.9 12.89 6.9h8.21c8.56 0 15.5 6.94 15.5 15.5v11.34c0 3.35-1.09 6.62-3.1 9.3l-18.74 24.98c-1.42 1.9-2.39 4.1-2.83 6.43l-4.3 22.83c-.62 3.29-2.29 6.29-4.76 8.56a159.608 159.608 0 0 0-25 29.16l-13.03 19.55a27.756 27.756 0 0 1-23.09 12.36c-10.51 0-20.12-5.94-24.82-15.34a78.902 78.902 0 0 1-8.33-35.29V367.5c0-8.56-6.94-15.5-15.5-15.5h-25.88c-14.49 0-28.38-5.76-38.63-16a54.659 54.659 0 0 1-16-38.63v-14.06c0-17.19 8.1-33.38 21.85-43.7l27.58-20.69a54.663 54.663 0 0 1 32.78-10.93h.89c8.48 0 16.85 1.97 24.43 5.77l14.72 7.36c3.68 1.84 7.93 2.14 11.83.84l47.31-15.77c6.33-2.11 10.6-8.03 10.6-14.7 0-8.56-6.94-15.5-15.5-15.5h-10.09c-4.11 0-8.05-1.63-10.96-4.54l-6.92-6.92a15.493 15.493 0 0 0-10.96-4.54H199.5c-8.56 0-15.5-6.94-15.5-15.5v-4.4c0-7.11 4.84-13.31 11.74-15.04l14.45-3.61c3.74-.94 7-3.23 9.14-6.44l8.08-12.11c2.87-4.31 7.71-6.9 12.89-6.9h24.21c8.56 0 15.5-6.94 15.5-15.5v-21.7C359.23 71.63 422.86 131.02 441.93 208H423.5c-8.56 0-15.5 6.94-15.5 15.5z\"><\/path><\/svg>\t\t\t\t<\/span>\n\t\t\t<\/div>\n\t\t\t\n\t\t\t\t\t\t<div class=\"elementor-icon-box-content\">\n\n\t\t\t\t\t\t\t\t\t<h3 class=\"elementor-icon-box-title\">\n\t\t\t\t\t\t<span  >\n\t\t\t\t\t\t\tLivraison gratuite\t\t\t\t\t\t<\/span>\n\t\t\t\t\t<\/h3>\n\t\t\t\t\n\t\t\t\t\t\t\t\t\t<p class=\"elementor-icon-box-description\">\n\t\t\t\t\t\tEn France m\u00e9tropolitaine et en Europe.\t\t\t\t\t<\/p>\n\t\t\t\t\n\t\t\t<\/div>\n\t\t\t\n\t\t<\/div>\n\t\t\t\t\t\t<\/div>\n\t\t\t\t<\/div>\n\t\t\t\t<div class=\"elementor-element elementor-element-47b9013 elementor-view-default elementor-position-block-start elementor-mobile-position-block-start elementor-widget elementor-widget-icon-box\" data-id=\"47b9013\" data-element_type=\"widget\" data-e-type=\"widget\" data-widget_type=\"icon-box.default\">\n\t\t\t\t<div class=\"elementor-widget-container\">\n\t\t\t\t\t\t\t<div class=\"elementor-icon-box-wrapper\">\n\n\t\t\t\t\t\t<div class=\"elementor-icon-box-icon\">\n\t\t\t\t<span  class=\"elementor-icon\">\n\t\t\t\t<svg aria-hidden=\"true\" class=\"e-font-icon-svg e-fas-history\" viewBox=\"0 0 512 512\" xmlns=\"http:\/\/www.w3.org\/2000\/svg\"><path d=\"M504 255.531c.253 136.64-111.18 248.372-247.82 248.468-59.015.042-113.223-20.53-155.822-54.911-11.077-8.94-11.905-25.541-1.839-35.607l11.267-11.267c8.609-8.609 22.353-9.551 31.891-1.984C173.062 425.135 212.781 440 256 440c101.705 0 184-82.311 184-184 0-101.705-82.311-184-184-184-48.814 0-93.149 18.969-126.068 49.932l50.754 50.754c10.08 10.08 2.941 27.314-11.313 27.314H24c-8.837 0-16-7.163-16-16V38.627c0-14.254 17.234-21.393 27.314-11.314l49.372 49.372C129.209 34.136 189.552 8 256 8c136.81 0 247.747 110.78 248 247.531zm-180.912 78.784l9.823-12.63c8.138-10.463 6.253-25.542-4.21-33.679L288 256.349V152c0-13.255-10.745-24-24-24h-16c-13.255 0-24 10.745-24 24v135.651l65.409 50.874c10.463 8.137 25.541 6.253 33.679-4.21z\"><\/path><\/svg>\t\t\t\t<\/span>\n\t\t\t<\/div>\n\t\t\t\n\t\t\t\t\t\t<div class=\"elementor-icon-box-content\">\n\n\t\t\t\t\t\t\t\t\t<h3 class=\"elementor-icon-box-title\">\n\t\t\t\t\t\t<span  >\n\t\t\t\t\t\t\tRetours gratuits\t\t\t\t\t\t<\/span>\n\t\t\t\t\t<\/h3>\n\t\t\t\t\n\t\t\t\t\t\t\t\t\t<p class=\"elementor-icon-box-description\">\n\t\t\t\t\t\tNon applicable pour les demandes particuli\u00e8res.\t\t\t\t\t<\/p>\n\t\t\t\t\n\t\t\t<\/div>\n\t\t\t\n\t\t<\/div>\n\t\t\t\t\t\t<\/div>\n\t\t\t\t<\/div>\n\t\t\t\t<div class=\"elementor-element elementor-element-5495e54 elementor-view-default elementor-position-block-start elementor-mobile-position-block-start elementor-widget elementor-widget-icon-box\" data-id=\"5495e54\" data-element_type=\"widget\" data-e-type=\"widget\" data-widget_type=\"icon-box.default\">\n\t\t\t\t<div class=\"elementor-widget-container\">\n\t\t\t\t\t\t\t<div class=\"elementor-icon-box-wrapper\">\n\n\t\t\t\t\t\t<div class=\"elementor-icon-box-icon\">\n\t\t\t\t<span  class=\"elementor-icon\">\n\t\t\t\t<svg aria-hidden=\"true\" class=\"e-font-icon-svg e-fas-palette\" viewBox=\"0 0 512 512\" xmlns=\"http:\/\/www.w3.org\/2000\/svg\"><path d=\"M204.3 5C104.9 24.4 24.8 104.3 5.2 203.4c-37 187 131.7 326.4 258.8 306.7 41.2-6.4 61.4-54.6 42.5-91.7-23.1-45.4 9.9-98.4 60.9-98.4h79.7c35.8 0 64.8-29.6 64.9-65.3C511.5 97.1 368.1-26.9 204.3 5zM96 320c-17.7 0-32-14.3-32-32s14.3-32 32-32 32 14.3 32 32-14.3 32-32 32zm32-128c-17.7 0-32-14.3-32-32s14.3-32 32-32 32 14.3 32 32-14.3 32-32 32zm128-64c-17.7 0-32-14.3-32-32s14.3-32 32-32 32 14.3 32 32-14.3 32-32 32zm128 64c-17.7 0-32-14.3-32-32s14.3-32 32-32 32 14.3 32 32-14.3 32-32 32z\"><\/path><\/svg>\t\t\t\t<\/span>\n\t\t\t<\/div>\n\t\t\t\n\t\t\t\t\t\t<div class=\"elementor-icon-box-content\">\n\n\t\t\t\t\t\t\t\t\t<h3 class=\"elementor-icon-box-title\">\n\t\t\t\t\t\t<span  >\n\t\t\t\t\t\t\tService apr\u00e8s-vente\t\t\t\t\t\t<\/span>\n\t\t\t\t\t<\/h3>\n\t\t\t\t\n\t\t\t\t\t\t\t\t\t<p class=\"elementor-icon-box-description\">\n\t\t\t\t\t\tUne question ? Contactez-moi sur samuelperche@gmail.com\t\t\t\t\t<\/p>\n\t\t\t\t\n\t\t\t<\/div>\n\t\t\t\n\t\t<\/div>\n\t\t\t\t\t\t<\/div>\n\t\t\t\t<\/div>\n\t\t\t\t<\/div>\n\t\t\t\t\t<\/div>\n\t\t\t\t<\/div>\n\t\t<div class=\"elementor-element elementor-element-25b12e4 e-flex e-con-boxed e-con e-parent\" data-id=\"25b12e4\" data-element_type=\"container\" data-e-type=\"container\" data-settings=\"{&quot;background_background&quot;:&quot;classic&quot;}\">\n\t\t\t\t\t<div class=\"e-con-inner\">\n\t\t<div class=\"elementor-element elementor-element-9eb6e3a e-con-full e-flex e-con e-child\" data-id=\"9eb6e3a\" data-element_type=\"container\" data-e-type=\"container\">\n\t\t\t\t<div class=\"elementor-element elementor-element-00e6397 elementor-widget elementor-widget-heading\" data-id=\"00e6397\" data-element_type=\"widget\" data-e-type=\"widget\" data-widget_type=\"heading.default\">\n\t\t\t\t<div class=\"elementor-widget-container\">\n\t\t\t\t\t<h2 class=\"elementor-heading-title elementor-size-default\">Me suivre<\/h2>\t\t\t\t<\/div>\n\t\t\t\t<\/div>\n\t\t\t\t<\/div>\n\t\t<div class=\"elementor-element elementor-element-1da6890 e-con-full e-flex e-con e-child\" data-id=\"1da6890\" data-element_type=\"container\" data-e-type=\"container\">\n\t\t\t\t<div class=\"elementor-element elementor-element-e357aff elementor-mobile-align-center elementor-align-center elementor-widget elementor-widget-button\" data-id=\"e357aff\" data-element_type=\"widget\" data-e-type=\"widget\" data-widget_type=\"button.default\">\n\t\t\t\t<div class=\"elementor-widget-container\">\n\t\t\t\t\t\t\t\t\t<div class=\"elementor-button-wrapper\">\n\t\t\t\t\t<a class=\"elementor-button elementor-button-link elementor-size-sm\" href=\"https:\/\/www.facebook.com\/profile.php?id=61559879999308\">\n\t\t\t\t\t\t<span class=\"elementor-button-content-wrapper\">\n\t\t\t\t\t\t\t\t\t<span class=\"elementor-button-text\">Facebook<\/span>\n\t\t\t\t\t<\/span>\n\t\t\t\t\t<\/a>\n\t\t\t\t<\/div>\n\t\t\t\t\t\t\t\t<\/div>\n\t\t\t\t<\/div>\n\t\t\t\t<div class=\"elementor-element elementor-element-46660f7 elementor-mobile-align-center elementor-align-center elementor-widget elementor-widget-button\" data-id=\"46660f7\" data-element_type=\"widget\" data-e-type=\"widget\" data-widget_type=\"button.default\">\n\t\t\t\t<div class=\"elementor-widget-container\">\n\t\t\t\t\t\t\t\t\t<div class=\"elementor-button-wrapper\">\n\t\t\t\t\t<a class=\"elementor-button elementor-button-link elementor-size-sm\" href=\"https:\/\/www.instagram.com\/samuelperche\/\">\n\t\t\t\t\t\t<span class=\"elementor-button-content-wrapper\">\n\t\t\t\t\t\t\t\t\t<span class=\"elementor-button-text\">Instagram<\/span>\n\t\t\t\t\t<\/span>\n\t\t\t\t\t<\/a>\n\t\t\t\t<\/div>\n\t\t\t\t\t\t\t\t<\/div>\n\t\t\t\t<\/div>\n\t\t\t\t<\/div>\n\t\t\t\t\t<\/div>\n\t\t\t\t<\/div>\n\t\t\t\t<\/div>\n\t\t","protected":false},"excerpt":{"rendered":"<p>Boutique Paiement s\u00e9curis\u00e9 Vous ne serez d\u00e9bit\u00e9 qu&rsquo;une fois l&rsquo;\u0153uvre re\u00e7ue. Livraison gratuite En France m\u00e9tropolitaine et en Europe. Retours gratuits Non applicable pour les demandes particuli\u00e8res. Service apr\u00e8s-vente Une question ? Contactez-moi sur samuelperche@gmail.com Me suivre Facebook Instagram<\/p>\n","protected":false},"author":3,"featured_media":2041,"parent":0,"menu_order":0,"comment_status":"closed","ping_status":"closed","template":"","meta":{"_monsterinsights_skip_tracking":false,"_monsterinsights_sitenote_active":false,"_monsterinsights_sitenote_note":"","_monsterinsights_sitenote_category":0,"footnotes":""},"class_list":["post-4786","page","type-page","status-publish","has-post-thumbnail","hentry"],"yoast_head":"<!-- This site is optimized with the Yoast SEO plugin v27.3 - https:\/\/yoast.com\/product\/yoast-seo-wordpress\/ -->\n<title>Boutique &#8211; Samuel Perche<\/title>\n<meta name=\"description\" content=\"D\u00e9couvrez la boutique en ligne de Samuel Perche o\u00f9 vous pourrez vous procurer ses \u0153uvres. Vous y retrouverez ses tableaux ainsi que ses dessins.\" \/>\n<meta name=\"robots\" content=\"index, follow, max-snippet:-1, max-image-preview:large, max-video-preview:-1\" \/>\n<link rel=\"canonical\" href=\"https:\/\/samuelperche.com\/fr\/boutique\/\" \/>\n<meta property=\"og:locale\" content=\"fr_FR\" \/>\n<meta property=\"og:type\" content=\"article\" \/>\n<meta property=\"og:title\" content=\"Boutique &#8211; Samuel Perche\" \/>\n<meta property=\"og:description\" content=\"D\u00e9couvrez la boutique en ligne de Samuel Perche o\u00f9 vous pourrez vous procurer ses \u0153uvres. Vous y retrouverez ses tableaux ainsi que ses dessins.\" \/>\n<meta property=\"og:url\" content=\"https:\/\/samuelperche.com\/fr\/boutique\/\" \/>\n<meta property=\"og:site_name\" content=\"Samuel Perche\" \/>\n<meta property=\"article:modified_time\" content=\"2024-11-11T20:48:33+00:00\" \/>\n<meta property=\"og:image\" content=\"https:\/\/samuelperche.com\/wp-content\/uploads\/2024\/08\/Yanig-100x80-2023-Full-819x1024.jpg\" \/>\n\t<meta property=\"og:image:width\" content=\"819\" \/>\n\t<meta property=\"og:image:height\" content=\"1024\" \/>\n\t<meta property=\"og:image:type\" content=\"image\/jpeg\" \/>\n<meta name=\"twitter:card\" content=\"summary_large_image\" \/>\n<meta name=\"twitter:label1\" content=\"Dur\u00e9e de lecture estim\u00e9e\" \/>\n\t<meta name=\"twitter:data1\" content=\"1 minute\" \/>\n<script type=\"application\/ld+json\" class=\"yoast-schema-graph\">{\"@context\":\"https:\\\/\\\/schema.org\",\"@graph\":[{\"@type\":\"WebPage\",\"@id\":\"https:\\\/\\\/samuelperche.com\\\/boutique\\\/\",\"url\":\"https:\\\/\\\/samuelperche.com\\\/boutique\\\/\",\"name\":\"Boutique &#8211; Samuel Perche\",\"isPartOf\":{\"@id\":\"https:\\\/\\\/samuelperche.com\\\/#website\"},\"primaryImageOfPage\":{\"@id\":\"https:\\\/\\\/samuelperche.com\\\/boutique\\\/#primaryimage\"},\"image\":{\"@id\":\"https:\\\/\\\/samuelperche.com\\\/boutique\\\/#primaryimage\"},\"thumbnailUrl\":\"https:\\\/\\\/samuelperche.com\\\/wp-content\\\/uploads\\\/2024\\\/08\\\/Yanig-100x80-2023-Full.jpg\",\"datePublished\":\"2024-10-16T12:44:58+00:00\",\"dateModified\":\"2024-11-11T20:48:33+00:00\",\"description\":\"D\u00e9couvrez la boutique en ligne de Samuel Perche o\u00f9 vous pourrez vous procurer ses \u0153uvres. Vous y retrouverez ses tableaux ainsi que ses dessins.\",\"breadcrumb\":{\"@id\":\"https:\\\/\\\/samuelperche.com\\\/boutique\\\/#breadcrumb\"},\"inLanguage\":\"fr-FR\",\"potentialAction\":[{\"@type\":\"ReadAction\",\"target\":[\"https:\\\/\\\/samuelperche.com\\\/boutique\\\/\"]}]},{\"@type\":\"ImageObject\",\"inLanguage\":\"fr-FR\",\"@id\":\"https:\\\/\\\/samuelperche.com\\\/boutique\\\/#primaryimage\",\"url\":\"https:\\\/\\\/samuelperche.com\\\/wp-content\\\/uploads\\\/2024\\\/08\\\/Yanig-100x80-2023-Full.jpg\",\"contentUrl\":\"https:\\\/\\\/samuelperche.com\\\/wp-content\\\/uploads\\\/2024\\\/08\\\/Yanig-100x80-2023-Full.jpg\",\"width\":1200,\"height\":1500,\"caption\":\"Acrylique sur toile de coton et lurex, 100x80cm, 2023\"},{\"@type\":\"BreadcrumbList\",\"@id\":\"https:\\\/\\\/samuelperche.com\\\/boutique\\\/#breadcrumb\",\"itemListElement\":[{\"@type\":\"ListItem\",\"position\":1,\"name\":\"Accueil\",\"item\":\"https:\\\/\\\/samuelperche.com\\\/\"},{\"@type\":\"ListItem\",\"position\":2,\"name\":\"Boutique\"}]},{\"@type\":\"WebSite\",\"@id\":\"https:\\\/\\\/samuelperche.com\\\/#website\",\"url\":\"https:\\\/\\\/samuelperche.com\\\/\",\"name\":\"Samuel Perche\",\"description\":\"Artiste queer\",\"publisher\":{\"@id\":\"https:\\\/\\\/samuelperche.com\\\/#\\\/schema\\\/person\\\/89bf2b3a24aec0e915e96350a12fd09c\"},\"potentialAction\":[{\"@type\":\"SearchAction\",\"target\":{\"@type\":\"EntryPoint\",\"urlTemplate\":\"https:\\\/\\\/samuelperche.com\\\/?s={search_term_string}\"},\"query-input\":{\"@type\":\"PropertyValueSpecification\",\"valueRequired\":true,\"valueName\":\"search_term_string\"}}],\"inLanguage\":\"fr-FR\"},{\"@type\":[\"Person\",\"Organization\"],\"@id\":\"https:\\\/\\\/samuelperche.com\\\/#\\\/schema\\\/person\\\/89bf2b3a24aec0e915e96350a12fd09c\",\"name\":\"Samuel\",\"image\":{\"@type\":\"ImageObject\",\"inLanguage\":\"fr-FR\",\"@id\":\"https:\\\/\\\/samuelperche.com\\\/wp-content\\\/uploads\\\/2024\\\/08\\\/Sam-photo-Profil-copie.jpg\",\"url\":\"https:\\\/\\\/samuelperche.com\\\/wp-content\\\/uploads\\\/2024\\\/08\\\/Sam-photo-Profil-copie.jpg\",\"contentUrl\":\"https:\\\/\\\/samuelperche.com\\\/wp-content\\\/uploads\\\/2024\\\/08\\\/Sam-photo-Profil-copie.jpg\",\"width\":750,\"height\":750,\"caption\":\"Samuel\"},\"logo\":{\"@id\":\"https:\\\/\\\/samuelperche.com\\\/wp-content\\\/uploads\\\/2024\\\/08\\\/Sam-photo-Profil-copie.jpg\"},\"sameAs\":[\"https:\\\/\\\/samuelperche.com\"]}]}<\/script>\n<!-- \/ Yoast SEO plugin. -->","yoast_head_json":{"title":"Boutique &#8211; Samuel Perche","description":"D\u00e9couvrez la boutique en ligne de Samuel Perche o\u00f9 vous pourrez vous procurer ses \u0153uvres. Vous y retrouverez ses tableaux ainsi que ses dessins.","robots":{"index":"index","follow":"follow","max-snippet":"max-snippet:-1","max-image-preview":"max-image-preview:large","max-video-preview":"max-video-preview:-1"},"canonical":"https:\/\/samuelperche.com\/fr\/boutique\/","og_locale":"fr_FR","og_type":"article","og_title":"Boutique &#8211; Samuel Perche","og_description":"D\u00e9couvrez la boutique en ligne de Samuel Perche o\u00f9 vous pourrez vous procurer ses \u0153uvres. Vous y retrouverez ses tableaux ainsi que ses dessins.","og_url":"https:\/\/samuelperche.com\/fr\/boutique\/","og_site_name":"Samuel Perche","article_modified_time":"2024-11-11T20:48:33+00:00","og_image":[{"width":819,"height":1024,"url":"https:\/\/samuelperche.com\/wp-content\/uploads\/2024\/08\/Yanig-100x80-2023-Full-819x1024.jpg","type":"image\/jpeg"}],"twitter_card":"summary_large_image","twitter_misc":{"Dur\u00e9e de lecture estim\u00e9e":"1 minute"},"schema":{"@context":"https:\/\/schema.org","@graph":[{"@type":"WebPage","@id":"https:\/\/samuelperche.com\/boutique\/","url":"https:\/\/samuelperche.com\/boutique\/","name":"Boutique &#8211; Samuel Perche","isPartOf":{"@id":"https:\/\/samuelperche.com\/#website"},"primaryImageOfPage":{"@id":"https:\/\/samuelperche.com\/boutique\/#primaryimage"},"image":{"@id":"https:\/\/samuelperche.com\/boutique\/#primaryimage"},"thumbnailUrl":"https:\/\/samuelperche.com\/wp-content\/uploads\/2024\/08\/Yanig-100x80-2023-Full.jpg","datePublished":"2024-10-16T12:44:58+00:00","dateModified":"2024-11-11T20:48:33+00:00","description":"D\u00e9couvrez la boutique en ligne de Samuel Perche o\u00f9 vous pourrez vous procurer ses \u0153uvres. Vous y retrouverez ses tableaux ainsi que ses dessins.","breadcrumb":{"@id":"https:\/\/samuelperche.com\/boutique\/#breadcrumb"},"inLanguage":"fr-FR","potentialAction":[{"@type":"ReadAction","target":["https:\/\/samuelperche.com\/boutique\/"]}]},{"@type":"ImageObject","inLanguage":"fr-FR","@id":"https:\/\/samuelperche.com\/boutique\/#primaryimage","url":"https:\/\/samuelperche.com\/wp-content\/uploads\/2024\/08\/Yanig-100x80-2023-Full.jpg","contentUrl":"https:\/\/samuelperche.com\/wp-content\/uploads\/2024\/08\/Yanig-100x80-2023-Full.jpg","width":1200,"height":1500,"caption":"Acrylique sur toile de coton et lurex, 100x80cm, 2023"},{"@type":"BreadcrumbList","@id":"https:\/\/samuelperche.com\/boutique\/#breadcrumb","itemListElement":[{"@type":"ListItem","position":1,"name":"Accueil","item":"https:\/\/samuelperche.com\/"},{"@type":"ListItem","position":2,"name":"Boutique"}]},{"@type":"WebSite","@id":"https:\/\/samuelperche.com\/#website","url":"https:\/\/samuelperche.com\/","name":"Samuel Perche","description":"Artiste queer","publisher":{"@id":"https:\/\/samuelperche.com\/#\/schema\/person\/89bf2b3a24aec0e915e96350a12fd09c"},"potentialAction":[{"@type":"SearchAction","target":{"@type":"EntryPoint","urlTemplate":"https:\/\/samuelperche.com\/?s={search_term_string}"},"query-input":{"@type":"PropertyValueSpecification","valueRequired":true,"valueName":"search_term_string"}}],"inLanguage":"fr-FR"},{"@type":["Person","Organization"],"@id":"https:\/\/samuelperche.com\/#\/schema\/person\/89bf2b3a24aec0e915e96350a12fd09c","name":"Samuel","image":{"@type":"ImageObject","inLanguage":"fr-FR","@id":"https:\/\/samuelperche.com\/wp-content\/uploads\/2024\/08\/Sam-photo-Profil-copie.jpg","url":"https:\/\/samuelperche.com\/wp-content\/uploads\/2024\/08\/Sam-photo-Profil-copie.jpg","contentUrl":"https:\/\/samuelperche.com\/wp-content\/uploads\/2024\/08\/Sam-photo-Profil-copie.jpg","width":750,"height":750,"caption":"Samuel"},"logo":{"@id":"https:\/\/samuelperche.com\/wp-content\/uploads\/2024\/08\/Sam-photo-Profil-copie.jpg"},"sameAs":["https:\/\/samuelperche.com"]}]}},"_links":{"self":[{"href":"https:\/\/samuelperche.com\/fr\/wp-json\/wp\/v2\/pages\/4786","targetHints":{"allow":["GET"]}}],"collection":[{"href":"https:\/\/samuelperche.com\/fr\/wp-json\/wp\/v2\/pages"}],"about":[{"href":"https:\/\/samuelperche.com\/fr\/wp-json\/wp\/v2\/types\/page"}],"author":[{"embeddable":true,"href":"https:\/\/samuelperche.com\/fr\/wp-json\/wp\/v2\/users\/3"}],"replies":[{"embeddable":true,"href":"https:\/\/samuelperche.com\/fr\/wp-json\/wp\/v2\/comments?post=4786"}],"version-history":[{"count":5,"href":"https:\/\/samuelperche.com\/fr\/wp-json\/wp\/v2\/pages\/4786\/revisions"}],"predecessor-version":[{"id":4810,"href":"https:\/\/samuelperche.com\/fr\/wp-json\/wp\/v2\/pages\/4786\/revisions\/4810"}],"wp:featuredmedia":[{"embeddable":true,"href":"https:\/\/samuelperche.com\/fr\/wp-json\/wp\/v2\/media\/2041"}],"wp:attachment":[{"href":"https:\/\/samuelperche.com\/fr\/wp-json\/wp\/v2\/media?parent=4786"}],"curies":[{"name":"wp","href":"https:\/\/api.w.org\/{rel}","templated":true}]}}