{"id":299,"date":"2024-07-16T22:28:04","date_gmt":"2024-07-16T22:28:04","guid":{"rendered":"https:\/\/samuelperche.com\/?page_id=299"},"modified":"2026-04-04T08:06:40","modified_gmt":"2026-04-04T08:06:40","slug":"biographie","status":"publish","type":"page","link":"https:\/\/samuelperche.com\/fr\/biographie\/","title":{"rendered":"Biographie"},"content":{"rendered":"\t\t<div data-elementor-type=\"wp-page\" data-elementor-id=\"299\" class=\"elementor elementor-299\" data-elementor-post-type=\"page\">\n\t\t\t\t<div class=\"elementor-element elementor-element-214a8c8 e-flex e-con-boxed e-con e-parent\" data-id=\"214a8c8\" data-element_type=\"container\" data-e-type=\"container\">\n\t\t\t\t\t<div class=\"e-con-inner\">\n\t\t<div class=\"elementor-element elementor-element-9939511 e-con-full e-flex e-con e-child\" data-id=\"9939511\" data-element_type=\"container\" data-e-type=\"container\">\n\t\t\t\t<div class=\"elementor-element elementor-element-1515657 elementor-widget elementor-widget-text-editor\" data-id=\"1515657\" data-element_type=\"widget\" data-e-type=\"widget\" data-widget_type=\"text-editor.default\">\n\t\t\t\t<div class=\"elementor-widget-container\">\n\t\t\t\t\t\t\t\t\t<p><em><sup>\u00ab <\/sup><\/em><em>Pour moi utiliser le mot queer est une lib\u00e9ration. <\/em><\/p><p><em>C\u2019est un mot qui m\u2019effrayait, mais ce n\u2019est plus le cas.<\/em><em><sup>\u00bb<\/sup><\/em><\/p><p><strong>Derek Jarman<\/strong><\/p>\t\t\t\t\t\t\t\t<\/div>\n\t\t\t\t<\/div>\n\t\t\t\t<div class=\"elementor-element elementor-element-fefe8bf elementor-widget elementor-widget-heading\" data-id=\"fefe8bf\" data-element_type=\"widget\" data-e-type=\"widget\" data-widget_type=\"heading.default\">\n\t\t\t\t<div class=\"elementor-widget-container\">\n\t\t\t\t\t<h1 class=\"elementor-heading-title elementor-size-default\">biographie<\/h1>\t\t\t\t<\/div>\n\t\t\t\t<\/div>\n\t\t\t\t<div class=\"elementor-element elementor-element-f927ee8 elementor-widget__width-inherit elementor-widget elementor-widget-text-editor\" data-id=\"f927ee8\" data-element_type=\"widget\" data-e-type=\"widget\" data-widget_type=\"text-editor.default\">\n\t\t\t\t<div class=\"elementor-widget-container\">\n\t\t\t\t\t\t\t\t\t<p><em>\u00ab Je suis un artiste queer. <\/em><em>C\u2019est le prisme de tout ce qui d\u00e9termine mon travail artistique. Une fa\u00e7on de d\u00e9construire et de r\u00e9parer.\u00bb<\/em><\/p>\t\t\t\t\t\t\t\t<\/div>\n\t\t\t\t<\/div>\n\t\t\t\t<div class=\"elementor-element elementor-element-b8da7f2 elementor-widget__width-initial elementor-widget elementor-widget-text-editor\" data-id=\"b8da7f2\" data-element_type=\"widget\" data-e-type=\"widget\" data-widget_type=\"text-editor.default\">\n\t\t\t\t<div class=\"elementor-widget-container\">\n\t\t\t\t\t\t\t\t\t<p>D\u2019abord vid\u00e9aste, puis com\u00e9dien pour le th\u00e9\u00e2tre et la t\u00e9l\u00e9vision, Samuel part s\u2019installer en 2013 \u00e0 La R\u00e9union, sort dipl\u00f4m\u00e9 de l\u2019\u00c9cole sup\u00e9rieure d\u2019art en 2017, \u00e0 37 ans, et commence \u00e0 exposer un travail de sculpture et de peinture qui remet en question la virilit\u00e9 h\u00e9ro\u00efque. En parall\u00e8le, il s\u2019engage dans la lutte pour les droits des personnes LGBTQIA+ dans l\u2019oc\u00e9an Indien, tout en s\u2019impliquant dans le secteur artistique de l\u2019\u00eele.<\/p><p>Tr\u00e8s t\u00f4t int\u00e9ress\u00e9 par les marges, il se nourrit d\u2019une culture gay essentiellement litt\u00e9raire et th\u00e9\u00e2trale o\u00f9 l\u2019identit\u00e9 est en souffrance et en lutte face \u00e0 un avenir \u00e0 court terme. Aussi dans son univers plastique, comme un paradigme, le corps interroge l\u2019espace par sa forme plastique et politique. Si l\u2019identit\u00e9 a longtemps \u00e9t\u00e9 ce qui passe par le corps, ses sculptures et ses peintures cherchent \u00e0 visibiliser les parts silenci\u00e9es des corps absents et des nouvelles identit\u00e9s queer. En queerisant les repr\u00e9sentations de la physicalit\u00e9 classique, en brouillant les fronti\u00e8res des r\u00e9alit\u00e9s de la chair, entre critique et hommage, le geste est envisag\u00e9 comme un horizon utopique.<\/p><p>C\u2019est aujourd\u2019hui dans sa Bretagne natale, o\u00f9 iel revient s\u2019installer en 2024, que sa recherche continue d\u2019explorer la dominance des corps, la virilit\u00e9 et la binarit\u00e9 au-d\u00e9l\u00e0 des identit\u00e9s normatives. Samuel Perche signe d\u00e9sormais sous le pseudonyme de sam\u00b7e.<\/p>\t\t\t\t\t\t\t\t<\/div>\n\t\t\t\t<\/div>\n\t\t\t\t<\/div>\n\t\t<div class=\"elementor-element elementor-element-f691189 e-con-full e-flex e-con e-child\" data-id=\"f691189\" data-element_type=\"container\" data-e-type=\"container\">\n\t\t\t\t<div class=\"elementor-element elementor-element-ddb3ef6 elementor-widget elementor-widget-image\" data-id=\"ddb3ef6\" data-element_type=\"widget\" data-e-type=\"widget\" data-widget_type=\"image.default\">\n\t\t\t\t<div class=\"elementor-widget-container\">\n\t\t\t\t\t\t\t\t\t\t\t\t<figure class=\"wp-caption\">\n\t\t\t\t\t\t\t\t\t\t<img fetchpriority=\"high\" decoding=\"async\" width=\"800\" height=\"1000\" src=\"https:\/\/samuelperche.com\/wp-content\/uploads\/2026\/04\/Sam-By-Bruno-1225-6-1-819x1024.jpg\" class=\"attachment-large size-large wp-image-6430\" alt=\"\" srcset=\"https:\/\/samuelperche.com\/wp-content\/uploads\/2026\/04\/Sam-By-Bruno-1225-6-1-819x1024.jpg 819w, https:\/\/samuelperche.com\/wp-content\/uploads\/2026\/04\/Sam-By-Bruno-1225-6-1-240x300.jpg 240w, https:\/\/samuelperche.com\/wp-content\/uploads\/2026\/04\/Sam-By-Bruno-1225-6-1-768x960.jpg 768w, https:\/\/samuelperche.com\/wp-content\/uploads\/2026\/04\/Sam-By-Bruno-1225-6-1-10x12.jpg 10w, https:\/\/samuelperche.com\/wp-content\/uploads\/2026\/04\/Sam-By-Bruno-1225-6-1-300x375.jpg 300w, https:\/\/samuelperche.com\/wp-content\/uploads\/2026\/04\/Sam-By-Bruno-1225-6-1-600x750.jpg 600w, https:\/\/samuelperche.com\/wp-content\/uploads\/2026\/04\/Sam-By-Bruno-1225-6-1.jpg 945w\" sizes=\"(max-width: 800px) 100vw, 800px\" \/>\t\t\t\t\t\t\t\t\t\t\t<figcaption class=\"widget-image-caption wp-caption-text\">Photograhie : Bruno Geslin<\/figcaption>\n\t\t\t\t\t\t\t\t\t\t<\/figure>\n\t\t\t\t\t\t\t\t\t<\/div>\n\t\t\t\t<\/div>\n\t\t\t\t<\/div>\n\t\t\t\t\t<\/div>\n\t\t\t\t<\/div>\n\t\t<div class=\"elementor-element elementor-element-c26bfc0 e-flex e-con-boxed e-con e-parent\" data-id=\"c26bfc0\" data-element_type=\"container\" data-e-type=\"container\">\n\t\t\t\t\t<div class=\"e-con-inner\">\n\t\t<div class=\"elementor-element elementor-element-6902634 e-con-full e-flex e-con e-child\" data-id=\"6902634\" data-element_type=\"container\" data-e-type=\"container\">\n\t\t\t\t<div class=\"elementor-element elementor-element-6b3a140 elementor-widget__width-inherit elementor-widget elementor-widget-heading\" data-id=\"6b3a140\" data-element_type=\"widget\" data-e-type=\"widget\" data-widget_type=\"heading.default\">\n\t\t\t\t<div class=\"elementor-widget-container\">\n\t\t\t\t\t<h1 class=\"elementor-heading-title elementor-size-default\">d\u00e9marche<\/h1>\t\t\t\t<\/div>\n\t\t\t\t<\/div>\n\t\t\t\t<\/div>\n\t\t\t\t\t<\/div>\n\t\t\t\t<\/div>\n\t\t<div class=\"elementor-element elementor-element-01d8e66 e-flex e-con-boxed e-con e-parent\" data-id=\"01d8e66\" data-element_type=\"container\" data-e-type=\"container\">\n\t\t\t\t\t<div class=\"e-con-inner\">\n\t\t\t\t<div class=\"elementor-element elementor-element-573da36 elementor-widget-mobile__width-inherit elementor-widget elementor-widget-text-editor\" data-id=\"573da36\" data-element_type=\"widget\" data-e-type=\"widget\" data-widget_type=\"text-editor.default\">\n\t\t\t\t<div class=\"elementor-widget-container\">\n\t\t\t\t\t\t\t\t\t<p>Dans mon travail, comme dans ma vie, j\u2019entrevois le corps comme une possibilit\u00e9 de d\u00e9construire la masculinit\u00e9 dominante en la repr\u00e9sentant, ainsi que la capacit\u00e9 des formes \u00e0 produire, maintenir ou fissurer les syst\u00e8mes dominants li\u00e9s aux genres. R\u00e9futer la masculinit\u00e9 h\u00e9g\u00e9monique, en tant qu\u2019injonction, est, pour moi, un geste \u00e0 la fois personnel, politique et plastique.<\/p><p>D\u00e9placer la masculinit\u00e9 du registre de la domination vers celui de la sensibilit\u00e9 ne signifie pas la remplacer par un <em><sup>\u00ab<\/sup><\/em><em>au-del\u00e0 du genre<\/em><em><sup>\u00bb<\/sup><\/em>, mais de la mettre en crise depuis l\u2019int\u00e9rieur, d\u2019exposer ses fragilit\u00e9s en la poussant jusqu\u2019\u00e0 ses propres exc\u00e8s et points de rupture. Occuper l\u2019espace par des corps queer constitue un acte de d\u00e9sob\u00e9issance face aux hi\u00e9rarchies sexistes et de genres qui structurent la violence sociale. Mon travail s\u2019inscrit dans cette tension : il engage le corps comme lieu de conflit, de m\u00e9moire et de r\u00e9sistance. En utilisant des codes historiquement dominants (corps viril, musculature, monumentalit\u00e9) je cherche \u00e0 d\u00e9r\u00e9gler la lisibilit\u00e9 d\u2019un r\u00e9gime politique de repr\u00e9sentation.<\/p><p>Le corps masculin h\u00e9ro\u00efque, \u00e9rig\u00e9 depuis l\u2019Antiquit\u00e9 gr\u00e9co-romaine en mod\u00e8le de force, constitue \u00e0 la fois un point de d\u00e9part assum\u00e9 et un mod\u00e8le ambigu. A partir d\u2019une iconographie personnelle et communautaire, comme un retournement du stigmate \u2014 <em><sup>\u00ab<\/sup><\/em><em>de la fonction visuelle vers sa fonction de visibiliser<\/em><em><sup>\u00bb<\/sup><\/em><sup>1<\/sup>, je cherche \u00e0 rendre le corps instable, impropre \u00e0 sa fonction normative, donc vuln\u00e9rable. Le nu conserve une valeur \u00e9mancipatrice &#8211; non comme provocation, mais comme dispositif anatomique formel : il permet d\u2019insister sur les tensions musculaires et affectives, sur les ruptures morphologiques et sociales.<\/p><p>Contre l\u2019h\u00e9ritage d\u2019un corps-mesure muscl\u00e9 comme surface de puissance autoritaire et conqu\u00e9rante, je propose des corps situ\u00e9s, travers\u00e9s par leurs histoires et leurs sexualit\u00e9s, activ\u00e9s par des pulsions, des h\u00e9ritages collectifs et des mouvements ; des corps marqu\u00e9s, fissur\u00e9s par la violence symbolique, mais jamais r\u00e9duits \u00e0 leurs traumatismes\u00a0: des corps en mouvements \u00e0 la recherche d\u2019un \u00e9quilibre commun.<\/p><p>La question de l\u2019identit\u00e9 collective queer s\u2019interroge comme un ensemble instable et plastique de corps en re\u00b7composition permanente. Alors travers\u00e9 par d\u2019autres normes et d\u2019autres r\u00e9cits qui permettent d\u2019abandonner le contr\u00f4le sur sa forme, cette autre morphologie du corps visibilise <em><sup>\u00ab<\/sup><\/em><em>une sous-culture par laquelle il devient possible de se r\u00e9approprier ce qu\u2019il nous a \u00e9t\u00e9 interdit de montrer au grand jour.<\/em><em><sup>\u00bb<\/sup><\/em> <sup>2<\/sup><\/p>\t\t\t\t\t\t\t\t<\/div>\n\t\t\t\t<\/div>\n\t\t\t\t\t<\/div>\n\t\t\t\t<\/div>\n\t\t<div class=\"elementor-element elementor-element-d80a536 e-flex e-con-boxed e-con e-parent\" data-id=\"d80a536\" data-element_type=\"container\" data-e-type=\"container\">\n\t\t\t\t\t<div class=\"e-con-inner\">\n\t\t\t\t<div class=\"elementor-element elementor-element-ae12ca2 elementor-widget__width-initial elementor-widget-mobile__width-inherit elementor-widget elementor-widget-text-editor\" data-id=\"ae12ca2\" data-element_type=\"widget\" data-e-type=\"widget\" data-widget_type=\"text-editor.default\">\n\t\t\t\t<div class=\"elementor-widget-container\">\n\t\t\t\t\t\t\t\t\t<p><sup>1<\/sup> Quentin Petit-Dit-Duhal, <em>Art queer : Histoire et th\u00e9orie des repr\u00e9sentations LGBTQIA+, <\/em>Double Ponctuation \u00e9ditions, mars 2024.<\/p><p><sup>2<\/sup> Tal Madesta, <em>D\u00e9sirer \u00e0 tout prix, \u00e9dition<\/em> La Collection sur la table, 2022<\/p>\t\t\t\t\t\t\t\t<\/div>\n\t\t\t\t<\/div>\n\t\t\t\t\t<\/div>\n\t\t\t\t<\/div>\n\t\t\t\t<\/div>\n\t\t","protected":false},"excerpt":{"rendered":"<p>\u00ab Pour moi utiliser le mot queer est une lib\u00e9ration. C\u2019est un mot qui m\u2019effrayait, mais ce n\u2019est plus le cas.\u00bb Derek Jarman biographie \u00ab Je suis un artiste queer. C\u2019est le prisme de tout ce qui d\u00e9termine mon travail artistique. Une fa\u00e7on de d\u00e9construire et de r\u00e9parer.\u00bb D\u2019abord vid\u00e9aste, puis com\u00e9dien pour le th\u00e9\u00e2tre [&hellip;]<\/p>\n","protected":false},"author":1,"featured_media":1675,"parent":0,"menu_order":0,"comment_status":"closed","ping_status":"closed","template":"","meta":{"_monsterinsights_skip_tracking":false,"_monsterinsights_sitenote_active":false,"_monsterinsights_sitenote_note":"","_monsterinsights_sitenote_category":0,"footnotes":""},"class_list":["post-299","page","type-page","status-publish","has-post-thumbnail","hentry"],"yoast_head":"<!-- This site is optimized with the Yoast SEO plugin v27.3 - https:\/\/yoast.com\/product\/yoast-seo-wordpress\/ -->\n<title>Biographie &#8211; Samuel Perche<\/title>\n<meta name=\"description\" content=\"Parcourez la biographie de Samuel Perche, artiste dipl\u00f4m\u00e9 de l&#039;\u00c9cole sup\u00e9rieure d&#039;art. D\u00e9couvrez son parcours unique, de la sc\u00e8ne th\u00e9\u00e2trale \u00e0 l&#039;art contemporain.\" \/>\n<meta name=\"robots\" content=\"index, follow, max-snippet:-1, max-image-preview:large, max-video-preview:-1\" \/>\n<link rel=\"canonical\" href=\"https:\/\/samuelperche.com\/fr\/biographie\/\" \/>\n<meta property=\"og:locale\" content=\"fr_FR\" \/>\n<meta property=\"og:type\" content=\"article\" \/>\n<meta property=\"og:title\" content=\"Biographie &#8211; Samuel Perche\" \/>\n<meta property=\"og:description\" content=\"Parcourez la biographie de Samuel Perche, artiste dipl\u00f4m\u00e9 de l&#039;\u00c9cole sup\u00e9rieure d&#039;art. D\u00e9couvrez son parcours unique, de la sc\u00e8ne th\u00e9\u00e2trale \u00e0 l&#039;art contemporain.\" \/>\n<meta property=\"og:url\" content=\"https:\/\/samuelperche.com\/fr\/biographie\/\" \/>\n<meta property=\"og:site_name\" content=\"Samuel Perche\" \/>\n<meta property=\"article:modified_time\" content=\"2026-04-04T08:06:40+00:00\" \/>\n<meta property=\"og:image\" content=\"https:\/\/samuelperche.com\/wp-content\/uploads\/2024\/08\/Sam-photo-Profil-copie.jpg\" \/>\n\t<meta property=\"og:image:width\" content=\"750\" \/>\n\t<meta property=\"og:image:height\" content=\"750\" \/>\n\t<meta property=\"og:image:type\" content=\"image\/jpeg\" \/>\n<meta name=\"twitter:card\" content=\"summary_large_image\" \/>\n<meta name=\"twitter:label1\" content=\"Dur\u00e9e de lecture estim\u00e9e\" \/>\n\t<meta name=\"twitter:data1\" content=\"4 minutes\" \/>\n<script type=\"application\/ld+json\" class=\"yoast-schema-graph\">{\"@context\":\"https:\\\/\\\/schema.org\",\"@graph\":[{\"@type\":\"WebPage\",\"@id\":\"https:\\\/\\\/samuelperche.com\\\/biographie\\\/\",\"url\":\"https:\\\/\\\/samuelperche.com\\\/biographie\\\/\",\"name\":\"Biographie &#8211; Samuel Perche\",\"isPartOf\":{\"@id\":\"https:\\\/\\\/samuelperche.com\\\/#website\"},\"primaryImageOfPage\":{\"@id\":\"https:\\\/\\\/samuelperche.com\\\/biographie\\\/#primaryimage\"},\"image\":{\"@id\":\"https:\\\/\\\/samuelperche.com\\\/biographie\\\/#primaryimage\"},\"thumbnailUrl\":\"https:\\\/\\\/samuelperche.com\\\/wp-content\\\/uploads\\\/2024\\\/08\\\/Sam-photo-Profil-copie.jpg\",\"datePublished\":\"2024-07-16T22:28:04+00:00\",\"dateModified\":\"2026-04-04T08:06:40+00:00\",\"description\":\"Parcourez la biographie de Samuel Perche, artiste dipl\u00f4m\u00e9 de l'\u00c9cole sup\u00e9rieure d'art. D\u00e9couvrez son parcours unique, de la sc\u00e8ne th\u00e9\u00e2trale \u00e0 l'art contemporain.\",\"breadcrumb\":{\"@id\":\"https:\\\/\\\/samuelperche.com\\\/biographie\\\/#breadcrumb\"},\"inLanguage\":\"fr-FR\",\"potentialAction\":[{\"@type\":\"ReadAction\",\"target\":[\"https:\\\/\\\/samuelperche.com\\\/biographie\\\/\"]}]},{\"@type\":\"ImageObject\",\"inLanguage\":\"fr-FR\",\"@id\":\"https:\\\/\\\/samuelperche.com\\\/biographie\\\/#primaryimage\",\"url\":\"https:\\\/\\\/samuelperche.com\\\/wp-content\\\/uploads\\\/2024\\\/08\\\/Sam-photo-Profil-copie.jpg\",\"contentUrl\":\"https:\\\/\\\/samuelperche.com\\\/wp-content\\\/uploads\\\/2024\\\/08\\\/Sam-photo-Profil-copie.jpg\",\"width\":750,\"height\":750},{\"@type\":\"BreadcrumbList\",\"@id\":\"https:\\\/\\\/samuelperche.com\\\/biographie\\\/#breadcrumb\",\"itemListElement\":[{\"@type\":\"ListItem\",\"position\":1,\"name\":\"Accueil\",\"item\":\"https:\\\/\\\/samuelperche.com\\\/\"},{\"@type\":\"ListItem\",\"position\":2,\"name\":\"Biographie\"}]},{\"@type\":\"WebSite\",\"@id\":\"https:\\\/\\\/samuelperche.com\\\/#website\",\"url\":\"https:\\\/\\\/samuelperche.com\\\/\",\"name\":\"Samuel Perche\",\"description\":\"Artiste queer\",\"publisher\":{\"@id\":\"https:\\\/\\\/samuelperche.com\\\/#\\\/schema\\\/person\\\/89bf2b3a24aec0e915e96350a12fd09c\"},\"potentialAction\":[{\"@type\":\"SearchAction\",\"target\":{\"@type\":\"EntryPoint\",\"urlTemplate\":\"https:\\\/\\\/samuelperche.com\\\/?s={search_term_string}\"},\"query-input\":{\"@type\":\"PropertyValueSpecification\",\"valueRequired\":true,\"valueName\":\"search_term_string\"}}],\"inLanguage\":\"fr-FR\"},{\"@type\":[\"Person\",\"Organization\"],\"@id\":\"https:\\\/\\\/samuelperche.com\\\/#\\\/schema\\\/person\\\/89bf2b3a24aec0e915e96350a12fd09c\",\"name\":\"Samuel\",\"image\":{\"@type\":\"ImageObject\",\"inLanguage\":\"fr-FR\",\"@id\":\"https:\\\/\\\/samuelperche.com\\\/wp-content\\\/uploads\\\/2024\\\/08\\\/Sam-photo-Profil-copie.jpg\",\"url\":\"https:\\\/\\\/samuelperche.com\\\/wp-content\\\/uploads\\\/2024\\\/08\\\/Sam-photo-Profil-copie.jpg\",\"contentUrl\":\"https:\\\/\\\/samuelperche.com\\\/wp-content\\\/uploads\\\/2024\\\/08\\\/Sam-photo-Profil-copie.jpg\",\"width\":750,\"height\":750,\"caption\":\"Samuel\"},\"logo\":{\"@id\":\"https:\\\/\\\/samuelperche.com\\\/wp-content\\\/uploads\\\/2024\\\/08\\\/Sam-photo-Profil-copie.jpg\"},\"sameAs\":[\"https:\\\/\\\/samuelperche.com\"]}]}<\/script>\n<!-- \/ Yoast SEO plugin. -->","yoast_head_json":{"title":"Biographie &#8211; Samuel Perche","description":"Parcourez la biographie de Samuel Perche, artiste dipl\u00f4m\u00e9 de l'\u00c9cole sup\u00e9rieure d'art. D\u00e9couvrez son parcours unique, de la sc\u00e8ne th\u00e9\u00e2trale \u00e0 l'art contemporain.","robots":{"index":"index","follow":"follow","max-snippet":"max-snippet:-1","max-image-preview":"max-image-preview:large","max-video-preview":"max-video-preview:-1"},"canonical":"https:\/\/samuelperche.com\/fr\/biographie\/","og_locale":"fr_FR","og_type":"article","og_title":"Biographie &#8211; Samuel Perche","og_description":"Parcourez la biographie de Samuel Perche, artiste dipl\u00f4m\u00e9 de l'\u00c9cole sup\u00e9rieure d'art. D\u00e9couvrez son parcours unique, de la sc\u00e8ne th\u00e9\u00e2trale \u00e0 l'art contemporain.","og_url":"https:\/\/samuelperche.com\/fr\/biographie\/","og_site_name":"Samuel Perche","article_modified_time":"2026-04-04T08:06:40+00:00","og_image":[{"width":750,"height":750,"url":"https:\/\/samuelperche.com\/wp-content\/uploads\/2024\/08\/Sam-photo-Profil-copie.jpg","type":"image\/jpeg"}],"twitter_card":"summary_large_image","twitter_misc":{"Dur\u00e9e de lecture estim\u00e9e":"4 minutes"},"schema":{"@context":"https:\/\/schema.org","@graph":[{"@type":"WebPage","@id":"https:\/\/samuelperche.com\/biographie\/","url":"https:\/\/samuelperche.com\/biographie\/","name":"Biographie &#8211; Samuel Perche","isPartOf":{"@id":"https:\/\/samuelperche.com\/#website"},"primaryImageOfPage":{"@id":"https:\/\/samuelperche.com\/biographie\/#primaryimage"},"image":{"@id":"https:\/\/samuelperche.com\/biographie\/#primaryimage"},"thumbnailUrl":"https:\/\/samuelperche.com\/wp-content\/uploads\/2024\/08\/Sam-photo-Profil-copie.jpg","datePublished":"2024-07-16T22:28:04+00:00","dateModified":"2026-04-04T08:06:40+00:00","description":"Parcourez la biographie de Samuel Perche, artiste dipl\u00f4m\u00e9 de l'\u00c9cole sup\u00e9rieure d'art. D\u00e9couvrez son parcours unique, de la sc\u00e8ne th\u00e9\u00e2trale \u00e0 l'art contemporain.","breadcrumb":{"@id":"https:\/\/samuelperche.com\/biographie\/#breadcrumb"},"inLanguage":"fr-FR","potentialAction":[{"@type":"ReadAction","target":["https:\/\/samuelperche.com\/biographie\/"]}]},{"@type":"ImageObject","inLanguage":"fr-FR","@id":"https:\/\/samuelperche.com\/biographie\/#primaryimage","url":"https:\/\/samuelperche.com\/wp-content\/uploads\/2024\/08\/Sam-photo-Profil-copie.jpg","contentUrl":"https:\/\/samuelperche.com\/wp-content\/uploads\/2024\/08\/Sam-photo-Profil-copie.jpg","width":750,"height":750},{"@type":"BreadcrumbList","@id":"https:\/\/samuelperche.com\/biographie\/#breadcrumb","itemListElement":[{"@type":"ListItem","position":1,"name":"Accueil","item":"https:\/\/samuelperche.com\/"},{"@type":"ListItem","position":2,"name":"Biographie"}]},{"@type":"WebSite","@id":"https:\/\/samuelperche.com\/#website","url":"https:\/\/samuelperche.com\/","name":"Samuel Perche","description":"Artiste queer","publisher":{"@id":"https:\/\/samuelperche.com\/#\/schema\/person\/89bf2b3a24aec0e915e96350a12fd09c"},"potentialAction":[{"@type":"SearchAction","target":{"@type":"EntryPoint","urlTemplate":"https:\/\/samuelperche.com\/?s={search_term_string}"},"query-input":{"@type":"PropertyValueSpecification","valueRequired":true,"valueName":"search_term_string"}}],"inLanguage":"fr-FR"},{"@type":["Person","Organization"],"@id":"https:\/\/samuelperche.com\/#\/schema\/person\/89bf2b3a24aec0e915e96350a12fd09c","name":"Samuel","image":{"@type":"ImageObject","inLanguage":"fr-FR","@id":"https:\/\/samuelperche.com\/wp-content\/uploads\/2024\/08\/Sam-photo-Profil-copie.jpg","url":"https:\/\/samuelperche.com\/wp-content\/uploads\/2024\/08\/Sam-photo-Profil-copie.jpg","contentUrl":"https:\/\/samuelperche.com\/wp-content\/uploads\/2024\/08\/Sam-photo-Profil-copie.jpg","width":750,"height":750,"caption":"Samuel"},"logo":{"@id":"https:\/\/samuelperche.com\/wp-content\/uploads\/2024\/08\/Sam-photo-Profil-copie.jpg"},"sameAs":["https:\/\/samuelperche.com"]}]}},"_links":{"self":[{"href":"https:\/\/samuelperche.com\/fr\/wp-json\/wp\/v2\/pages\/299","targetHints":{"allow":["GET"]}}],"collection":[{"href":"https:\/\/samuelperche.com\/fr\/wp-json\/wp\/v2\/pages"}],"about":[{"href":"https:\/\/samuelperche.com\/fr\/wp-json\/wp\/v2\/types\/page"}],"author":[{"embeddable":true,"href":"https:\/\/samuelperche.com\/fr\/wp-json\/wp\/v2\/users\/1"}],"replies":[{"embeddable":true,"href":"https:\/\/samuelperche.com\/fr\/wp-json\/wp\/v2\/comments?post=299"}],"version-history":[{"count":259,"href":"https:\/\/samuelperche.com\/fr\/wp-json\/wp\/v2\/pages\/299\/revisions"}],"predecessor-version":[{"id":6754,"href":"https:\/\/samuelperche.com\/fr\/wp-json\/wp\/v2\/pages\/299\/revisions\/6754"}],"wp:featuredmedia":[{"embeddable":true,"href":"https:\/\/samuelperche.com\/fr\/wp-json\/wp\/v2\/media\/1675"}],"wp:attachment":[{"href":"https:\/\/samuelperche.com\/fr\/wp-json\/wp\/v2\/media?parent=299"}],"curies":[{"name":"wp","href":"https:\/\/api.w.org\/{rel}","templated":true}]}}