{"id":995,"date":"2024-07-18T21:55:10","date_gmt":"2024-07-18T21:55:10","guid":{"rendered":"https:\/\/samuelperche.com\/?page_id=995"},"modified":"2026-03-10T23:41:57","modified_gmt":"2026-03-10T23:41:57","slug":"mentions-legales","status":"publish","type":"page","link":"https:\/\/samuelperche.com\/en\/mentions-legales\/","title":{"rendered":"Terms of use"},"content":{"rendered":"<div data-elementor-type=\"wp-page\" data-elementor-id=\"995\" class=\"elementor elementor-995\" data-elementor-post-type=\"page\">\n\t\t\t\t<div class=\"elementor-element elementor-element-74226a8 e-flex e-con-boxed e-con e-parent\" data-id=\"74226a8\" data-element_type=\"container\" data-e-type=\"container\" data-settings=\"{&quot;background_background&quot;:&quot;classic&quot;}\">\n\t\t\t\t\t<div class=\"e-con-inner\">\n\t\t\t\t<div class=\"elementor-element elementor-element-fc5cfd5 elementor-widget elementor-widget-heading\" data-id=\"fc5cfd5\" data-element_type=\"widget\" data-e-type=\"widget\" data-widget_type=\"heading.default\">\n\t\t\t\t<div class=\"elementor-widget-container\">\n\t\t\t\t\t<h1 class=\"elementor-heading-title elementor-size-default\">Legal Notice and Terms and Conditions of Sale<\/h1>\t\t\t\t<\/div>\n\t\t\t\t<\/div>\n\t\t\t\t\t<\/div>\n\t\t\t\t<\/div>\n\t\t<div class=\"elementor-element elementor-element-4abf729 e-flex e-con-boxed e-con e-parent\" data-id=\"4abf729\" data-element_type=\"container\" data-e-type=\"container\">\n\t\t\t\t\t<div class=\"e-con-inner\">\n\t\t\t\t<div class=\"elementor-element elementor-element-b1af034 elementor-widget elementor-widget-heading\" data-id=\"b1af034\" data-element_type=\"widget\" data-e-type=\"widget\" data-widget_type=\"heading.default\">\n\t\t\t\t<div class=\"elementor-widget-container\">\n\t\t\t\t\t<h2 class=\"elementor-heading-title elementor-size-default\">1. Website owner<\/h2>\t\t\t\t<\/div>\n\t\t\t\t<\/div>\n\t\t\t\t<div class=\"elementor-element elementor-element-e71464c elementor-widget elementor-widget-text-editor\" data-id=\"e71464c\" data-element_type=\"widget\" data-e-type=\"widget\" data-widget_type=\"text-editor.default\">\n\t\t\t\t<div class=\"elementor-widget-container\">\n\t\t\t\t\t\t\t\t\t<div class=\"elementor-element elementor-element-8dc0263 elementor-widget elementor-widget-heading\" data-id=\"8dc0263\" data-element_type=\"widget\" data-widget_type=\"heading.default\"><div class=\"elementor-widget-container\"><span style=\"font-size: 16px;\">This website \u201c samuelperche.com \u201d is the property of Samuel Perche EI, all rights reserved.<\/span><\/div><div>\u00a0<\/div><\/div><div class=\"elementor-element elementor-element-39648cf elementor-widget elementor-widget-text-editor\" data-id=\"39648cf\" data-element_type=\"widget\" data-widget_type=\"text-editor.default\"><div class=\"elementor-widget-container\"><ul><li style=\"text-align: left;\"><strong>Owner<\/strong> : Samuel Perche \u2013 EI<\/li><li><strong>Head office :<\/strong> 23 rue Fran\u00e7ois Lanno, 35700 Rennes<\/li><li style=\"text-align: left;\"><strong>SIRET<\/strong> : 82920860200021<\/li><li style=\"text-align: left;\"><strong>Responsible for publication<\/strong> : Samuel Perche<\/li><li style=\"text-align: left;\"><strong>E-mail address<\/strong> : samuelperche@gmail.com<\/li><li style=\"text-align: left;\"><strong>Phone<\/strong> : 07 83 89 83 26<\/li><li style=\"text-align: left;\"><strong>Host<\/strong> : HOSTINGER INTERNATIONAL LTD \u2013 61 Lordou Vironos Street, 6023 Larnaca, Chypre<\/li><li><strong>Directed by<\/strong> : Elevate &#8211; <a href=\"https:\/\/elevateweb.fr\">elevateweb.fr<\/a><\/li><\/ul><\/div><\/div><div class=\"elementor-element elementor-element-a10e265 elementor-widget elementor-widget-text-editor\" data-id=\"a10e265\" data-element_type=\"widget\" data-widget_type=\"text-editor.default\">\u00a0<\/div>\t\t\t\t\t\t\t\t<\/div>\n\t\t\t\t<\/div>\n\t\t\t\t<div class=\"elementor-element elementor-element-1535d70 elementor-widget elementor-widget-heading\" data-id=\"1535d70\" data-element_type=\"widget\" data-e-type=\"widget\" data-widget_type=\"heading.default\">\n\t\t\t\t<div class=\"elementor-widget-container\">\n\t\t\t\t\t<h2 class=\"elementor-heading-title elementor-size-default\">2. Hosting - Security - Operation<\/h2>\t\t\t\t<\/div>\n\t\t\t\t<\/div>\n\t\t\t\t<div class=\"elementor-element elementor-element-e310a3b elementor-widget elementor-widget-text-editor\" data-id=\"e310a3b\" data-element_type=\"widget\" data-e-type=\"widget\" data-widget_type=\"text-editor.default\">\n\t\t\t\t<div class=\"elementor-widget-container\">\n\t\t\t\t\t\t\t\t\t<div class=\"elementor-element elementor-element-8dc0263 elementor-widget elementor-widget-heading\" data-id=\"8dc0263\" data-element_type=\"widget\" data-widget_type=\"heading.default\"><div class=\"elementor-widget-container\">The site is hosted by Hostinger. Users of this site acknowledge that they have the skills and resources required to access and use this site, and that they have verified that the computer configuration used does not contain any viruses and is in perfect working order.<\/div><\/div><div class=\"elementor-element elementor-element-429d461 elementor-widget elementor-widget-heading\" data-id=\"429d461\" data-element_type=\"widget\" data-widget_type=\"heading.default\"><div>\u00a0<\/div><div class=\"elementor-widget-container\">The user acknowledges having been informed that the present site is accessible 24 hours a day, 7 days a week, except in cases of force majeure, computer difficulties, difficulties linked to the structure of communications networks or technical difficulties.<\/div><\/div><div class=\"elementor-element elementor-element-ae9f240 elementor-widget elementor-widget-text-editor\" data-id=\"ae9f240\" data-element_type=\"widget\" data-widget_type=\"text-editor.default\"><div class=\"elementor-widget-container\"><p>The content of this website may contain inaccuracies or omissions, and may be modified or updated at short notice.<\/p><p>Despite all the care taken in the creation of this site and its regular updating, errors may have crept into the information and\/or documents presented. The information available on this site is provided for information purposes only, and is non-contractual. As such, Samuel Perche shall not be liable for any direct or indirect loss or damage suffered by the Internet user as a result of consulting the information contained on this site.<\/p><p>For maintenance reasons, Samuel Perche may interrupt the site at any time. Samuel Perche makes every effort to provide users with available and verified information and tools, but cannot be held responsible for errors, lack of availability of information or the presence of viruses on the \u201csamuelperche.com\u201d site.<\/p><p><strong>Use of cookies :\u00a0<\/strong>The samuelperche.com website uses cookies to improve your browsing experience, measure the audience and optimize services. A cookie is a small file stored on your device when you visit the site. You can configure your preferences via the cookie banner or your browser. Certain site functions may be limited if you refuse to accept them.<\/p><\/div><\/div>\t\t\t\t\t\t\t\t<\/div>\n\t\t\t\t<\/div>\n\t\t\t\t<div class=\"elementor-element elementor-element-916d556 elementor-widget elementor-widget-heading\" data-id=\"916d556\" data-element_type=\"widget\" data-e-type=\"widget\" data-widget_type=\"heading.default\">\n\t\t\t\t<div class=\"elementor-widget-container\">\n\t\t\t\t\t<h2 class=\"elementor-heading-title elementor-size-default\">3. Intellectual property rights<\/h2>\t\t\t\t<\/div>\n\t\t\t\t<\/div>\n\t\t\t\t<div class=\"elementor-element elementor-element-2b1583a elementor-widget elementor-widget-text-editor\" data-id=\"2b1583a\" data-element_type=\"widget\" data-e-type=\"widget\" data-widget_type=\"text-editor.default\">\n\t\t\t\t<div class=\"elementor-widget-container\">\n\t\t\t\t\t\t\t\t\t<div class=\"elementor-element elementor-element-8dc0263 elementor-widget elementor-widget-heading\" data-id=\"8dc0263\" data-element_type=\"widget\" data-widget_type=\"heading.default\"><div class=\"elementor-widget-container\">\u00a0<\/div><\/div><div class=\"elementor-element elementor-element-33a4353 elementor-widget elementor-widget-heading\" data-id=\"33a4353\" data-element_type=\"widget\" data-widget_type=\"heading.default\"><div class=\"elementor-widget-container\"><span style=\"font-size: 16px;\">All texts, comments, works, illustrations and images reproduced on the \u201csamuelperche.com\u201d website are the property of Samuel Perche and are subject to copyright. They may be reproduced for private use only. <\/span><\/div><div>\u00a0<\/div><div class=\"elementor-widget-container\"><span style=\"font-size: 16px;\">The rights granted to authors or holders of related rights by the French Intellectual Property Code are reserved.<\/span><\/div><div>\u00a0<\/div><\/div><div class=\"elementor-element elementor-element-a10e265 elementor-widget elementor-widget-text-editor\" data-id=\"a10e265\" data-element_type=\"widget\" data-widget_type=\"text-editor.default\"><div class=\"elementor-widget-container\">This entire site is governed by French and international legislation on copyright and intellectual property.<\/div><div>\u00a0<\/div><div class=\"elementor-widget-container\">The same applies to the databases on the website, which are protected by the provisions of the law of July 1, 1998 transposing the European directive of March 11, 1996 on the legal protection of databases into the French Intellectual Property Code (article L112-3), and of which Samuel Perche is the producer.<\/div><\/div>\t\t\t\t\t\t\t\t<\/div>\n\t\t\t\t<\/div>\n\t\t\t\t<div class=\"elementor-element elementor-element-36eeede elementor-widget elementor-widget-heading\" data-id=\"36eeede\" data-element_type=\"widget\" data-e-type=\"widget\" data-widget_type=\"heading.default\">\n\t\t\t\t<div class=\"elementor-widget-container\">\n\t\t\t\t\t<h2 class=\"elementor-heading-title elementor-size-default\">4. General terms and conditions<\/h2>\t\t\t\t<\/div>\n\t\t\t\t<\/div>\n\t\t\t\t<div class=\"elementor-element elementor-element-0786778 elementor-widget elementor-widget-text-editor\" data-id=\"0786778\" data-element_type=\"widget\" data-e-type=\"widget\" data-widget_type=\"text-editor.default\">\n\t\t\t\t<div class=\"elementor-widget-container\">\n\t\t\t\t\t\t\t\t\t<div class=\"elementor-element elementor-element-8dc0263 elementor-widget elementor-widget-heading\" data-id=\"8dc0263\" data-element_type=\"widget\" data-widget_type=\"heading.default\"><div class=\"elementor-widget-container\"><ul><li><strong>Object:<\/strong> The present terms and conditions govern the sale of works of art (paintings, drawings) on the website <a href=\"https:\/\/samuelperche.com\/en\/\">samuelperche.com<\/a>. By placing an order, you accept these terms and conditions without reservation.<\/li><li><strong>Products :<\/strong> The works offered are described and presented as accurately as possible. However, slight variations may exist between the images and the actual works.<\/li><li><strong>Price :<\/strong> Prices are quoted in euros (\u20ac), inclusive of all taxes. Delivery costs are specified when the order is placed.<\/li><li><strong> Order :<\/strong> To place an order, the customer must purchase as a guest. The order is validated once payment has been accepted.<\/li><li><strong>Paiement :<\/strong> Les paiements sont effectu\u00e9s via des plateformes s\u00e9curis\u00e9es. Les moyens de paiement accept\u00e9s sont les cartes bancaires et les virements.<\/li><li><strong>Delivery :<\/strong> Artwork is delivered to the address indicated at the time of ordering. Delivery times vary according to the country and carrier selected.<\/li><li><strong>Right of withdrawal :<\/strong> In accordance with the law, you have a period of 14 days from receipt of the work to exercise your right of withdrawal without having to justify your decision or pay any penalties.<\/li><li><strong>Refund :<\/strong> In the event of retraction, reimbursement will be made within 14 days of receipt of the returned artwork. Return shipping costs are at the customer's expense.<\/li><li><strong>Responsability :<\/strong> The seller cannot be held responsible for any indirect damage resulting from the purchase or use of the works.<\/li><li><strong>Disputes :<\/strong> These terms and conditions are governed by French law. In the event of a dispute, an amicable solution will be preferred before any legal recourse.<\/li><\/ul><\/div><\/div>\t\t\t\t\t\t\t\t<\/div>\n\t\t\t\t<\/div>\n\t\t\t\t\t<\/div>\n\t\t\t\t<\/div>\n\t\t\t\t<\/div>","protected":false},"excerpt":{"rendered":"<p>Mentions l\u00e9gales et Conditions G\u00e9n\u00e9rales de Vente 1. Propri\u00e9taire du site internet Le pr\u00e9sent site \u00ab samuelperche.com \u00bb est la propri\u00e9t\u00e9 de la soci\u00e9t\u00e9 Samuel Perche EI, tous droits r\u00e9serv\u00e9s.\u00a0 Propri\u00e9taire : Samuel Perche \u2013 EI Si\u00e8ge social : 23 rue Fran\u00e7ois Lanno, 35700 Rennes SIRET : 82920860200021 Responsable publication : Samuel Perche Adresse mail [&hellip;]<\/p>\n","protected":false},"author":1,"featured_media":0,"parent":0,"menu_order":0,"comment_status":"closed","ping_status":"closed","template":"","meta":{"_monsterinsights_skip_tracking":false,"_monsterinsights_sitenote_active":false,"_monsterinsights_sitenote_note":"","_monsterinsights_sitenote_category":0,"footnotes":""},"class_list":["post-995","page","type-page","status-publish","hentry"],"yoast_head":"<!-- This site is optimized with the Yoast SEO plugin v27.3 - https:\/\/yoast.com\/product\/yoast-seo-wordpress\/ -->\n<title>Mentions l\u00e9gales &amp; CGV &#8211; Samuel Perche<\/title>\n<meta name=\"description\" content=\"Mentions l\u00e9gales. Samuel Perche, artiste peintre contemporain. Artiste homosexuel queer et militant LGBTQIA+\" \/>\n<meta name=\"robots\" content=\"noindex, follow\" \/>\n<meta property=\"og:locale\" content=\"en_GB\" \/>\n<meta property=\"og:type\" content=\"article\" \/>\n<meta property=\"og:title\" content=\"Mentions l\u00e9gales &amp; CGV &#8211; Samuel Perche\" \/>\n<meta property=\"og:description\" content=\"Mentions l\u00e9gales. Samuel Perche, artiste peintre contemporain. Artiste homosexuel queer et militant LGBTQIA+\" \/>\n<meta property=\"og:url\" content=\"https:\/\/samuelperche.com\/en\/mentions-legales\/\" \/>\n<meta property=\"og:site_name\" content=\"Samuel Perche\" \/>\n<meta property=\"article:modified_time\" content=\"2026-03-10T23:41:57+00:00\" \/>\n<meta property=\"og:image\" content=\"https:\/\/samuelperche.com\/wp-content\/uploads\/2024\/09\/cropped-Logo-SamuelPerche.png\" \/>\n\t<meta property=\"og:image:width\" content=\"769\" \/>\n\t<meta property=\"og:image:height\" content=\"217\" \/>\n\t<meta property=\"og:image:type\" content=\"image\/png\" \/>\n<meta name=\"twitter:card\" content=\"summary_large_image\" \/>\n<meta name=\"twitter:label1\" content=\"Estimated reading time\" \/>\n\t<meta name=\"twitter:data1\" content=\"8 minutes\" \/>\n<script type=\"application\/ld+json\" class=\"yoast-schema-graph\">{\"@context\":\"https:\\\/\\\/schema.org\",\"@graph\":[{\"@type\":\"WebPage\",\"@id\":\"https:\\\/\\\/samuelperche.com\\\/mentions-legales\\\/\",\"url\":\"https:\\\/\\\/samuelperche.com\\\/mentions-legales\\\/\",\"name\":\"Mentions l\u00e9gales &amp; CGV &#8211; Samuel Perche\",\"isPartOf\":{\"@id\":\"https:\\\/\\\/samuelperche.com\\\/#website\"},\"datePublished\":\"2024-07-18T21:55:10+00:00\",\"dateModified\":\"2026-03-10T23:41:57+00:00\",\"description\":\"Mentions l\u00e9gales. Samuel Perche, artiste peintre contemporain. Artiste homosexuel queer et militant LGBTQIA+\",\"breadcrumb\":{\"@id\":\"https:\\\/\\\/samuelperche.com\\\/mentions-legales\\\/#breadcrumb\"},\"inLanguage\":\"en-GB\",\"potentialAction\":[{\"@type\":\"ReadAction\",\"target\":[\"https:\\\/\\\/samuelperche.com\\\/mentions-legales\\\/\"]}]},{\"@type\":\"BreadcrumbList\",\"@id\":\"https:\\\/\\\/samuelperche.com\\\/mentions-legales\\\/#breadcrumb\",\"itemListElement\":[{\"@type\":\"ListItem\",\"position\":1,\"name\":\"Accueil\",\"item\":\"https:\\\/\\\/samuelperche.com\\\/\"},{\"@type\":\"ListItem\",\"position\":2,\"name\":\"Mentions l\u00e9gales &amp; CGV\"}]},{\"@type\":\"WebSite\",\"@id\":\"https:\\\/\\\/samuelperche.com\\\/#website\",\"url\":\"https:\\\/\\\/samuelperche.com\\\/\",\"name\":\"Samuel Perche\",\"description\":\"Artiste queer\",\"publisher\":{\"@id\":\"https:\\\/\\\/samuelperche.com\\\/#\\\/schema\\\/person\\\/89bf2b3a24aec0e915e96350a12fd09c\"},\"potentialAction\":[{\"@type\":\"SearchAction\",\"target\":{\"@type\":\"EntryPoint\",\"urlTemplate\":\"https:\\\/\\\/samuelperche.com\\\/?s={search_term_string}\"},\"query-input\":{\"@type\":\"PropertyValueSpecification\",\"valueRequired\":true,\"valueName\":\"search_term_string\"}}],\"inLanguage\":\"en-GB\"},{\"@type\":[\"Person\",\"Organization\"],\"@id\":\"https:\\\/\\\/samuelperche.com\\\/#\\\/schema\\\/person\\\/89bf2b3a24aec0e915e96350a12fd09c\",\"name\":\"Samuel\",\"image\":{\"@type\":\"ImageObject\",\"inLanguage\":\"en-GB\",\"@id\":\"https:\\\/\\\/samuelperche.com\\\/wp-content\\\/uploads\\\/2024\\\/08\\\/Sam-photo-Profil-copie.jpg\",\"url\":\"https:\\\/\\\/samuelperche.com\\\/wp-content\\\/uploads\\\/2024\\\/08\\\/Sam-photo-Profil-copie.jpg\",\"contentUrl\":\"https:\\\/\\\/samuelperche.com\\\/wp-content\\\/uploads\\\/2024\\\/08\\\/Sam-photo-Profil-copie.jpg\",\"width\":750,\"height\":750,\"caption\":\"Samuel\"},\"logo\":{\"@id\":\"https:\\\/\\\/samuelperche.com\\\/wp-content\\\/uploads\\\/2024\\\/08\\\/Sam-photo-Profil-copie.jpg\"},\"sameAs\":[\"https:\\\/\\\/samuelperche.com\"]}]}<\/script>\n<!-- \/ Yoast SEO plugin. -->","yoast_head_json":{"title":"Mentions l\u00e9gales &amp; CGV &#8211; Samuel Perche","description":"Mentions l\u00e9gales. Samuel Perche, artiste peintre contemporain. Artiste homosexuel queer et militant LGBTQIA+","robots":{"index":"noindex","follow":"follow"},"og_locale":"en_GB","og_type":"article","og_title":"Mentions l\u00e9gales &amp; CGV &#8211; Samuel Perche","og_description":"Mentions l\u00e9gales. Samuel Perche, artiste peintre contemporain. Artiste homosexuel queer et militant LGBTQIA+","og_url":"https:\/\/samuelperche.com\/en\/mentions-legales\/","og_site_name":"Samuel Perche","article_modified_time":"2026-03-10T23:41:57+00:00","og_image":[{"width":769,"height":217,"url":"https:\/\/samuelperche.com\/wp-content\/uploads\/2024\/09\/cropped-Logo-SamuelPerche.png","type":"image\/png"}],"twitter_card":"summary_large_image","twitter_misc":{"Estimated reading time":"8 minutes"},"schema":{"@context":"https:\/\/schema.org","@graph":[{"@type":"WebPage","@id":"https:\/\/samuelperche.com\/mentions-legales\/","url":"https:\/\/samuelperche.com\/mentions-legales\/","name":"Mentions l\u00e9gales &amp; CGV &#8211; Samuel Perche","isPartOf":{"@id":"https:\/\/samuelperche.com\/#website"},"datePublished":"2024-07-18T21:55:10+00:00","dateModified":"2026-03-10T23:41:57+00:00","description":"Mentions l\u00e9gales. Samuel Perche, artiste peintre contemporain. Artiste homosexuel queer et militant LGBTQIA+","breadcrumb":{"@id":"https:\/\/samuelperche.com\/mentions-legales\/#breadcrumb"},"inLanguage":"en-GB","potentialAction":[{"@type":"ReadAction","target":["https:\/\/samuelperche.com\/mentions-legales\/"]}]},{"@type":"BreadcrumbList","@id":"https:\/\/samuelperche.com\/mentions-legales\/#breadcrumb","itemListElement":[{"@type":"ListItem","position":1,"name":"Accueil","item":"https:\/\/samuelperche.com\/"},{"@type":"ListItem","position":2,"name":"Mentions l\u00e9gales &amp; CGV"}]},{"@type":"WebSite","@id":"https:\/\/samuelperche.com\/#website","url":"https:\/\/samuelperche.com\/","name":"Samuel Perche","description":"Artiste queer","publisher":{"@id":"https:\/\/samuelperche.com\/#\/schema\/person\/89bf2b3a24aec0e915e96350a12fd09c"},"potentialAction":[{"@type":"SearchAction","target":{"@type":"EntryPoint","urlTemplate":"https:\/\/samuelperche.com\/?s={search_term_string}"},"query-input":{"@type":"PropertyValueSpecification","valueRequired":true,"valueName":"search_term_string"}}],"inLanguage":"en-GB"},{"@type":["Person","Organization"],"@id":"https:\/\/samuelperche.com\/#\/schema\/person\/89bf2b3a24aec0e915e96350a12fd09c","name":"Samuel","image":{"@type":"ImageObject","inLanguage":"en-GB","@id":"https:\/\/samuelperche.com\/wp-content\/uploads\/2024\/08\/Sam-photo-Profil-copie.jpg","url":"https:\/\/samuelperche.com\/wp-content\/uploads\/2024\/08\/Sam-photo-Profil-copie.jpg","contentUrl":"https:\/\/samuelperche.com\/wp-content\/uploads\/2024\/08\/Sam-photo-Profil-copie.jpg","width":750,"height":750,"caption":"Samuel"},"logo":{"@id":"https:\/\/samuelperche.com\/wp-content\/uploads\/2024\/08\/Sam-photo-Profil-copie.jpg"},"sameAs":["https:\/\/samuelperche.com"]}]}},"_links":{"self":[{"href":"https:\/\/samuelperche.com\/en\/wp-json\/wp\/v2\/pages\/995","targetHints":{"allow":["GET"]}}],"collection":[{"href":"https:\/\/samuelperche.com\/en\/wp-json\/wp\/v2\/pages"}],"about":[{"href":"https:\/\/samuelperche.com\/en\/wp-json\/wp\/v2\/types\/page"}],"author":[{"embeddable":true,"href":"https:\/\/samuelperche.com\/en\/wp-json\/wp\/v2\/users\/1"}],"replies":[{"embeddable":true,"href":"https:\/\/samuelperche.com\/en\/wp-json\/wp\/v2\/comments?post=995"}],"version-history":[{"count":71,"href":"https:\/\/samuelperche.com\/en\/wp-json\/wp\/v2\/pages\/995\/revisions"}],"predecessor-version":[{"id":6211,"href":"https:\/\/samuelperche.com\/en\/wp-json\/wp\/v2\/pages\/995\/revisions\/6211"}],"wp:attachment":[{"href":"https:\/\/samuelperche.com\/en\/wp-json\/wp\/v2\/media?parent=995"}],"curies":[{"name":"wp","href":"https:\/\/api.w.org\/{rel}","templated":true}]}}