{"id":6533,"date":"2026-04-03T13:08:57","date_gmt":"2026-04-03T13:08:57","guid":{"rendered":"https:\/\/samuelperche.com\/?page_id=6533"},"modified":"2026-04-03T13:10:14","modified_gmt":"2026-04-03T13:10:14","slug":"sculpter-lindicible","status":"publish","type":"page","link":"https:\/\/samuelperche.com\/en\/sculpter-lindicible\/","title":{"rendered":"Sculpter l&rsquo;indicible"},"content":{"rendered":"<div data-elementor-type=\"wp-page\" data-elementor-id=\"6533\" class=\"elementor elementor-6533\" data-elementor-post-type=\"page\">\n\t\t\t\t<div class=\"elementor-element elementor-element-04862a7 e-con-full e-flex e-con e-parent\" data-id=\"04862a7\" data-element_type=\"container\" data-e-type=\"container\">\n\t\t<div class=\"elementor-element elementor-element-4d89c85 e-con-full e-flex e-con e-child\" data-id=\"4d89c85\" data-element_type=\"container\" data-e-type=\"container\">\n\t\t\t\t<div class=\"elementor-element elementor-element-4aa27ba elementor-widget elementor-widget-heading\" data-id=\"4aa27ba\" data-element_type=\"widget\" data-e-type=\"widget\" data-widget_type=\"heading.default\">\n\t\t\t\t<div class=\"elementor-widget-container\">\n\t\t\t\t\t<h2 class=\"elementor-heading-title elementor-size-default\">Sculpting the unspeakable<\/h2>\t\t\t\t<\/div>\n\t\t\t\t<\/div>\n\t\t\t\t<div class=\"elementor-element elementor-element-988a817 elementor-widget__width-inherit elementor-widget elementor-widget-heading\" data-id=\"988a817\" data-element_type=\"widget\" data-e-type=\"widget\" data-widget_type=\"heading.default\">\n\t\t\t\t<div class=\"elementor-widget-container\">\n\t\t\t\t\t<h2 class=\"elementor-heading-title elementor-size-default\">Aude-Emmanuelle Hoareau, 2017\n\nPhilosophe (1978-2017)<\/h2>\t\t\t\t<\/div>\n\t\t\t\t<\/div>\n\t\t\t\t<div class=\"elementor-element elementor-element-c7b7b6f elementor-widget elementor-widget-text-editor\" data-id=\"c7b7b6f\" data-element_type=\"widget\" data-e-type=\"widget\" data-widget_type=\"text-editor.default\">\n\t\t\t\t<div class=\"elementor-widget-container\">\n\t\t\t\t\t\t\t\t\t<p><em>How do you tell a tragic, complex story in a single figure? How do you contain the power of desire and the fabric of a human life in matter? Samuel Perche responds to these challenges with a sculpture that presents a man lying on his back, leg bent, inspired by a photograph of a migrant who died at sea, taken by Aris Messinis.\u00a0<\/em><\/p><p>\u00a0<\/p><p>For philosopher Giorgio Agamben, the legendary Greek statues that break their shackles to begin moving break a \u201cligatio\u201d, a paralyzing power that is at work in every image. They give back to the image the freedom of gesture. As here, the image is that of a movement of the whole body, which arches its back and offers itself to the infinity of the sky, between ecstasy and imminent, almost certain or already-occurred death. We are dealing with a gesture in the broadest sense of the word, with the intention of a movement that cannot be enclosed. The wooden man is too large to be entirely consumed by the sculptor's creative appetite or devoured by the public eye. With its scale and ancient inspiration, it leads us to look beyond, to Greek myths, towards an epic destiny with which today's refugees merge, taking to the sea to fulfill their destiny and often ending up as martyrs of the waves.<\/p><p>\u00a0<\/p><p><strong>The wooden man \/\u00a0<\/strong>Pallet wood lacks the nobility of the marble used in Renaissance sculpture. These sculptures manifested an ideal order, an eternity of forms and ideas. On the other hand, the pallet reminds us of our current existence, of life in its ephemeral and precarious character, and of the idea that we fight to survive by reappropriating fallen materials.<\/p><p>Through the wooden planks, an intermediate material emerges. Structured like a skeleton but smooth and soft like a skin, the wood of the sculpture synthesizes the impossible union of bone and flesh. The variations in color mimic the upheavals of life. An impression of roundness arises from the whole, which is nevertheless composed of angles and flat, rectangular shapes. Capturing in a material that resists and cannot be molded (pallet wood) a symphony, a possibility of assembling into curves and tending towards sensuality, is an artist's gamble.<\/p><p>The intelligence of forms and curves then unfolds elsewhere, in the interstices, the points of contact of these assemblages, where elements converge and detach to enter into new arrangements, where gesture gives birth to movement. The artist positions himself behind what is visible to offer us the impression of life. Or rather, his interpretation of existence. He shares with us an intuition of movement, of intense and ecstatic existence, the conception of a body unified in a single gesture.<\/p><p>\u00a0<\/p><p><strong>Becoming body \/\u00a0<\/strong>Constructing desire as something dense, gradually unfolding, and requiring a whole series of gestures from the artist\u2014this is the tour de force of this work. The sculptor performs several actions: dismantling, carrying, positioning, nailing, balancing\u2026 in a demiurgic posture. He imparts to the wood the trace of his efforts, while allowing the material to live. His entire body engages in the work to give substance to the sculpture. And his gestures converge in the coherence of the whole.<\/p><p>\u00a0<\/p><p>The rigidity of the wood, the suggested curves and twists, convey several things in a single movement and a single form: the story of a man, his ocean crossing, the fate of migrants washed up on the beach, or, by extension, the tragic end of the man who desires the world and bows before the sky, as if imploring its power. Let us see this sculpture as a breath that gives life to forms and curves. Through this breath, the sculptor becomes one with his work. The wooden man feeds on his expectations and desires, and together they combine psychic energy and physical strength. The drama is exorcised in a meaningful form: the man's body, facing the sky, in a position of both pleasure and despair, a tribute to the hope of a better life.<\/p>\t\t\t\t\t\t\t\t<\/div>\n\t\t\t\t<\/div>\n\t\t\t\t<\/div>\n\t\t\t\t<\/div>\n\t\t<div class=\"elementor-element elementor-element-73183b8 e-con-full e-flex e-con e-parent\" data-id=\"73183b8\" data-element_type=\"container\" data-e-type=\"container\">\n\t\t<div class=\"elementor-element elementor-element-d8dfddb e-con-full e-flex e-con e-child\" data-id=\"d8dfddb\" data-element_type=\"container\" data-e-type=\"container\">\n\t\t<div class=\"elementor-element elementor-element-d4276af e-con-full e-flex e-con e-child\" data-id=\"d4276af\" data-element_type=\"container\" data-e-type=\"container\">\n\t\t\t\t<\/div>\n\t\t\t\t<\/div>\n\t\t\t\t<\/div>\n\t\t\t\t<\/div>","protected":false},"excerpt":{"rendered":"<p>Sculpter l\u2019indicible Aude-Emmanuelle Hoareau, 2017 Philosophe (1978-2017) Comment raconter une histoire tragique et complexe, en une seule figure ? Comment contenir dans la mati\u00e8re la puissance du d\u00e9sir et la trame d\u2019une vie humaine ? Samuel Perche r\u00e9pond \u00e0 ces d\u00e9fis par un travail de sculpture qui nous pr\u00e9sente, de mani\u00e8re assez figurative, un homme [&hellip;]<\/p>\n","protected":false},"author":1,"featured_media":2041,"parent":0,"menu_order":0,"comment_status":"closed","ping_status":"closed","template":"","meta":{"_monsterinsights_skip_tracking":false,"_monsterinsights_sitenote_active":false,"_monsterinsights_sitenote_note":"","_monsterinsights_sitenote_category":0,"footnotes":""},"class_list":["post-6533","page","type-page","status-publish","has-post-thumbnail","hentry"],"yoast_head":"<!-- This site is optimized with the Yoast SEO plugin v27.3 - https:\/\/yoast.com\/product\/yoast-seo-wordpress\/ -->\n<title>Samuel Perche &#8211; Artiste Peintre Contemporain<\/title>\n<meta name=\"description\" content=\"D\u00e9couvrez l&#039;univers artistique de Samuel Perche, artiste peintre contemporain homosexuel queer et militant LGBTQIA+.\" \/>\n<meta name=\"robots\" content=\"index, follow, max-snippet:-1, max-image-preview:large, max-video-preview:-1\" \/>\n<link rel=\"canonical\" href=\"https:\/\/samuelperche.com\/en\/sculpter-lindicible\/\" \/>\n<meta property=\"og:locale\" content=\"en_GB\" \/>\n<meta property=\"og:type\" content=\"article\" \/>\n<meta property=\"og:title\" content=\"Samuel Perche &#8211; Artiste Peintre Contemporain\" \/>\n<meta property=\"og:description\" content=\"D\u00e9couvrez l&#039;univers artistique de Samuel Perche, artiste peintre contemporain homosexuel queer et militant LGBTQIA+.\" \/>\n<meta property=\"og:url\" content=\"https:\/\/samuelperche.com\/en\/sculpter-lindicible\/\" \/>\n<meta property=\"og:site_name\" content=\"Samuel Perche\" \/>\n<meta property=\"article:modified_time\" content=\"2026-04-03T13:10:14+00:00\" \/>\n<meta property=\"og:image\" content=\"https:\/\/samuelperche.com\/wp-content\/uploads\/2024\/08\/Yanig-100x80-2023-Full-819x1024.jpg\" \/>\n\t<meta property=\"og:image:width\" content=\"819\" \/>\n\t<meta property=\"og:image:height\" content=\"1024\" \/>\n\t<meta property=\"og:image:type\" content=\"image\/jpeg\" \/>\n<meta name=\"twitter:card\" content=\"summary_large_image\" \/>\n<meta name=\"twitter:label1\" content=\"Estimated reading time\" \/>\n\t<meta name=\"twitter:data1\" content=\"4 minutes\" \/>\n<script type=\"application\/ld+json\" class=\"yoast-schema-graph\">{\"@context\":\"https:\\\/\\\/schema.org\",\"@graph\":[{\"@type\":\"WebPage\",\"@id\":\"https:\\\/\\\/samuelperche.com\\\/fr\\\/sculpter-lindicible\\\/\",\"url\":\"https:\\\/\\\/samuelperche.com\\\/fr\\\/sculpter-lindicible\\\/\",\"name\":\"Samuel Perche &#8211; Artiste Peintre Contemporain\",\"isPartOf\":{\"@id\":\"https:\\\/\\\/samuelperche.com\\\/#website\"},\"primaryImageOfPage\":{\"@id\":\"https:\\\/\\\/samuelperche.com\\\/fr\\\/sculpter-lindicible\\\/#primaryimage\"},\"image\":{\"@id\":\"https:\\\/\\\/samuelperche.com\\\/fr\\\/sculpter-lindicible\\\/#primaryimage\"},\"thumbnailUrl\":\"https:\\\/\\\/samuelperche.com\\\/wp-content\\\/uploads\\\/2024\\\/08\\\/Yanig-100x80-2023-Full.jpg\",\"datePublished\":\"2026-04-03T13:08:57+00:00\",\"dateModified\":\"2026-04-03T13:10:14+00:00\",\"description\":\"D\u00e9couvrez l'univers artistique de Samuel Perche, artiste peintre contemporain homosexuel queer et militant LGBTQIA+.\",\"breadcrumb\":{\"@id\":\"https:\\\/\\\/samuelperche.com\\\/fr\\\/sculpter-lindicible\\\/#breadcrumb\"},\"inLanguage\":\"en-GB\",\"potentialAction\":[{\"@type\":\"ReadAction\",\"target\":[\"https:\\\/\\\/samuelperche.com\\\/fr\\\/sculpter-lindicible\\\/\"]}]},{\"@type\":\"ImageObject\",\"inLanguage\":\"en-GB\",\"@id\":\"https:\\\/\\\/samuelperche.com\\\/fr\\\/sculpter-lindicible\\\/#primaryimage\",\"url\":\"https:\\\/\\\/samuelperche.com\\\/wp-content\\\/uploads\\\/2024\\\/08\\\/Yanig-100x80-2023-Full.jpg\",\"contentUrl\":\"https:\\\/\\\/samuelperche.com\\\/wp-content\\\/uploads\\\/2024\\\/08\\\/Yanig-100x80-2023-Full.jpg\",\"width\":1200,\"height\":1500,\"caption\":\"Acrylique sur toile de coton et lurex, 100x80cm, 2023\"},{\"@type\":\"BreadcrumbList\",\"@id\":\"https:\\\/\\\/samuelperche.com\\\/fr\\\/sculpter-lindicible\\\/#breadcrumb\",\"itemListElement\":[{\"@type\":\"ListItem\",\"position\":1,\"name\":\"Accueil\",\"item\":\"https:\\\/\\\/samuelperche.com\\\/\"},{\"@type\":\"ListItem\",\"position\":2,\"name\":\"Sculpter l&rsquo;indicible\"}]},{\"@type\":\"WebSite\",\"@id\":\"https:\\\/\\\/samuelperche.com\\\/#website\",\"url\":\"https:\\\/\\\/samuelperche.com\\\/\",\"name\":\"Samuel Perche\",\"description\":\"Artiste queer\",\"publisher\":{\"@id\":\"https:\\\/\\\/samuelperche.com\\\/#\\\/schema\\\/person\\\/89bf2b3a24aec0e915e96350a12fd09c\"},\"potentialAction\":[{\"@type\":\"SearchAction\",\"target\":{\"@type\":\"EntryPoint\",\"urlTemplate\":\"https:\\\/\\\/samuelperche.com\\\/?s={search_term_string}\"},\"query-input\":{\"@type\":\"PropertyValueSpecification\",\"valueRequired\":true,\"valueName\":\"search_term_string\"}}],\"inLanguage\":\"en-GB\"},{\"@type\":[\"Person\",\"Organization\"],\"@id\":\"https:\\\/\\\/samuelperche.com\\\/#\\\/schema\\\/person\\\/89bf2b3a24aec0e915e96350a12fd09c\",\"name\":\"Samuel\",\"image\":{\"@type\":\"ImageObject\",\"inLanguage\":\"en-GB\",\"@id\":\"https:\\\/\\\/samuelperche.com\\\/wp-content\\\/uploads\\\/2024\\\/08\\\/Sam-photo-Profil-copie.jpg\",\"url\":\"https:\\\/\\\/samuelperche.com\\\/wp-content\\\/uploads\\\/2024\\\/08\\\/Sam-photo-Profil-copie.jpg\",\"contentUrl\":\"https:\\\/\\\/samuelperche.com\\\/wp-content\\\/uploads\\\/2024\\\/08\\\/Sam-photo-Profil-copie.jpg\",\"width\":750,\"height\":750,\"caption\":\"Samuel\"},\"logo\":{\"@id\":\"https:\\\/\\\/samuelperche.com\\\/wp-content\\\/uploads\\\/2024\\\/08\\\/Sam-photo-Profil-copie.jpg\"},\"sameAs\":[\"https:\\\/\\\/samuelperche.com\"]}]}<\/script>\n<!-- \/ Yoast SEO plugin. -->","yoast_head_json":{"title":"Samuel Perche &#8211; Artiste Peintre Contemporain","description":"D\u00e9couvrez l'univers artistique de Samuel Perche, artiste peintre contemporain homosexuel queer et militant LGBTQIA+.","robots":{"index":"index","follow":"follow","max-snippet":"max-snippet:-1","max-image-preview":"max-image-preview:large","max-video-preview":"max-video-preview:-1"},"canonical":"https:\/\/samuelperche.com\/en\/sculpter-lindicible\/","og_locale":"en_GB","og_type":"article","og_title":"Samuel Perche &#8211; Artiste Peintre Contemporain","og_description":"D\u00e9couvrez l'univers artistique de Samuel Perche, artiste peintre contemporain homosexuel queer et militant LGBTQIA+.","og_url":"https:\/\/samuelperche.com\/en\/sculpter-lindicible\/","og_site_name":"Samuel Perche","article_modified_time":"2026-04-03T13:10:14+00:00","og_image":[{"width":819,"height":1024,"url":"https:\/\/samuelperche.com\/wp-content\/uploads\/2024\/08\/Yanig-100x80-2023-Full-819x1024.jpg","type":"image\/jpeg"}],"twitter_card":"summary_large_image","twitter_misc":{"Estimated reading time":"4 minutes"},"schema":{"@context":"https:\/\/schema.org","@graph":[{"@type":"WebPage","@id":"https:\/\/samuelperche.com\/fr\/sculpter-lindicible\/","url":"https:\/\/samuelperche.com\/fr\/sculpter-lindicible\/","name":"Samuel Perche &#8211; Artiste Peintre Contemporain","isPartOf":{"@id":"https:\/\/samuelperche.com\/#website"},"primaryImageOfPage":{"@id":"https:\/\/samuelperche.com\/fr\/sculpter-lindicible\/#primaryimage"},"image":{"@id":"https:\/\/samuelperche.com\/fr\/sculpter-lindicible\/#primaryimage"},"thumbnailUrl":"https:\/\/samuelperche.com\/wp-content\/uploads\/2024\/08\/Yanig-100x80-2023-Full.jpg","datePublished":"2026-04-03T13:08:57+00:00","dateModified":"2026-04-03T13:10:14+00:00","description":"D\u00e9couvrez l'univers artistique de Samuel Perche, artiste peintre contemporain homosexuel queer et militant LGBTQIA+.","breadcrumb":{"@id":"https:\/\/samuelperche.com\/fr\/sculpter-lindicible\/#breadcrumb"},"inLanguage":"en-GB","potentialAction":[{"@type":"ReadAction","target":["https:\/\/samuelperche.com\/fr\/sculpter-lindicible\/"]}]},{"@type":"ImageObject","inLanguage":"en-GB","@id":"https:\/\/samuelperche.com\/fr\/sculpter-lindicible\/#primaryimage","url":"https:\/\/samuelperche.com\/wp-content\/uploads\/2024\/08\/Yanig-100x80-2023-Full.jpg","contentUrl":"https:\/\/samuelperche.com\/wp-content\/uploads\/2024\/08\/Yanig-100x80-2023-Full.jpg","width":1200,"height":1500,"caption":"Acrylique sur toile de coton et lurex, 100x80cm, 2023"},{"@type":"BreadcrumbList","@id":"https:\/\/samuelperche.com\/fr\/sculpter-lindicible\/#breadcrumb","itemListElement":[{"@type":"ListItem","position":1,"name":"Accueil","item":"https:\/\/samuelperche.com\/"},{"@type":"ListItem","position":2,"name":"Sculpter l&rsquo;indicible"}]},{"@type":"WebSite","@id":"https:\/\/samuelperche.com\/#website","url":"https:\/\/samuelperche.com\/","name":"Samuel Perche","description":"Artiste queer","publisher":{"@id":"https:\/\/samuelperche.com\/#\/schema\/person\/89bf2b3a24aec0e915e96350a12fd09c"},"potentialAction":[{"@type":"SearchAction","target":{"@type":"EntryPoint","urlTemplate":"https:\/\/samuelperche.com\/?s={search_term_string}"},"query-input":{"@type":"PropertyValueSpecification","valueRequired":true,"valueName":"search_term_string"}}],"inLanguage":"en-GB"},{"@type":["Person","Organization"],"@id":"https:\/\/samuelperche.com\/#\/schema\/person\/89bf2b3a24aec0e915e96350a12fd09c","name":"Samuel","image":{"@type":"ImageObject","inLanguage":"en-GB","@id":"https:\/\/samuelperche.com\/wp-content\/uploads\/2024\/08\/Sam-photo-Profil-copie.jpg","url":"https:\/\/samuelperche.com\/wp-content\/uploads\/2024\/08\/Sam-photo-Profil-copie.jpg","contentUrl":"https:\/\/samuelperche.com\/wp-content\/uploads\/2024\/08\/Sam-photo-Profil-copie.jpg","width":750,"height":750,"caption":"Samuel"},"logo":{"@id":"https:\/\/samuelperche.com\/wp-content\/uploads\/2024\/08\/Sam-photo-Profil-copie.jpg"},"sameAs":["https:\/\/samuelperche.com"]}]}},"_links":{"self":[{"href":"https:\/\/samuelperche.com\/en\/wp-json\/wp\/v2\/pages\/6533","targetHints":{"allow":["GET"]}}],"collection":[{"href":"https:\/\/samuelperche.com\/en\/wp-json\/wp\/v2\/pages"}],"about":[{"href":"https:\/\/samuelperche.com\/en\/wp-json\/wp\/v2\/types\/page"}],"author":[{"embeddable":true,"href":"https:\/\/samuelperche.com\/en\/wp-json\/wp\/v2\/users\/1"}],"replies":[{"embeddable":true,"href":"https:\/\/samuelperche.com\/en\/wp-json\/wp\/v2\/comments?post=6533"}],"version-history":[{"count":4,"href":"https:\/\/samuelperche.com\/en\/wp-json\/wp\/v2\/pages\/6533\/revisions"}],"predecessor-version":[{"id":6537,"href":"https:\/\/samuelperche.com\/en\/wp-json\/wp\/v2\/pages\/6533\/revisions\/6537"}],"wp:featuredmedia":[{"embeddable":true,"href":"https:\/\/samuelperche.com\/en\/wp-json\/wp\/v2\/media\/2041"}],"wp:attachment":[{"href":"https:\/\/samuelperche.com\/en\/wp-json\/wp\/v2\/media?parent=6533"}],"curies":[{"name":"wp","href":"https:\/\/api.w.org\/{rel}","templated":true}]}}