{"id":5929,"date":"2025-12-12T05:50:05","date_gmt":"2025-12-12T05:50:05","guid":{"rendered":"https:\/\/samuelperche.com\/?page_id=5929"},"modified":"2025-12-12T06:16:08","modified_gmt":"2025-12-12T06:16:08","slug":"lovers-3-malikpaul","status":"publish","type":"page","link":"https:\/\/samuelperche.com\/en\/peintures\/lovers-3-malikpaul\/","title":{"rendered":"Lovers 3 : Malik&#038;Paul"},"content":{"rendered":"<div data-elementor-type=\"wp-page\" data-elementor-id=\"5929\" class=\"elementor elementor-5929\" data-elementor-post-type=\"page\">\n\t\t\t\t<div class=\"elementor-element elementor-element-6a48a20f e-flex e-con-boxed e-con e-parent\" data-id=\"6a48a20f\" data-element_type=\"container\" data-e-type=\"container\">\n\t\t\t\t\t<div class=\"e-con-inner\">\n\t\t<div class=\"elementor-element elementor-element-7dda9df9 e-con-full e-flex e-con e-child\" data-id=\"7dda9df9\" data-element_type=\"container\" data-e-type=\"container\">\n\t\t\t\t<div class=\"elementor-element elementor-element-14fa4eb elementor-widget elementor-widget-image\" data-id=\"14fa4eb\" data-element_type=\"widget\" data-e-type=\"widget\" data-widget_type=\"image.default\">\n\t\t\t\t<div class=\"elementor-widget-container\">\n\t\t\t\t\t\t\t\t\t\t\t\t\t\t\t<img decoding=\"async\" src=\"https:\/\/samuelperche.com\/wp-content\/uploads\/2025\/05\/Malik-Paul-web.jpg\" title=\"\" alt=\"Lovers 3 : Malik&amp;Paul, acrylique sur toile, 90x120 cm, 2025\" loading=\"lazy\" \/>\t\t\t\t\t\t\t\t\t\t\t\t\t\t\t<\/div>\n\t\t\t\t<\/div>\n\t\t\t\t<\/div>\n\t\t<div class=\"elementor-element elementor-element-b5ea1e5 e-con-full e-flex e-con e-child\" data-id=\"b5ea1e5\" data-element_type=\"container\" data-e-type=\"container\">\n\t\t\t\t<div class=\"elementor-element elementor-element-40f3263 elementor-widget elementor-widget-heading\" data-id=\"40f3263\" data-element_type=\"widget\" data-e-type=\"widget\" data-widget_type=\"heading.default\">\n\t\t\t\t<div class=\"elementor-widget-container\">\n\t\t\t\t\t<h1 class=\"elementor-heading-title elementor-size-default\">Lovers 3 : Malik &amp; Paul<\/h1>\t\t\t\t<\/div>\n\t\t\t\t<\/div>\n\t\t\t\t<div class=\"elementor-element elementor-element-292a2031 elementor-widget elementor-widget-heading\" data-id=\"292a2031\" data-element_type=\"widget\" data-e-type=\"widget\" data-widget_type=\"heading.default\">\n\t\t\t\t<div class=\"elementor-widget-container\">\n\t\t\t\t\t<h2 class=\"elementor-heading-title elementor-size-default\">Acrylic on raw cotton canvas<\/h2>\t\t\t\t<\/div>\n\t\t\t\t<\/div>\n\t\t\t\t<div class=\"elementor-element elementor-element-46c61b21 elementor-widget elementor-widget-heading\" data-id=\"46c61b21\" data-element_type=\"widget\" data-e-type=\"widget\" data-widget_type=\"heading.default\">\n\t\t\t\t<div class=\"elementor-widget-container\">\n\t\t\t\t\t<h2 class=\"elementor-heading-title elementor-size-default\">90 x 120 cm<\/h2>\t\t\t\t<\/div>\n\t\t\t\t<\/div>\n\t\t\t\t<div class=\"elementor-element elementor-element-26aff8e elementor-widget elementor-widget-heading\" data-id=\"26aff8e\" data-element_type=\"widget\" data-e-type=\"widget\" data-widget_type=\"heading.default\">\n\t\t\t\t<div class=\"elementor-widget-container\">\n\t\t\t\t\t<h2 class=\"elementor-heading-title elementor-size-default\">2025, Rennes<\/h2>\t\t\t\t<\/div>\n\t\t\t\t<\/div>\n\t\t\t\t<\/div>\n\t\t\t\t\t<\/div>\n\t\t\t\t<\/div>\n\t\t<div class=\"elementor-element elementor-element-480fae85 e-flex e-con-boxed e-con e-parent\" data-id=\"480fae85\" data-element_type=\"container\" data-e-type=\"container\">\n\t\t\t\t\t<div class=\"e-con-inner\">\n\t\t<div class=\"elementor-element elementor-element-9d407fe e-con-full e-flex e-con e-child\" data-id=\"9d407fe\" data-element_type=\"container\" data-e-type=\"container\">\n\t\t\t\t<div class=\"elementor-element elementor-element-24c85a95 gallery-spacing-custom elementor-widget elementor-widget-image-gallery\" data-id=\"24c85a95\" data-element_type=\"widget\" data-e-type=\"widget\" data-widget_type=\"image-gallery.default\">\n\t\t\t\t<div class=\"elementor-widget-container\">\n\t\t\t\t\t\t\t<div class=\"elementor-image-gallery\">\n\t\t\t\t\t<\/div>\n\t\t\t\t\t\t<\/div>\n\t\t\t\t<\/div>\n\t\t\t\t<\/div>\n\t\t\t\t\t<\/div>\n\t\t\t\t<\/div>\n\t\t<div class=\"elementor-element elementor-element-7d8d4240 e-flex e-con-boxed e-con e-parent\" data-id=\"7d8d4240\" data-element_type=\"container\" data-e-type=\"container\" data-settings=\"{&quot;background_background&quot;:&quot;classic&quot;}\">\n\t\t\t\t\t<div class=\"e-con-inner\">\n\t\t\t\t<div class=\"elementor-element elementor-element-303bb456 elementor-widget elementor-widget-heading\" data-id=\"303bb456\" data-element_type=\"widget\" data-e-type=\"widget\" data-widget_type=\"heading.default\">\n\t\t\t\t<div class=\"elementor-widget-container\">\n\t\t\t\t\t<h2 class=\"elementor-heading-title elementor-size-default\"><a href=\"https:\/\/samuelperche.com\/en\/product\/lovers-3-malik-paul\/\">Would you like to buy this painting?<\/a><\/h2>\t\t\t\t<\/div>\n\t\t\t\t<\/div>\n\t\t\t\t\t<\/div>\n\t\t\t\t<\/div>\n\t\t\t\t<\/div>","protected":false},"excerpt":{"rendered":"<p>Lovers 3 : Malik &amp; Paul Acrylique sur toile de coton brut 90 x 120 cm 2025, Rennes Vous souhaitez acheter ce tableau ?<\/p>","protected":false},"author":1,"featured_media":0,"parent":2114,"menu_order":0,"comment_status":"closed","ping_status":"closed","template":"","meta":{"_monsterinsights_skip_tracking":false,"_monsterinsights_sitenote_active":false,"_monsterinsights_sitenote_note":"","_monsterinsights_sitenote_category":0,"footnotes":""},"class_list":["post-5929","page","type-page","status-publish","hentry"],"yoast_head":"<!-- This site is optimized with the Yoast SEO plugin v27.3 - https:\/\/yoast.com\/product\/yoast-seo-wordpress\/ -->\n<title>Lovers 3 : Malik&amp;Paul &#8211; Samuel Perche<\/title>\n<meta name=\"description\" content=\"Retrouvez Alejandro, une peinture r\u00e9alis\u00e9e par Samuel Perche. Cette \u0153uvre est disponible \u00e0 l&#039;achat dans la boutique en ligne.\" \/>\n<meta name=\"robots\" content=\"index, follow, max-snippet:-1, max-image-preview:large, max-video-preview:-1\" \/>\n<link rel=\"canonical\" href=\"https:\/\/samuelperche.com\/en\/peintures\/lovers-3-malikpaul\/\" \/>\n<meta property=\"og:locale\" content=\"en_GB\" \/>\n<meta property=\"og:type\" content=\"article\" \/>\n<meta property=\"og:title\" content=\"Lovers 3 : Malik&amp;Paul &#8211; Samuel Perche\" \/>\n<meta property=\"og:description\" content=\"Retrouvez Alejandro, une peinture r\u00e9alis\u00e9e par Samuel Perche. Cette \u0153uvre est disponible \u00e0 l&#039;achat dans la boutique en ligne.\" \/>\n<meta property=\"og:url\" content=\"https:\/\/samuelperche.com\/en\/peintures\/lovers-3-malikpaul\/\" \/>\n<meta property=\"og:site_name\" content=\"Samuel Perche\" \/>\n<meta property=\"article:modified_time\" content=\"2025-12-12T06:16:08+00:00\" \/>\n<meta property=\"og:image\" content=\"https:\/\/samuelperche.com\/wp-content\/uploads\/2025\/05\/Malik-Paul-web.jpg\" \/>\n\t<meta property=\"og:image:width\" content=\"1800\" \/>\n\t<meta property=\"og:image:height\" content=\"1350\" \/>\n\t<meta property=\"og:image:type\" content=\"image\/jpeg\" \/>\n<meta name=\"twitter:card\" content=\"summary_large_image\" \/>\n<meta name=\"twitter:label1\" content=\"Estimated reading time\" \/>\n\t<meta name=\"twitter:data1\" content=\"2 minutes\" \/>\n<script type=\"application\/ld+json\" class=\"yoast-schema-graph\">{\"@context\":\"https:\\\/\\\/schema.org\",\"@graph\":[{\"@type\":\"WebPage\",\"@id\":\"https:\\\/\\\/samuelperche.com\\\/fr\\\/peintures\\\/lovers-3-malikpaul\\\/\",\"url\":\"https:\\\/\\\/samuelperche.com\\\/fr\\\/peintures\\\/lovers-3-malikpaul\\\/\",\"name\":\"Lovers 3 : Malik&Paul &#8211; Samuel Perche\",\"isPartOf\":{\"@id\":\"https:\\\/\\\/samuelperche.com\\\/#website\"},\"primaryImageOfPage\":{\"@id\":\"https:\\\/\\\/samuelperche.com\\\/fr\\\/peintures\\\/lovers-3-malikpaul\\\/#primaryimage\"},\"image\":{\"@id\":\"https:\\\/\\\/samuelperche.com\\\/fr\\\/peintures\\\/lovers-3-malikpaul\\\/#primaryimage\"},\"thumbnailUrl\":\"https:\\\/\\\/samuelperche.com\\\/wp-content\\\/uploads\\\/2025\\\/05\\\/Malik-Paul-web-1024x768.jpg\",\"datePublished\":\"2025-12-12T05:50:05+00:00\",\"dateModified\":\"2025-12-12T06:16:08+00:00\",\"description\":\"Retrouvez Alejandro, une peinture r\u00e9alis\u00e9e par Samuel Perche. Cette \u0153uvre est disponible \u00e0 l'achat dans la boutique en ligne.\",\"breadcrumb\":{\"@id\":\"https:\\\/\\\/samuelperche.com\\\/fr\\\/peintures\\\/lovers-3-malikpaul\\\/#breadcrumb\"},\"inLanguage\":\"en-GB\",\"potentialAction\":[{\"@type\":\"ReadAction\",\"target\":[\"https:\\\/\\\/samuelperche.com\\\/fr\\\/peintures\\\/lovers-3-malikpaul\\\/\"]}]},{\"@type\":\"ImageObject\",\"inLanguage\":\"en-GB\",\"@id\":\"https:\\\/\\\/samuelperche.com\\\/fr\\\/peintures\\\/lovers-3-malikpaul\\\/#primaryimage\",\"url\":\"https:\\\/\\\/samuelperche.com\\\/wp-content\\\/uploads\\\/2025\\\/05\\\/Malik-Paul-web-1024x768.jpg\",\"contentUrl\":\"https:\\\/\\\/samuelperche.com\\\/wp-content\\\/uploads\\\/2025\\\/05\\\/Malik-Paul-web-1024x768.jpg\"},{\"@type\":\"BreadcrumbList\",\"@id\":\"https:\\\/\\\/samuelperche.com\\\/fr\\\/peintures\\\/lovers-3-malikpaul\\\/#breadcrumb\",\"itemListElement\":[{\"@type\":\"ListItem\",\"position\":1,\"name\":\"Accueil\",\"item\":\"https:\\\/\\\/samuelperche.com\\\/\"},{\"@type\":\"ListItem\",\"position\":2,\"name\":\"Peintures\",\"item\":\"https:\\\/\\\/samuelperche.com\\\/fr\\\/peintures\\\/\"},{\"@type\":\"ListItem\",\"position\":3,\"name\":\"Lovers 3 : Malik&#038;Paul\"}]},{\"@type\":\"WebSite\",\"@id\":\"https:\\\/\\\/samuelperche.com\\\/#website\",\"url\":\"https:\\\/\\\/samuelperche.com\\\/\",\"name\":\"Samuel Perche\",\"description\":\"Artiste queer\",\"publisher\":{\"@id\":\"https:\\\/\\\/samuelperche.com\\\/#\\\/schema\\\/person\\\/89bf2b3a24aec0e915e96350a12fd09c\"},\"potentialAction\":[{\"@type\":\"SearchAction\",\"target\":{\"@type\":\"EntryPoint\",\"urlTemplate\":\"https:\\\/\\\/samuelperche.com\\\/?s={search_term_string}\"},\"query-input\":{\"@type\":\"PropertyValueSpecification\",\"valueRequired\":true,\"valueName\":\"search_term_string\"}}],\"inLanguage\":\"en-GB\"},{\"@type\":[\"Person\",\"Organization\"],\"@id\":\"https:\\\/\\\/samuelperche.com\\\/#\\\/schema\\\/person\\\/89bf2b3a24aec0e915e96350a12fd09c\",\"name\":\"Samuel\",\"image\":{\"@type\":\"ImageObject\",\"inLanguage\":\"en-GB\",\"@id\":\"https:\\\/\\\/samuelperche.com\\\/wp-content\\\/uploads\\\/2024\\\/08\\\/Sam-photo-Profil-copie.jpg\",\"url\":\"https:\\\/\\\/samuelperche.com\\\/wp-content\\\/uploads\\\/2024\\\/08\\\/Sam-photo-Profil-copie.jpg\",\"contentUrl\":\"https:\\\/\\\/samuelperche.com\\\/wp-content\\\/uploads\\\/2024\\\/08\\\/Sam-photo-Profil-copie.jpg\",\"width\":750,\"height\":750,\"caption\":\"Samuel\"},\"logo\":{\"@id\":\"https:\\\/\\\/samuelperche.com\\\/wp-content\\\/uploads\\\/2024\\\/08\\\/Sam-photo-Profil-copie.jpg\"},\"sameAs\":[\"https:\\\/\\\/samuelperche.com\"]}]}<\/script>\n<!-- \/ Yoast SEO plugin. -->","yoast_head_json":{"title":"Lovers 3 : Malik&Paul &#8211; Samuel Perche","description":"Retrouvez Alejandro, une peinture r\u00e9alis\u00e9e par Samuel Perche. Cette \u0153uvre est disponible \u00e0 l'achat dans la boutique en ligne.","robots":{"index":"index","follow":"follow","max-snippet":"max-snippet:-1","max-image-preview":"max-image-preview:large","max-video-preview":"max-video-preview:-1"},"canonical":"https:\/\/samuelperche.com\/en\/peintures\/lovers-3-malikpaul\/","og_locale":"en_GB","og_type":"article","og_title":"Lovers 3 : Malik&Paul &#8211; Samuel Perche","og_description":"Retrouvez Alejandro, une peinture r\u00e9alis\u00e9e par Samuel Perche. Cette \u0153uvre est disponible \u00e0 l'achat dans la boutique en ligne.","og_url":"https:\/\/samuelperche.com\/en\/peintures\/lovers-3-malikpaul\/","og_site_name":"Samuel Perche","article_modified_time":"2025-12-12T06:16:08+00:00","og_image":[{"width":1800,"height":1350,"url":"https:\/\/samuelperche.com\/wp-content\/uploads\/2025\/05\/Malik-Paul-web.jpg","type":"image\/jpeg"}],"twitter_card":"summary_large_image","twitter_misc":{"Estimated reading time":"2 minutes"},"schema":{"@context":"https:\/\/schema.org","@graph":[{"@type":"WebPage","@id":"https:\/\/samuelperche.com\/fr\/peintures\/lovers-3-malikpaul\/","url":"https:\/\/samuelperche.com\/fr\/peintures\/lovers-3-malikpaul\/","name":"Lovers 3 : Malik&Paul &#8211; Samuel Perche","isPartOf":{"@id":"https:\/\/samuelperche.com\/#website"},"primaryImageOfPage":{"@id":"https:\/\/samuelperche.com\/fr\/peintures\/lovers-3-malikpaul\/#primaryimage"},"image":{"@id":"https:\/\/samuelperche.com\/fr\/peintures\/lovers-3-malikpaul\/#primaryimage"},"thumbnailUrl":"https:\/\/samuelperche.com\/wp-content\/uploads\/2025\/05\/Malik-Paul-web-1024x768.jpg","datePublished":"2025-12-12T05:50:05+00:00","dateModified":"2025-12-12T06:16:08+00:00","description":"Retrouvez Alejandro, une peinture r\u00e9alis\u00e9e par Samuel Perche. Cette \u0153uvre est disponible \u00e0 l'achat dans la boutique en ligne.","breadcrumb":{"@id":"https:\/\/samuelperche.com\/fr\/peintures\/lovers-3-malikpaul\/#breadcrumb"},"inLanguage":"en-GB","potentialAction":[{"@type":"ReadAction","target":["https:\/\/samuelperche.com\/fr\/peintures\/lovers-3-malikpaul\/"]}]},{"@type":"ImageObject","inLanguage":"en-GB","@id":"https:\/\/samuelperche.com\/fr\/peintures\/lovers-3-malikpaul\/#primaryimage","url":"https:\/\/samuelperche.com\/wp-content\/uploads\/2025\/05\/Malik-Paul-web-1024x768.jpg","contentUrl":"https:\/\/samuelperche.com\/wp-content\/uploads\/2025\/05\/Malik-Paul-web-1024x768.jpg"},{"@type":"BreadcrumbList","@id":"https:\/\/samuelperche.com\/fr\/peintures\/lovers-3-malikpaul\/#breadcrumb","itemListElement":[{"@type":"ListItem","position":1,"name":"Accueil","item":"https:\/\/samuelperche.com\/"},{"@type":"ListItem","position":2,"name":"Peintures","item":"https:\/\/samuelperche.com\/fr\/peintures\/"},{"@type":"ListItem","position":3,"name":"Lovers 3 : Malik&#038;Paul"}]},{"@type":"WebSite","@id":"https:\/\/samuelperche.com\/#website","url":"https:\/\/samuelperche.com\/","name":"Samuel Perche","description":"Artiste queer","publisher":{"@id":"https:\/\/samuelperche.com\/#\/schema\/person\/89bf2b3a24aec0e915e96350a12fd09c"},"potentialAction":[{"@type":"SearchAction","target":{"@type":"EntryPoint","urlTemplate":"https:\/\/samuelperche.com\/?s={search_term_string}"},"query-input":{"@type":"PropertyValueSpecification","valueRequired":true,"valueName":"search_term_string"}}],"inLanguage":"en-GB"},{"@type":["Person","Organization"],"@id":"https:\/\/samuelperche.com\/#\/schema\/person\/89bf2b3a24aec0e915e96350a12fd09c","name":"Samuel","image":{"@type":"ImageObject","inLanguage":"en-GB","@id":"https:\/\/samuelperche.com\/wp-content\/uploads\/2024\/08\/Sam-photo-Profil-copie.jpg","url":"https:\/\/samuelperche.com\/wp-content\/uploads\/2024\/08\/Sam-photo-Profil-copie.jpg","contentUrl":"https:\/\/samuelperche.com\/wp-content\/uploads\/2024\/08\/Sam-photo-Profil-copie.jpg","width":750,"height":750,"caption":"Samuel"},"logo":{"@id":"https:\/\/samuelperche.com\/wp-content\/uploads\/2024\/08\/Sam-photo-Profil-copie.jpg"},"sameAs":["https:\/\/samuelperche.com"]}]}},"_links":{"self":[{"href":"https:\/\/samuelperche.com\/en\/wp-json\/wp\/v2\/pages\/5929","targetHints":{"allow":["GET"]}}],"collection":[{"href":"https:\/\/samuelperche.com\/en\/wp-json\/wp\/v2\/pages"}],"about":[{"href":"https:\/\/samuelperche.com\/en\/wp-json\/wp\/v2\/types\/page"}],"author":[{"embeddable":true,"href":"https:\/\/samuelperche.com\/en\/wp-json\/wp\/v2\/users\/1"}],"replies":[{"embeddable":true,"href":"https:\/\/samuelperche.com\/en\/wp-json\/wp\/v2\/comments?post=5929"}],"version-history":[{"count":10,"href":"https:\/\/samuelperche.com\/en\/wp-json\/wp\/v2\/pages\/5929\/revisions"}],"predecessor-version":[{"id":5973,"href":"https:\/\/samuelperche.com\/en\/wp-json\/wp\/v2\/pages\/5929\/revisions\/5973"}],"up":[{"embeddable":true,"href":"https:\/\/samuelperche.com\/en\/wp-json\/wp\/v2\/pages\/2114"}],"wp:attachment":[{"href":"https:\/\/samuelperche.com\/en\/wp-json\/wp\/v2\/media?parent=5929"}],"curies":[{"name":"wp","href":"https:\/\/api.w.org\/{rel}","templated":true}]}}