{"id":307,"date":"2024-07-16T22:28:50","date_gmt":"2024-07-16T22:28:50","guid":{"rendered":"https:\/\/samuelperche.com\/?page_id=307"},"modified":"2024-09-03T12:15:48","modified_gmt":"2024-09-03T12:15:48","slug":"peintures-2019-2016","status":"publish","type":"page","link":"https:\/\/samuelperche.com\/en\/peintures-2019-2016\/","title":{"rendered":"2019-2016"},"content":{"rendered":"<div data-elementor-type=\"wp-page\" data-elementor-id=\"307\" class=\"elementor elementor-307\" data-elementor-post-type=\"page\">\n\t\t\t\t<div class=\"elementor-element elementor-element-cd4b396 e-flex e-con-boxed e-con e-parent\" data-id=\"cd4b396\" data-element_type=\"container\" data-e-type=\"container\" data-settings=\"{&quot;background_background&quot;:&quot;classic&quot;}\">\n\t\t\t\t\t<div class=\"e-con-inner\">\n\t\t\t\t<div class=\"elementor-element elementor-element-331997a elementor-widget elementor-widget-heading\" data-id=\"331997a\" data-element_type=\"widget\" data-e-type=\"widget\" data-widget_type=\"heading.default\">\n\t\t\t\t<div class=\"elementor-widget-container\">\n\t\t\t\t\t<h2 class=\"elementor-heading-title elementor-size-default\">Paintings<\/h2>\t\t\t\t<\/div>\n\t\t\t\t<\/div>\n\t\t\t\t<div class=\"elementor-element elementor-element-7fb8271 elementor-widget elementor-widget-heading\" data-id=\"7fb8271\" data-element_type=\"widget\" data-e-type=\"widget\" data-widget_type=\"heading.default\">\n\t\t\t\t<div class=\"elementor-widget-container\">\n\t\t\t\t\t<span class=\"elementor-heading-title elementor-size-default\">2019-2016<\/span>\t\t\t\t<\/div>\n\t\t\t\t<\/div>\n\t\t\t\t\t<\/div>\n\t\t\t\t<\/div>\n\t\t<div class=\"elementor-element elementor-element-ba48f9e e-flex e-con-boxed e-con e-parent\" data-id=\"ba48f9e\" data-element_type=\"container\" data-e-type=\"container\">\n\t\t\t\t\t<div class=\"e-con-inner\">\n\t\t<div class=\"elementor-element elementor-element-9d54201 e-con-full e-flex e-con e-child\" data-id=\"9d54201\" data-element_type=\"container\" data-e-type=\"container\">\n\t\t\t\t<div class=\"elementor-element elementor-element-6e03a63 elementor-widget elementor-widget-image\" data-id=\"6e03a63\" data-element_type=\"widget\" data-e-type=\"widget\" data-widget_type=\"image.default\">\n\t\t\t\t<div class=\"elementor-widget-container\">\n\t\t\t\t\t\t\t\t\t\t\t\t\t\t\t\t<a href=\"https:\/\/samuelperche.com\/wp-content\/uploads\/2024\/07\/him-2016-120x180cm-.jpg\" data-elementor-open-lightbox=\"yes\" data-e-action-hash=\"#elementor-action%3Aaction%3Dlightbox%26settings%3DeyJpZCI6NTE3LCJ1cmwiOmZhbHNlfQ%3D%3D\">\n\t\t\t\t\t\t\t<img decoding=\"async\" src=\"https:\/\/samuelperche.com\/wp-content\/uploads\/2024\/07\/him-2016-120x180cm-.jpg\" title=\"\" alt=\"\" loading=\"lazy\" \/>\t\t\t\t\t\t\t\t<\/a>\n\t\t\t\t\t\t\t\t\t\t\t\t\t\t\t<\/div>\n\t\t\t\t<\/div>\n\t\t\t\t<\/div>\n\t\t<div class=\"elementor-element elementor-element-8ab8ce4 e-con-full e-flex e-con e-child\" data-id=\"8ab8ce4\" data-element_type=\"container\" data-e-type=\"container\">\n\t\t\t\t<div class=\"elementor-element elementor-element-1b6335a elementor-widget elementor-widget-heading\" data-id=\"1b6335a\" data-element_type=\"widget\" data-e-type=\"widget\" data-widget_type=\"heading.default\">\n\t\t\t\t<div class=\"elementor-widget-container\">\n\t\t\t\t\t<span class=\"elementor-heading-title elementor-size-default\"><b>Him<\/b>, pigments, coatings, acrylic on canvas, 120 x 180 cm, 2016<\/span>\t\t\t\t<\/div>\n\t\t\t\t<\/div>\n\t\t\t\t<\/div>\n\t\t\t\t\t<\/div>\n\t\t\t\t<\/div>\n\t\t<div class=\"elementor-element elementor-element-cbb08e7 e-flex e-con-boxed e-con e-parent\" data-id=\"cbb08e7\" data-element_type=\"container\" data-e-type=\"container\">\n\t\t\t\t\t<div class=\"e-con-inner\">\n\t\t<div class=\"elementor-element elementor-element-0c5c8ad e-con-full e-flex e-con e-child\" data-id=\"0c5c8ad\" data-element_type=\"container\" data-e-type=\"container\">\n\t\t\t\t<div class=\"elementor-element elementor-element-0241798 elementor-widget elementor-widget-image\" data-id=\"0241798\" data-element_type=\"widget\" data-e-type=\"widget\" data-widget_type=\"image.default\">\n\t\t\t\t<div class=\"elementor-widget-container\">\n\t\t\t\t\t\t\t\t\t\t\t\t\t\t\t\t<a href=\"https:\/\/samuelperche.com\/wp-content\/uploads\/2024\/07\/le-cadavre-de-ppp-2015-110x110-cm.jpg\" data-elementor-open-lightbox=\"yes\" data-e-action-hash=\"#elementor-action%3Aaction%3Dlightbox%26settings%3DeyJpZCI6NTI3LCJ1cmwiOmZhbHNlfQ%3D%3D\">\n\t\t\t\t\t\t\t<img decoding=\"async\" src=\"https:\/\/samuelperche.com\/wp-content\/uploads\/2024\/07\/le-cadavre-de-ppp-2015-110x110-cm.jpg\" title=\"\" alt=\"\" loading=\"lazy\" \/>\t\t\t\t\t\t\t\t<\/a>\n\t\t\t\t\t\t\t\t\t\t\t\t\t\t\t<\/div>\n\t\t\t\t<\/div>\n\t\t\t\t<\/div>\n\t\t<div class=\"elementor-element elementor-element-5df298a e-con-full e-flex e-con e-child\" data-id=\"5df298a\" data-element_type=\"container\" data-e-type=\"container\">\n\t\t\t\t<div class=\"elementor-element elementor-element-234f78f elementor-widget elementor-widget-heading\" data-id=\"234f78f\" data-element_type=\"widget\" data-e-type=\"widget\" data-widget_type=\"heading.default\">\n\t\t\t\t<div class=\"elementor-widget-container\">\n\t\t\t\t\t<span class=\"elementor-heading-title elementor-size-default\"><b>Le cadavre de PPP<\/b>, pigments, coatings, acrylic on canvas, 110 x 100 cm, 2016\n<\/span>\t\t\t\t<\/div>\n\t\t\t\t<\/div>\n\t\t\t\t<\/div>\n\t\t\t\t\t<\/div>\n\t\t\t\t<\/div>\n\t\t<div class=\"elementor-element elementor-element-099201f e-flex e-con-boxed e-con e-parent\" data-id=\"099201f\" data-element_type=\"container\" data-e-type=\"container\">\n\t\t\t\t\t<div class=\"e-con-inner\">\n\t\t<div class=\"elementor-element elementor-element-dd08ee3 e-con-full e-flex e-con e-child\" data-id=\"dd08ee3\" data-element_type=\"container\" data-e-type=\"container\">\n\t\t\t\t<div class=\"elementor-element elementor-element-b121dce elementor-widget elementor-widget-image\" data-id=\"b121dce\" data-element_type=\"widget\" data-e-type=\"widget\" data-widget_type=\"image.default\">\n\t\t\t\t<div class=\"elementor-widget-container\">\n\t\t\t\t\t\t\t\t\t\t\t\t\t\t\t\t<a href=\"https:\/\/samuelperche.com\/wp-content\/uploads\/2024\/07\/qui-dit-cul-diverge.jpg\" data-elementor-open-lightbox=\"yes\" data-e-action-hash=\"#elementor-action%3Aaction%3Dlightbox%26settings%3DeyJpZCI6NTg3LCJ1cmwiOmZhbHNlfQ%3D%3D\">\n\t\t\t\t\t\t\t<img decoding=\"async\" src=\"https:\/\/samuelperche.com\/wp-content\/uploads\/2024\/07\/qui-dit-cul-diverge.jpg\" title=\"\" alt=\"\" loading=\"lazy\" \/>\t\t\t\t\t\t\t\t<\/a>\n\t\t\t\t\t\t\t\t\t\t\t\t\t\t\t<\/div>\n\t\t\t\t<\/div>\n\t\t\t\t<\/div>\n\t\t<div class=\"elementor-element elementor-element-0bea7c5 e-con-full e-flex e-con e-child\" data-id=\"0bea7c5\" data-element_type=\"container\" data-e-type=\"container\">\n\t\t\t\t<div class=\"elementor-element elementor-element-db73165 elementor-widget elementor-widget-heading\" data-id=\"db73165\" data-element_type=\"widget\" data-e-type=\"widget\" data-widget_type=\"heading.default\">\n\t\t\t\t<div class=\"elementor-widget-container\">\n\t\t\t\t\t<span class=\"elementor-heading-title elementor-size-default\"><b>Qui dit cul diverge<\/b>, acrylic and Indian ink on paper, 14 x 75 x 50 cm, 2015\n<\/span>\t\t\t\t<\/div>\n\t\t\t\t<\/div>\n\t\t\t\t<\/div>\n\t\t\t\t\t<\/div>\n\t\t\t\t<\/div>\n\t\t<div class=\"elementor-element elementor-element-6210266 e-flex e-con-boxed e-con e-parent\" data-id=\"6210266\" data-element_type=\"container\" data-e-type=\"container\">\n\t\t\t\t\t<div class=\"e-con-inner\">\n\t\t<div class=\"elementor-element elementor-element-c37e08b e-con-full e-flex e-con e-child\" data-id=\"c37e08b\" data-element_type=\"container\" data-e-type=\"container\">\n\t\t\t\t<div class=\"elementor-element elementor-element-2c10ed1 elementor-widget elementor-widget-image\" data-id=\"2c10ed1\" data-element_type=\"widget\" data-e-type=\"widget\" data-widget_type=\"image.default\">\n\t\t\t\t<div class=\"elementor-widget-container\">\n\t\t\t\t\t\t\t\t\t\t\t\t\t\t\t\t<a href=\"https:\/\/samuelperche.com\/wp-content\/uploads\/2024\/07\/sm-jesus-2014-149x84-cm.jpg\" data-elementor-open-lightbox=\"yes\" data-e-action-hash=\"#elementor-action%3Aaction%3Dlightbox%26settings%3DeyJpZCI6NTgyLCJ1cmwiOmZhbHNlfQ%3D%3D\">\n\t\t\t\t\t\t\t<img decoding=\"async\" src=\"https:\/\/samuelperche.com\/wp-content\/uploads\/2024\/07\/sm-jesus-2014-149x84-cm.jpg\" title=\"\" alt=\"\" loading=\"lazy\" \/>\t\t\t\t\t\t\t\t<\/a>\n\t\t\t\t\t\t\t\t\t\t\t\t\t\t\t<\/div>\n\t\t\t\t<\/div>\n\t\t\t\t<\/div>\n\t\t<div class=\"elementor-element elementor-element-89dabec e-con-full e-flex e-con e-child\" data-id=\"89dabec\" data-element_type=\"container\" data-e-type=\"container\">\n\t\t\t\t<div class=\"elementor-element elementor-element-12caad6 elementor-widget elementor-widget-heading\" data-id=\"12caad6\" data-element_type=\"widget\" data-e-type=\"widget\" data-widget_type=\"heading.default\">\n\t\t\t\t<div class=\"elementor-widget-container\">\n\t\t\t\t\t<span class=\"elementor-heading-title elementor-size-default\"><b>SM Jesus<\/b>, acrylic on paper, 150 x 85 cm 2015\n<\/span>\t\t\t\t<\/div>\n\t\t\t\t<\/div>\n\t\t\t\t<div class=\"elementor-element elementor-element-f6cb80d elementor-widget elementor-widget-text-editor\" data-id=\"f6cb80d\" data-element_type=\"widget\" data-e-type=\"widget\" data-widget_type=\"text-editor.default\">\n\t\t\t\t<div class=\"elementor-widget-container\">\n\t\t\t\t\t\t\t\t\t<p><strong>About the work :<\/strong><\/p><p>\u00a0<\/p><p>\u00a0<\/p>\t\t\t\t\t\t\t\t<\/div>\n\t\t\t\t<\/div>\n\t\t\t\t<\/div>\n\t\t\t\t\t<\/div>\n\t\t\t\t<\/div>\n\t\t\t\t<\/div>","protected":false},"excerpt":{"rendered":"<p>Peintures 2019-2016 Him, pigments, enduits, acrylique sur toile, 120 x 180 cm, 2016 Le cadavre de PPP, pigments, enduits, acrylique sur toile, 110 x 100 cm, 2016 red-chest-2015-180x120cm red-cock-2015-180x120cm red-bott-2015-180x120cm fighters-tryptique-3-2016-180&#215;120-cm. fighters-tryptique-2-2016-180&#215;120-cm. fighters-tryptique-1-2016-180&#215;120-cm fighters-2-2016-180x120cm fighters-1-2016-180x120cm Qui dit cul diverge, acrylique et encre de Chine sur papier, 14 fois 75 x 50 cm, 2015 SM Jesus, [&hellip;]<\/p>\n","protected":false},"author":1,"featured_media":0,"parent":0,"menu_order":0,"comment_status":"closed","ping_status":"closed","template":"","meta":{"_monsterinsights_skip_tracking":false,"_monsterinsights_sitenote_active":false,"_monsterinsights_sitenote_note":"","_monsterinsights_sitenote_category":0,"footnotes":""},"class_list":["post-307","page","type-page","status-publish","hentry"],"yoast_head":"<!-- This site is optimized with the Yoast SEO plugin v27.3 - https:\/\/yoast.com\/product\/yoast-seo-wordpress\/ -->\n<title>Peintures 2019-2016 &#8211; Samuel Perche<\/title>\n<meta name=\"description\" content=\"D\u00e9couvrez mes peintures r\u00e9alis\u00e9es de 2016 \u00e0 2019. Samuel Perche, artiste peintre contemporain.\" \/>\n<meta name=\"robots\" content=\"index, follow, max-snippet:-1, max-image-preview:large, max-video-preview:-1\" \/>\n<link rel=\"canonical\" href=\"https:\/\/samuelperche.com\/en\/peintures-2019-2016\/\" \/>\n<meta property=\"og:locale\" content=\"en_GB\" \/>\n<meta property=\"og:type\" content=\"article\" \/>\n<meta property=\"og:title\" content=\"Peintures 2019-2016 &#8211; Samuel Perche\" \/>\n<meta property=\"og:description\" content=\"D\u00e9couvrez mes peintures r\u00e9alis\u00e9es de 2016 \u00e0 2019. Samuel Perche, artiste peintre contemporain.\" \/>\n<meta property=\"og:url\" content=\"https:\/\/samuelperche.com\/en\/peintures-2019-2016\/\" \/>\n<meta property=\"og:site_name\" content=\"Samuel Perche\" \/>\n<meta property=\"article:modified_time\" content=\"2024-09-03T12:15:48+00:00\" \/>\n<meta property=\"og:image\" content=\"https:\/\/samuelperche.com\/wp-content\/uploads\/2024\/07\/him-2016-120x180cm-.jpg\" \/>\n<meta name=\"twitter:card\" content=\"summary_large_image\" \/>\n<meta name=\"twitter:label1\" content=\"Estimated reading time\" \/>\n\t<meta name=\"twitter:data1\" content=\"3 minutes\" \/>\n<script type=\"application\/ld+json\" class=\"yoast-schema-graph\">{\"@context\":\"https:\\\/\\\/schema.org\",\"@graph\":[{\"@type\":\"WebPage\",\"@id\":\"https:\\\/\\\/samuelperche.com\\\/peintures-2019-2016\\\/\",\"url\":\"https:\\\/\\\/samuelperche.com\\\/peintures-2019-2016\\\/\",\"name\":\"Peintures 2019-2016 &#8211; Samuel Perche\",\"isPartOf\":{\"@id\":\"https:\\\/\\\/samuelperche.com\\\/#website\"},\"primaryImageOfPage\":{\"@id\":\"https:\\\/\\\/samuelperche.com\\\/peintures-2019-2016\\\/#primaryimage\"},\"image\":{\"@id\":\"https:\\\/\\\/samuelperche.com\\\/peintures-2019-2016\\\/#primaryimage\"},\"thumbnailUrl\":\"https:\\\/\\\/samuelperche.com\\\/wp-content\\\/uploads\\\/2024\\\/07\\\/him-2016-120x180cm-.jpg\",\"datePublished\":\"2024-07-16T22:28:50+00:00\",\"dateModified\":\"2024-09-03T12:15:48+00:00\",\"description\":\"D\u00e9couvrez mes peintures r\u00e9alis\u00e9es de 2016 \u00e0 2019. Samuel Perche, artiste peintre contemporain.\",\"breadcrumb\":{\"@id\":\"https:\\\/\\\/samuelperche.com\\\/peintures-2019-2016\\\/#breadcrumb\"},\"inLanguage\":\"en-GB\",\"potentialAction\":[{\"@type\":\"ReadAction\",\"target\":[\"https:\\\/\\\/samuelperche.com\\\/peintures-2019-2016\\\/\"]}]},{\"@type\":\"ImageObject\",\"inLanguage\":\"en-GB\",\"@id\":\"https:\\\/\\\/samuelperche.com\\\/peintures-2019-2016\\\/#primaryimage\",\"url\":\"https:\\\/\\\/samuelperche.com\\\/wp-content\\\/uploads\\\/2024\\\/07\\\/him-2016-120x180cm-.jpg\",\"contentUrl\":\"https:\\\/\\\/samuelperche.com\\\/wp-content\\\/uploads\\\/2024\\\/07\\\/him-2016-120x180cm-.jpg\"},{\"@type\":\"BreadcrumbList\",\"@id\":\"https:\\\/\\\/samuelperche.com\\\/peintures-2019-2016\\\/#breadcrumb\",\"itemListElement\":[{\"@type\":\"ListItem\",\"position\":1,\"name\":\"Accueil\",\"item\":\"https:\\\/\\\/samuelperche.com\\\/\"},{\"@type\":\"ListItem\",\"position\":2,\"name\":\"2019-2016\"}]},{\"@type\":\"WebSite\",\"@id\":\"https:\\\/\\\/samuelperche.com\\\/#website\",\"url\":\"https:\\\/\\\/samuelperche.com\\\/\",\"name\":\"Samuel Perche\",\"description\":\"Artiste queer\",\"publisher\":{\"@id\":\"https:\\\/\\\/samuelperche.com\\\/#\\\/schema\\\/person\\\/89bf2b3a24aec0e915e96350a12fd09c\"},\"potentialAction\":[{\"@type\":\"SearchAction\",\"target\":{\"@type\":\"EntryPoint\",\"urlTemplate\":\"https:\\\/\\\/samuelperche.com\\\/?s={search_term_string}\"},\"query-input\":{\"@type\":\"PropertyValueSpecification\",\"valueRequired\":true,\"valueName\":\"search_term_string\"}}],\"inLanguage\":\"en-GB\"},{\"@type\":[\"Person\",\"Organization\"],\"@id\":\"https:\\\/\\\/samuelperche.com\\\/#\\\/schema\\\/person\\\/89bf2b3a24aec0e915e96350a12fd09c\",\"name\":\"Samuel\",\"image\":{\"@type\":\"ImageObject\",\"inLanguage\":\"en-GB\",\"@id\":\"https:\\\/\\\/samuelperche.com\\\/wp-content\\\/uploads\\\/2024\\\/08\\\/Sam-photo-Profil-copie.jpg\",\"url\":\"https:\\\/\\\/samuelperche.com\\\/wp-content\\\/uploads\\\/2024\\\/08\\\/Sam-photo-Profil-copie.jpg\",\"contentUrl\":\"https:\\\/\\\/samuelperche.com\\\/wp-content\\\/uploads\\\/2024\\\/08\\\/Sam-photo-Profil-copie.jpg\",\"width\":750,\"height\":750,\"caption\":\"Samuel\"},\"logo\":{\"@id\":\"https:\\\/\\\/samuelperche.com\\\/wp-content\\\/uploads\\\/2024\\\/08\\\/Sam-photo-Profil-copie.jpg\"},\"sameAs\":[\"https:\\\/\\\/samuelperche.com\"]}]}<\/script>\n<!-- \/ Yoast SEO plugin. -->","yoast_head_json":{"title":"Peintures 2019-2016 &#8211; Samuel Perche","description":"D\u00e9couvrez mes peintures r\u00e9alis\u00e9es de 2016 \u00e0 2019. Samuel Perche, artiste peintre contemporain.","robots":{"index":"index","follow":"follow","max-snippet":"max-snippet:-1","max-image-preview":"max-image-preview:large","max-video-preview":"max-video-preview:-1"},"canonical":"https:\/\/samuelperche.com\/en\/peintures-2019-2016\/","og_locale":"en_GB","og_type":"article","og_title":"Peintures 2019-2016 &#8211; Samuel Perche","og_description":"D\u00e9couvrez mes peintures r\u00e9alis\u00e9es de 2016 \u00e0 2019. Samuel Perche, artiste peintre contemporain.","og_url":"https:\/\/samuelperche.com\/en\/peintures-2019-2016\/","og_site_name":"Samuel Perche","article_modified_time":"2024-09-03T12:15:48+00:00","og_image":[{"url":"https:\/\/samuelperche.com\/wp-content\/uploads\/2024\/07\/him-2016-120x180cm-.jpg","type":"","width":"","height":""}],"twitter_card":"summary_large_image","twitter_misc":{"Estimated reading time":"3 minutes"},"schema":{"@context":"https:\/\/schema.org","@graph":[{"@type":"WebPage","@id":"https:\/\/samuelperche.com\/peintures-2019-2016\/","url":"https:\/\/samuelperche.com\/peintures-2019-2016\/","name":"Peintures 2019-2016 &#8211; Samuel Perche","isPartOf":{"@id":"https:\/\/samuelperche.com\/#website"},"primaryImageOfPage":{"@id":"https:\/\/samuelperche.com\/peintures-2019-2016\/#primaryimage"},"image":{"@id":"https:\/\/samuelperche.com\/peintures-2019-2016\/#primaryimage"},"thumbnailUrl":"https:\/\/samuelperche.com\/wp-content\/uploads\/2024\/07\/him-2016-120x180cm-.jpg","datePublished":"2024-07-16T22:28:50+00:00","dateModified":"2024-09-03T12:15:48+00:00","description":"D\u00e9couvrez mes peintures r\u00e9alis\u00e9es de 2016 \u00e0 2019. Samuel Perche, artiste peintre contemporain.","breadcrumb":{"@id":"https:\/\/samuelperche.com\/peintures-2019-2016\/#breadcrumb"},"inLanguage":"en-GB","potentialAction":[{"@type":"ReadAction","target":["https:\/\/samuelperche.com\/peintures-2019-2016\/"]}]},{"@type":"ImageObject","inLanguage":"en-GB","@id":"https:\/\/samuelperche.com\/peintures-2019-2016\/#primaryimage","url":"https:\/\/samuelperche.com\/wp-content\/uploads\/2024\/07\/him-2016-120x180cm-.jpg","contentUrl":"https:\/\/samuelperche.com\/wp-content\/uploads\/2024\/07\/him-2016-120x180cm-.jpg"},{"@type":"BreadcrumbList","@id":"https:\/\/samuelperche.com\/peintures-2019-2016\/#breadcrumb","itemListElement":[{"@type":"ListItem","position":1,"name":"Accueil","item":"https:\/\/samuelperche.com\/"},{"@type":"ListItem","position":2,"name":"2019-2016"}]},{"@type":"WebSite","@id":"https:\/\/samuelperche.com\/#website","url":"https:\/\/samuelperche.com\/","name":"Samuel Perche","description":"Artiste queer","publisher":{"@id":"https:\/\/samuelperche.com\/#\/schema\/person\/89bf2b3a24aec0e915e96350a12fd09c"},"potentialAction":[{"@type":"SearchAction","target":{"@type":"EntryPoint","urlTemplate":"https:\/\/samuelperche.com\/?s={search_term_string}"},"query-input":{"@type":"PropertyValueSpecification","valueRequired":true,"valueName":"search_term_string"}}],"inLanguage":"en-GB"},{"@type":["Person","Organization"],"@id":"https:\/\/samuelperche.com\/#\/schema\/person\/89bf2b3a24aec0e915e96350a12fd09c","name":"Samuel","image":{"@type":"ImageObject","inLanguage":"en-GB","@id":"https:\/\/samuelperche.com\/wp-content\/uploads\/2024\/08\/Sam-photo-Profil-copie.jpg","url":"https:\/\/samuelperche.com\/wp-content\/uploads\/2024\/08\/Sam-photo-Profil-copie.jpg","contentUrl":"https:\/\/samuelperche.com\/wp-content\/uploads\/2024\/08\/Sam-photo-Profil-copie.jpg","width":750,"height":750,"caption":"Samuel"},"logo":{"@id":"https:\/\/samuelperche.com\/wp-content\/uploads\/2024\/08\/Sam-photo-Profil-copie.jpg"},"sameAs":["https:\/\/samuelperche.com"]}]}},"_links":{"self":[{"href":"https:\/\/samuelperche.com\/en\/wp-json\/wp\/v2\/pages\/307","targetHints":{"allow":["GET"]}}],"collection":[{"href":"https:\/\/samuelperche.com\/en\/wp-json\/wp\/v2\/pages"}],"about":[{"href":"https:\/\/samuelperche.com\/en\/wp-json\/wp\/v2\/types\/page"}],"author":[{"embeddable":true,"href":"https:\/\/samuelperche.com\/en\/wp-json\/wp\/v2\/users\/1"}],"replies":[{"embeddable":true,"href":"https:\/\/samuelperche.com\/en\/wp-json\/wp\/v2\/comments?post=307"}],"version-history":[{"count":49,"href":"https:\/\/samuelperche.com\/en\/wp-json\/wp\/v2\/pages\/307\/revisions"}],"predecessor-version":[{"id":2551,"href":"https:\/\/samuelperche.com\/en\/wp-json\/wp\/v2\/pages\/307\/revisions\/2551"}],"wp:attachment":[{"href":"https:\/\/samuelperche.com\/en\/wp-json\/wp\/v2\/media?parent=307"}],"curies":[{"name":"wp","href":"https:\/\/api.w.org\/{rel}","templated":true}]}}