{"id":299,"date":"2024-07-16T22:28:04","date_gmt":"2024-07-16T22:28:04","guid":{"rendered":"https:\/\/samuelperche.com\/?page_id=299"},"modified":"2026-04-21T09:08:24","modified_gmt":"2026-04-21T09:08:24","slug":"biographie","status":"publish","type":"page","link":"https:\/\/samuelperche.com\/en\/biographie\/","title":{"rendered":"Biography"},"content":{"rendered":"<div data-elementor-type=\"wp-page\" data-elementor-id=\"299\" class=\"elementor elementor-299\" data-elementor-post-type=\"page\">\n\t\t\t\t<div class=\"elementor-element elementor-element-214a8c8 e-flex e-con-boxed e-con e-parent\" data-id=\"214a8c8\" data-element_type=\"container\" data-e-type=\"container\">\n\t\t\t\t\t<div class=\"e-con-inner\">\n\t\t<div class=\"elementor-element elementor-element-9939511 e-con-full e-flex e-con e-child\" data-id=\"9939511\" data-element_type=\"container\" data-e-type=\"container\">\n\t\t\t\t<div class=\"elementor-element elementor-element-1515657 elementor-widget elementor-widget-text-editor\" data-id=\"1515657\" data-element_type=\"widget\" data-e-type=\"widget\" data-widget_type=\"text-editor.default\">\n\t\t\t\t<div class=\"elementor-widget-container\">\n\t\t\t\t\t\t\t\t\t<p><em><sup>\u00ab <\/sup><\/em><em>For me, using the word queer is liberating. <\/em><\/p><p><em>It's a word that used to frighten me, but that's no longer the case.<\/em><em><sup>\u00bb<\/sup><\/em><\/p><p><strong>Derek Jarman<\/strong><\/p>\t\t\t\t\t\t\t\t<\/div>\n\t\t\t\t<\/div>\n\t\t\t\t<div class=\"elementor-element elementor-element-fefe8bf elementor-widget elementor-widget-heading\" data-id=\"fefe8bf\" data-element_type=\"widget\" data-e-type=\"widget\" data-widget_type=\"heading.default\">\n\t\t\t\t<div class=\"elementor-widget-container\">\n\t\t\t\t\t<h1 class=\"elementor-heading-title elementor-size-default\">biography<\/h1>\t\t\t\t<\/div>\n\t\t\t\t<\/div>\n\t\t\t\t<div class=\"elementor-element elementor-element-f927ee8 elementor-widget__width-inherit elementor-widget elementor-widget-text-editor\" data-id=\"f927ee8\" data-element_type=\"widget\" data-e-type=\"widget\" data-widget_type=\"text-editor.default\">\n\t\t\t\t<div class=\"elementor-widget-container\">\n\t\t\t\t\t\t\t\t\t<p><em>\" I am a queer artist. <\/em><em>It\u2019s the prism through which everything is viewed that determines my artistic work. A way of deconstructing and repairing<\/em><\/p>\t\t\t\t\t\t\t\t<\/div>\n\t\t\t\t<\/div>\n\t\t\t\t<div class=\"elementor-element elementor-element-b8da7f2 elementor-widget__width-initial elementor-widget elementor-widget-text-editor\" data-id=\"b8da7f2\" data-element_type=\"widget\" data-e-type=\"widget\" data-widget_type=\"text-editor.default\">\n\t\t\t\t<div class=\"elementor-widget-container\">\n\t\t\t\t\t\t\t\t\t<p>First a videographer, then an actor for theater and television, Samuel moved to R\u00e9union Island in 2013. He graduated from the \u00c9cole Sup\u00e9rieure d\u2019Art in 2017 at the age of 37 and began exhibiting his sculptures and paintings, which challenge heroic masculinity. At the same time, he became involved in the fight for LGBTQIA+ rights in the Indian Ocean,  while also contributing to the island\u2019s artistic scene.<\/p><p>Having been interested in the margins from a very young age, he immersed himself in a predominantly literary and theatrical gay culture where identity is portrayed as suffering and struggling against a short-term future. In his artistic world, the body, as a paradigm, interrogates space through its plastic and political form. While identity has long been defined by the body, his sculptures and paintings seek to make visible the silenced aspects of absent bodies and new queer identities. By queering representations of classical physicality, by blurring the boundaries of the realities of the flesh, between critique and homage, the gesture is envisioned as a utopian horizon.<\/p><p>En 2024, iel revient s\u2019installer dans l\u2019h\u00e9xagone et continue son exploration sur la dominance des corps, la virilit\u00e9 et la binarit\u00e9 au-d\u00e9l\u00e0 des identit\u00e9s normatives. Samuel Perche signe d\u00e9sormais sous le pseudonyme de sam\u00b7e.<\/p>\t\t\t\t\t\t\t\t<\/div>\n\t\t\t\t<\/div>\n\t\t\t\t<\/div>\n\t\t<div class=\"elementor-element elementor-element-f691189 e-con-full e-flex e-con e-child\" data-id=\"f691189\" data-element_type=\"container\" data-e-type=\"container\">\n\t\t\t\t<div class=\"elementor-element elementor-element-ddb3ef6 elementor-widget elementor-widget-image\" data-id=\"ddb3ef6\" data-element_type=\"widget\" data-e-type=\"widget\" data-widget_type=\"image.default\">\n\t\t\t\t<div class=\"elementor-widget-container\">\n\t\t\t\t\t\t\t\t\t\t\t\t<figure class=\"wp-caption\">\n\t\t\t\t\t\t\t\t\t\t<img fetchpriority=\"high\" decoding=\"async\" width=\"800\" height=\"1000\" src=\"https:\/\/samuelperche.com\/wp-content\/uploads\/2026\/04\/Sam-By-Bruno-1225-6-1-819x1024.jpg\" class=\"attachment-large size-large wp-image-6430\" alt=\"\" srcset=\"https:\/\/samuelperche.com\/wp-content\/uploads\/2026\/04\/Sam-By-Bruno-1225-6-1-819x1024.jpg 819w, https:\/\/samuelperche.com\/wp-content\/uploads\/2026\/04\/Sam-By-Bruno-1225-6-1-240x300.jpg 240w, https:\/\/samuelperche.com\/wp-content\/uploads\/2026\/04\/Sam-By-Bruno-1225-6-1-768x960.jpg 768w, https:\/\/samuelperche.com\/wp-content\/uploads\/2026\/04\/Sam-By-Bruno-1225-6-1-10x12.jpg 10w, https:\/\/samuelperche.com\/wp-content\/uploads\/2026\/04\/Sam-By-Bruno-1225-6-1-300x375.jpg 300w, https:\/\/samuelperche.com\/wp-content\/uploads\/2026\/04\/Sam-By-Bruno-1225-6-1-600x750.jpg 600w, https:\/\/samuelperche.com\/wp-content\/uploads\/2026\/04\/Sam-By-Bruno-1225-6-1.jpg 945w\" sizes=\"(max-width: 800px) 100vw, 800px\" \/>\t\t\t\t\t\t\t\t\t\t\t<figcaption class=\"widget-image-caption wp-caption-text\">Photograhie : Bruno Geslin<\/figcaption>\n\t\t\t\t\t\t\t\t\t\t<\/figure>\n\t\t\t\t\t\t\t\t\t<\/div>\n\t\t\t\t<\/div>\n\t\t\t\t<\/div>\n\t\t\t\t\t<\/div>\n\t\t\t\t<\/div>\n\t\t<div class=\"elementor-element elementor-element-c26bfc0 e-flex e-con-boxed e-con e-parent\" data-id=\"c26bfc0\" data-element_type=\"container\" data-e-type=\"container\">\n\t\t\t\t\t<div class=\"e-con-inner\">\n\t\t<div class=\"elementor-element elementor-element-6902634 e-con-full e-flex e-con e-child\" data-id=\"6902634\" data-element_type=\"container\" data-e-type=\"container\">\n\t\t\t\t<div class=\"elementor-element elementor-element-6b3a140 elementor-widget__width-inherit elementor-widget elementor-widget-heading\" data-id=\"6b3a140\" data-element_type=\"widget\" data-e-type=\"widget\" data-widget_type=\"heading.default\">\n\t\t\t\t<div class=\"elementor-widget-container\">\n\t\t\t\t\t<h1 class=\"elementor-heading-title elementor-size-default\">approach<\/h1>\t\t\t\t<\/div>\n\t\t\t\t<\/div>\n\t\t\t\t<\/div>\n\t\t\t\t\t<\/div>\n\t\t\t\t<\/div>\n\t\t<div class=\"elementor-element elementor-element-01d8e66 e-flex e-con-boxed e-con e-parent\" data-id=\"01d8e66\" data-element_type=\"container\" data-e-type=\"container\">\n\t\t\t\t\t<div class=\"e-con-inner\">\n\t\t\t\t<div class=\"elementor-element elementor-element-573da36 elementor-widget-mobile__width-inherit elementor-widget elementor-widget-text-editor\" data-id=\"573da36\" data-element_type=\"widget\" data-e-type=\"widget\" data-widget_type=\"text-editor.default\">\n\t\t\t\t<div class=\"elementor-widget-container\">\n\t\t\t\t\t\t\t\t\t<p>In my work, as in my life, I see the body as a means of deconstructing dominant masculinity by representing it, as well as the capacity of forms to produce, maintain, or fracture dominant gender systems. Refuting hegemonic masculinity, as an injunction, is, for me, a gesture that is simultaneously personal, political, and artistic.<\/p><p>Shifting masculinity from the register of domination to that of sensitivity does not mean replacing it with a <em><sup>\u00ab<\/sup><\/em><em>beyond gender<\/em><em><sup>\u00bb<\/sup><\/em>, but rather, it involves challenging it from within, exposing its vulnerabilities by pushing it to its own excesses and breaking points. Occupying space with queer bodies constitutes an act of disobedience against the sexist and gender hierarchies that structure social violence. My work is rooted in this tension: it engages the body as a site of conflict, memory, and resistance. By using historically dominant codes (the masculine body, musculature, monumentality), I seek to disrupt the legibility of a political regime of representation.<\/p><p>The heroic male body, erected since Greco-Roman antiquity as a model of strength, constitutes both an acknowledged starting point and an ambiguous model. Based on personal and communal iconography, it represents a reversal of the stigma - <em><sup>\u00ab<\/sup><\/em><em>from the visual function to its function of making visible<\/em><em><sup>\u00bb<\/sup><\/em><sup>1<\/sup>, I seek to render the body unstable, unsuitable for its normative function, and therefore vulnerable. The nude retains an emancipatory value \u2013 not as provocation, but as a formal anatomical device: it allows us to emphasize muscular and emotional tensions, morphological and social ruptures.<\/p><p>Against the legacy of a muscular body-measure as a surface of authoritarian and conquering power, I propose situated bodies, traversed by their histories and sexualities, activated by drives, collective legacies and movements; bodies marked, cracked by symbolic violence, but never reduced to their traumas: bodies in motion in search of a common balance.<\/p><p>The question of queer collective identity is explored as an unstable and malleable set of bodies in constant recomposition. Traversed by other norms and narratives that allow for the relinquishment of control over its form, this alternative morphology of the body becomes visible. <em><sup>\u00ab<\/sup><\/em><em>une sous-culture par laquelle il devient possible de se r\u00e9approprier ce qu\u2019il nous a \u00e9t\u00e9 interdit de montrer au grand jour.<\/em><em><sup>\u00bb<\/sup><\/em> <sup>2<\/sup><\/p>\t\t\t\t\t\t\t\t<\/div>\n\t\t\t\t<\/div>\n\t\t\t\t\t<\/div>\n\t\t\t\t<\/div>\n\t\t<div class=\"elementor-element elementor-element-d80a536 e-flex e-con-boxed e-con e-parent\" data-id=\"d80a536\" data-element_type=\"container\" data-e-type=\"container\">\n\t\t\t\t\t<div class=\"e-con-inner\">\n\t\t\t\t<div class=\"elementor-element elementor-element-ae12ca2 elementor-widget__width-initial elementor-widget-mobile__width-inherit elementor-widget elementor-widget-text-editor\" data-id=\"ae12ca2\" data-element_type=\"widget\" data-e-type=\"widget\" data-widget_type=\"text-editor.default\">\n\t\t\t\t<div class=\"elementor-widget-container\">\n\t\t\t\t\t\t\t\t\t<p><sup>1<\/sup> Quentin Petit-Dit-Duhal, <em>Art queer : Histoire et th\u00e9orie des repr\u00e9sentations LGBTQIA+, <\/em>Double Ponctuation \u00e9ditions, mars 2024.<\/p><p><sup>2<\/sup> Tal Madesta, <em>D\u00e9sirer \u00e0 tout prix, \u00e9dition<\/em> La Collection sur la table, 2022<\/p>\t\t\t\t\t\t\t\t<\/div>\n\t\t\t\t<\/div>\n\t\t\t\t\t<\/div>\n\t\t\t\t<\/div>\n\t\t\t\t<\/div>","protected":false},"excerpt":{"rendered":"<p>\u00ab Pour moi utiliser le mot queer est une lib\u00e9ration. C\u2019est un mot qui m\u2019effrayait, mais ce n\u2019est plus le cas.\u00bb Derek Jarman biographie \u00ab Je suis un artiste queer. C\u2019est le prisme de tout ce qui d\u00e9termine mon travail artistique. Une fa\u00e7on de d\u00e9construire et de r\u00e9parer.\u00bb D\u2019abord vid\u00e9aste, puis com\u00e9dien pour le th\u00e9\u00e2tre [&hellip;]<\/p>\n","protected":false},"author":1,"featured_media":1675,"parent":0,"menu_order":0,"comment_status":"closed","ping_status":"closed","template":"","meta":{"_monsterinsights_skip_tracking":false,"_monsterinsights_sitenote_active":false,"_monsterinsights_sitenote_note":"","_monsterinsights_sitenote_category":0,"footnotes":""},"class_list":["post-299","page","type-page","status-publish","has-post-thumbnail","hentry"],"yoast_head":"<!-- This site is optimized with the Yoast SEO plugin v27.3 - https:\/\/yoast.com\/product\/yoast-seo-wordpress\/ -->\n<title>Biographie &#8211; Samuel Perche<\/title>\n<meta name=\"description\" content=\"Parcourez la biographie de Samuel Perche, artiste dipl\u00f4m\u00e9 de l&#039;\u00c9cole sup\u00e9rieure d&#039;art. D\u00e9couvrez son parcours unique, de la sc\u00e8ne th\u00e9\u00e2trale \u00e0 l&#039;art contemporain.\" \/>\n<meta name=\"robots\" content=\"index, follow, max-snippet:-1, max-image-preview:large, max-video-preview:-1\" \/>\n<link rel=\"canonical\" href=\"https:\/\/samuelperche.com\/en\/biographie\/\" \/>\n<meta property=\"og:locale\" content=\"en_GB\" \/>\n<meta property=\"og:type\" content=\"article\" \/>\n<meta property=\"og:title\" content=\"Biographie &#8211; Samuel Perche\" \/>\n<meta property=\"og:description\" content=\"Parcourez la biographie de Samuel Perche, artiste dipl\u00f4m\u00e9 de l&#039;\u00c9cole sup\u00e9rieure d&#039;art. D\u00e9couvrez son parcours unique, de la sc\u00e8ne th\u00e9\u00e2trale \u00e0 l&#039;art contemporain.\" \/>\n<meta property=\"og:url\" content=\"https:\/\/samuelperche.com\/en\/biographie\/\" \/>\n<meta property=\"og:site_name\" content=\"Samuel Perche\" \/>\n<meta property=\"article:modified_time\" content=\"2026-04-21T09:08:24+00:00\" \/>\n<meta property=\"og:image\" content=\"https:\/\/samuelperche.com\/wp-content\/uploads\/2024\/08\/Sam-photo-Profil-copie.jpg\" \/>\n\t<meta property=\"og:image:width\" content=\"750\" \/>\n\t<meta property=\"og:image:height\" content=\"750\" \/>\n\t<meta property=\"og:image:type\" content=\"image\/jpeg\" \/>\n<meta name=\"twitter:card\" content=\"summary_large_image\" \/>\n<meta name=\"twitter:label1\" content=\"Estimated reading time\" \/>\n\t<meta name=\"twitter:data1\" content=\"4 minutes\" \/>\n<script type=\"application\/ld+json\" class=\"yoast-schema-graph\">{\"@context\":\"https:\\\/\\\/schema.org\",\"@graph\":[{\"@type\":\"WebPage\",\"@id\":\"https:\\\/\\\/samuelperche.com\\\/biographie\\\/\",\"url\":\"https:\\\/\\\/samuelperche.com\\\/biographie\\\/\",\"name\":\"Biographie &#8211; Samuel Perche\",\"isPartOf\":{\"@id\":\"https:\\\/\\\/samuelperche.com\\\/#website\"},\"primaryImageOfPage\":{\"@id\":\"https:\\\/\\\/samuelperche.com\\\/biographie\\\/#primaryimage\"},\"image\":{\"@id\":\"https:\\\/\\\/samuelperche.com\\\/biographie\\\/#primaryimage\"},\"thumbnailUrl\":\"https:\\\/\\\/samuelperche.com\\\/wp-content\\\/uploads\\\/2024\\\/08\\\/Sam-photo-Profil-copie.jpg\",\"datePublished\":\"2024-07-16T22:28:04+00:00\",\"dateModified\":\"2026-04-21T09:08:24+00:00\",\"description\":\"Parcourez la biographie de Samuel Perche, artiste dipl\u00f4m\u00e9 de l'\u00c9cole sup\u00e9rieure d'art. D\u00e9couvrez son parcours unique, de la sc\u00e8ne th\u00e9\u00e2trale \u00e0 l'art contemporain.\",\"breadcrumb\":{\"@id\":\"https:\\\/\\\/samuelperche.com\\\/biographie\\\/#breadcrumb\"},\"inLanguage\":\"en-GB\",\"potentialAction\":[{\"@type\":\"ReadAction\",\"target\":[\"https:\\\/\\\/samuelperche.com\\\/biographie\\\/\"]}]},{\"@type\":\"ImageObject\",\"inLanguage\":\"en-GB\",\"@id\":\"https:\\\/\\\/samuelperche.com\\\/biographie\\\/#primaryimage\",\"url\":\"https:\\\/\\\/samuelperche.com\\\/wp-content\\\/uploads\\\/2024\\\/08\\\/Sam-photo-Profil-copie.jpg\",\"contentUrl\":\"https:\\\/\\\/samuelperche.com\\\/wp-content\\\/uploads\\\/2024\\\/08\\\/Sam-photo-Profil-copie.jpg\",\"width\":750,\"height\":750},{\"@type\":\"BreadcrumbList\",\"@id\":\"https:\\\/\\\/samuelperche.com\\\/biographie\\\/#breadcrumb\",\"itemListElement\":[{\"@type\":\"ListItem\",\"position\":1,\"name\":\"Accueil\",\"item\":\"https:\\\/\\\/samuelperche.com\\\/\"},{\"@type\":\"ListItem\",\"position\":2,\"name\":\"Biographie\"}]},{\"@type\":\"WebSite\",\"@id\":\"https:\\\/\\\/samuelperche.com\\\/#website\",\"url\":\"https:\\\/\\\/samuelperche.com\\\/\",\"name\":\"Samuel Perche\",\"description\":\"Artiste queer\",\"publisher\":{\"@id\":\"https:\\\/\\\/samuelperche.com\\\/#\\\/schema\\\/person\\\/89bf2b3a24aec0e915e96350a12fd09c\"},\"potentialAction\":[{\"@type\":\"SearchAction\",\"target\":{\"@type\":\"EntryPoint\",\"urlTemplate\":\"https:\\\/\\\/samuelperche.com\\\/?s={search_term_string}\"},\"query-input\":{\"@type\":\"PropertyValueSpecification\",\"valueRequired\":true,\"valueName\":\"search_term_string\"}}],\"inLanguage\":\"en-GB\"},{\"@type\":[\"Person\",\"Organization\"],\"@id\":\"https:\\\/\\\/samuelperche.com\\\/#\\\/schema\\\/person\\\/89bf2b3a24aec0e915e96350a12fd09c\",\"name\":\"Samuel\",\"image\":{\"@type\":\"ImageObject\",\"inLanguage\":\"en-GB\",\"@id\":\"https:\\\/\\\/samuelperche.com\\\/wp-content\\\/uploads\\\/2024\\\/08\\\/Sam-photo-Profil-copie.jpg\",\"url\":\"https:\\\/\\\/samuelperche.com\\\/wp-content\\\/uploads\\\/2024\\\/08\\\/Sam-photo-Profil-copie.jpg\",\"contentUrl\":\"https:\\\/\\\/samuelperche.com\\\/wp-content\\\/uploads\\\/2024\\\/08\\\/Sam-photo-Profil-copie.jpg\",\"width\":750,\"height\":750,\"caption\":\"Samuel\"},\"logo\":{\"@id\":\"https:\\\/\\\/samuelperche.com\\\/wp-content\\\/uploads\\\/2024\\\/08\\\/Sam-photo-Profil-copie.jpg\"},\"sameAs\":[\"https:\\\/\\\/samuelperche.com\"]}]}<\/script>\n<!-- \/ Yoast SEO plugin. -->","yoast_head_json":{"title":"Biographie &#8211; Samuel Perche","description":"Parcourez la biographie de Samuel Perche, artiste dipl\u00f4m\u00e9 de l'\u00c9cole sup\u00e9rieure d'art. D\u00e9couvrez son parcours unique, de la sc\u00e8ne th\u00e9\u00e2trale \u00e0 l'art contemporain.","robots":{"index":"index","follow":"follow","max-snippet":"max-snippet:-1","max-image-preview":"max-image-preview:large","max-video-preview":"max-video-preview:-1"},"canonical":"https:\/\/samuelperche.com\/en\/biographie\/","og_locale":"en_GB","og_type":"article","og_title":"Biographie &#8211; Samuel Perche","og_description":"Parcourez la biographie de Samuel Perche, artiste dipl\u00f4m\u00e9 de l'\u00c9cole sup\u00e9rieure d'art. D\u00e9couvrez son parcours unique, de la sc\u00e8ne th\u00e9\u00e2trale \u00e0 l'art contemporain.","og_url":"https:\/\/samuelperche.com\/en\/biographie\/","og_site_name":"Samuel Perche","article_modified_time":"2026-04-21T09:08:24+00:00","og_image":[{"width":750,"height":750,"url":"https:\/\/samuelperche.com\/wp-content\/uploads\/2024\/08\/Sam-photo-Profil-copie.jpg","type":"image\/jpeg"}],"twitter_card":"summary_large_image","twitter_misc":{"Estimated reading time":"4 minutes"},"schema":{"@context":"https:\/\/schema.org","@graph":[{"@type":"WebPage","@id":"https:\/\/samuelperche.com\/biographie\/","url":"https:\/\/samuelperche.com\/biographie\/","name":"Biographie &#8211; Samuel Perche","isPartOf":{"@id":"https:\/\/samuelperche.com\/#website"},"primaryImageOfPage":{"@id":"https:\/\/samuelperche.com\/biographie\/#primaryimage"},"image":{"@id":"https:\/\/samuelperche.com\/biographie\/#primaryimage"},"thumbnailUrl":"https:\/\/samuelperche.com\/wp-content\/uploads\/2024\/08\/Sam-photo-Profil-copie.jpg","datePublished":"2024-07-16T22:28:04+00:00","dateModified":"2026-04-21T09:08:24+00:00","description":"Parcourez la biographie de Samuel Perche, artiste dipl\u00f4m\u00e9 de l'\u00c9cole sup\u00e9rieure d'art. D\u00e9couvrez son parcours unique, de la sc\u00e8ne th\u00e9\u00e2trale \u00e0 l'art contemporain.","breadcrumb":{"@id":"https:\/\/samuelperche.com\/biographie\/#breadcrumb"},"inLanguage":"en-GB","potentialAction":[{"@type":"ReadAction","target":["https:\/\/samuelperche.com\/biographie\/"]}]},{"@type":"ImageObject","inLanguage":"en-GB","@id":"https:\/\/samuelperche.com\/biographie\/#primaryimage","url":"https:\/\/samuelperche.com\/wp-content\/uploads\/2024\/08\/Sam-photo-Profil-copie.jpg","contentUrl":"https:\/\/samuelperche.com\/wp-content\/uploads\/2024\/08\/Sam-photo-Profil-copie.jpg","width":750,"height":750},{"@type":"BreadcrumbList","@id":"https:\/\/samuelperche.com\/biographie\/#breadcrumb","itemListElement":[{"@type":"ListItem","position":1,"name":"Accueil","item":"https:\/\/samuelperche.com\/"},{"@type":"ListItem","position":2,"name":"Biographie"}]},{"@type":"WebSite","@id":"https:\/\/samuelperche.com\/#website","url":"https:\/\/samuelperche.com\/","name":"Samuel Perche","description":"Artiste queer","publisher":{"@id":"https:\/\/samuelperche.com\/#\/schema\/person\/89bf2b3a24aec0e915e96350a12fd09c"},"potentialAction":[{"@type":"SearchAction","target":{"@type":"EntryPoint","urlTemplate":"https:\/\/samuelperche.com\/?s={search_term_string}"},"query-input":{"@type":"PropertyValueSpecification","valueRequired":true,"valueName":"search_term_string"}}],"inLanguage":"en-GB"},{"@type":["Person","Organization"],"@id":"https:\/\/samuelperche.com\/#\/schema\/person\/89bf2b3a24aec0e915e96350a12fd09c","name":"Samuel","image":{"@type":"ImageObject","inLanguage":"en-GB","@id":"https:\/\/samuelperche.com\/wp-content\/uploads\/2024\/08\/Sam-photo-Profil-copie.jpg","url":"https:\/\/samuelperche.com\/wp-content\/uploads\/2024\/08\/Sam-photo-Profil-copie.jpg","contentUrl":"https:\/\/samuelperche.com\/wp-content\/uploads\/2024\/08\/Sam-photo-Profil-copie.jpg","width":750,"height":750,"caption":"Samuel"},"logo":{"@id":"https:\/\/samuelperche.com\/wp-content\/uploads\/2024\/08\/Sam-photo-Profil-copie.jpg"},"sameAs":["https:\/\/samuelperche.com"]}]}},"_links":{"self":[{"href":"https:\/\/samuelperche.com\/en\/wp-json\/wp\/v2\/pages\/299","targetHints":{"allow":["GET"]}}],"collection":[{"href":"https:\/\/samuelperche.com\/en\/wp-json\/wp\/v2\/pages"}],"about":[{"href":"https:\/\/samuelperche.com\/en\/wp-json\/wp\/v2\/types\/page"}],"author":[{"embeddable":true,"href":"https:\/\/samuelperche.com\/en\/wp-json\/wp\/v2\/users\/1"}],"replies":[{"embeddable":true,"href":"https:\/\/samuelperche.com\/en\/wp-json\/wp\/v2\/comments?post=299"}],"version-history":[{"count":262,"href":"https:\/\/samuelperche.com\/en\/wp-json\/wp\/v2\/pages\/299\/revisions"}],"predecessor-version":[{"id":6847,"href":"https:\/\/samuelperche.com\/en\/wp-json\/wp\/v2\/pages\/299\/revisions\/6847"}],"wp:featuredmedia":[{"embeddable":true,"href":"https:\/\/samuelperche.com\/en\/wp-json\/wp\/v2\/media\/1675"}],"wp:attachment":[{"href":"https:\/\/samuelperche.com\/en\/wp-json\/wp\/v2\/media?parent=299"}],"curies":[{"name":"wp","href":"https:\/\/api.w.org\/{rel}","templated":true}]}}